{"id":2243,"date":"2024-09-16T17:32:03","date_gmt":"2024-09-16T15:32:03","guid":{"rendered":"https:\/\/mid-century-design.com\/vraceni-penez\/"},"modified":"2025-01-04T15:06:55","modified_gmt":"2025-01-04T14:06:55","slug":"vraceni-penez","status":"publish","type":"page","link":"https:\/\/mid-century-design.com\/cs\/vraceni-penez\/","title":{"rendered":"Z\u00e1sady vr\u00e1cen\u00ed pen\u011bz"},"content":{"rendered":"\n<h3 class=\"wp-block-heading\"><strong>Obecn\u00e9 informace<\/strong><\/h3>\n\n<p>Tyto z\u00e1sady vr\u00e1cen\u00ed pen\u011bz plat\u00ed pouze pro zbo\u017e\u00ed zakoupen\u00e9 online.<\/p>\n\n<h3 class=\"wp-block-heading\"><strong>Vr\u00e1cen\u00ed<\/strong><\/h3>\n\n<p>Kupuj\u00edc\u00ed m\u00e1 n\u00e1rok na vr\u00e1cen\u00ed zbo\u017e\u00ed v p\u0159\u00edpad\u011b nesrovnalost\u00ed s obr\u00e1zky v na\u0161em obchod\u011b nebo skryt\u00e9ho po\u0161kozen\u00ed p\u0159i p\u0159eprav\u011b do 14 dn\u016f po obdr\u017een\u00ed zbo\u017e\u00ed. Mus\u00ed b\u00fdt k dispozici \u00fa\u010dtenka nebo doklad o koupi.<br\/>Jednodu\u0161e n\u00e1s kontaktujte na <a href=\"mailto:info@mid-century-design.com\">info@mid-century-design.com<\/a>. <\/p>\n\n<p>V p\u0159\u00edpad\u011b, \u017ee je zbo\u017e\u00ed zas\u00edl\u00e1no do Evropsk\u00e9 unie, lze jej vr\u00e1tit do 14 dn\u016f, a to z jak\u00e9hokoli d\u016fvodu a bez ud\u00e1n\u00ed d\u016fvodu.<\/p>\n\n<p>Aby bylo mo\u017en\u00e9 zbo\u017e\u00ed vr\u00e1tit, mus\u00ed b\u00fdt ve stejn\u00e9m stavu jako p\u0159i n\u00e1kupu.<\/p>\n\n<p>N\u00e1klady na vr\u00e1cen\u00ed nese kupuj\u00edc\u00ed &#8211; s v\u00fdjimkou po\u0161kozen\u00ed p\u0159i p\u0159eprav\u011b, srov. n\u00ed\u017ee.<br\/>V p\u0159\u00edpad\u011b akceptace vr\u00e1cen\u00ed budou podrobnosti o doprav\u011b dohodnuty po vz\u00e1jemn\u00e9 dohod\u011b za p\u0159edpokladu, \u017ee bude zaru\u010dena kvalita dopravy a minimalizov\u00e1ny n\u00e1klady. <\/p>\n\n<p>Zbo\u017e\u00ed by m\u011blo b\u00fdt kontrolov\u00e1no hned p\u0159i p\u0159\u00edjmu. Je-li z\u00e1silka po\u0161kozena, nap\u0159. d\u00edrami nebo natr\u017een\u00edm v obalu, pootev\u0159en\u00fdm obalem nebo mokr\u00fdm obalem, m\u011bl by kupuj\u00edc\u00ed odm\u00edtnout jej\u00ed p\u0159evzet\u00ed. <\/p>\n\n<p>Pokud je polo\u017eka p\u0159ijata a po\u0161kozen\u00ed jsou zji\u0161t\u011bna pozd\u011bji, m\u011bla by b\u00fdt tato po\u0161kozen\u00ed zdokumentov\u00e1na a zasl\u00e1na n\u00e1m co nejd\u0159\u00edve. P\u0159\u00edpad bude vyjasn\u011bn s p\u0159epravn\u00ed spole\u010dnost\u00ed a pokud jsou \u0161kody zp\u016fsobeny p\u0159epravou, n\u00e1klady na vr\u00e1cen\u00ed poneseme my. <\/p>\n\n<h3 class=\"wp-block-heading\"><strong>Vr\u00e1cen\u00ed pen\u011bz<\/strong><\/h3>\n\n<p>Jakmile bude vr\u00e1cen\u00ed p\u0159ijato a zkontrolov\u00e1no, bude kupuj\u00edc\u00ed informov\u00e1n, zda bylo vr\u00e1cen\u00ed pen\u011bz schv\u00e1leno nebo ne. V p\u0159\u00edpad\u011b schv\u00e1len\u00ed bude zaplacen\u00e1 \u010d\u00e1stka vr\u00e1cena p\u016fvodn\u00ed platebn\u00ed metodou do 10 pracovn\u00edch dn\u016f. <\/p>\n\n<p>Vr\u00e1cen\u00ed pen\u011bz nemus\u00ed b\u00fdt schv\u00e1leno, pokud se stav polo\u017eky li\u0161\u00ed od stavu v dob\u011b n\u00e1kupu a nesrovnalosti\/po\u0161kozen\u00ed nevznikly b\u011bhem p\u0159epravy ke kupuj\u00edc\u00edmu. V posledn\u00edm p\u0159\u00edpad\u011b budeme jednat s Kupuj\u00edc\u00edm, abychom na\u0161li oboustrann\u011b p\u0159ijateln\u00e9 \u0159e\u0161en\u00ed. <\/p>\n","protected":false},"excerpt":{"rendered":"<p>Obecn\u00e9 informace Tyto z\u00e1sady vr\u00e1cen\u00ed pen\u011bz plat\u00ed pouze pro zbo\u017e\u00ed zakoupen\u00e9 online. Vr\u00e1cen\u00ed Kupuj\u00edc\u00ed m\u00e1 n\u00e1rok na vr\u00e1cen\u00ed zbo\u017e\u00ed v p\u0159\u00edpad\u011b nesrovnalost\u00ed s obr\u00e1zky v na\u0161em obchod\u011b nebo skryt\u00e9ho po\u0161kozen\u00ed p\u0159i p\u0159eprav\u011b do 14 dn\u016f po obdr\u017een\u00ed zbo\u017e\u00ed. Mus\u00ed b\u00fdt k dispozici \u00fa\u010dtenka nebo doklad o koupi.Jednodu\u0161e n\u00e1s kontaktujte na info@mid-century-design.com. V p\u0159\u00edpad\u011b, \u017ee je [&hellip;]<\/p>\n","protected":false},"author":1,"featured_media":0,"parent":0,"menu_order":0,"comment_status":"closed","ping_status":"closed","template":"","meta":{"footnotes":""},"class_list":["post-2243","page","type-page","status-publish","hentry"],"_links":{"self":[{"href":"https:\/\/mid-century-design.com\/cs\/wp-json\/wp\/v2\/pages\/2243","targetHints":{"allow":["GET"]}}],"collection":[{"href":"https:\/\/mid-century-design.com\/cs\/wp-json\/wp\/v2\/pages"}],"about":[{"href":"https:\/\/mid-century-design.com\/cs\/wp-json\/wp\/v2\/types\/page"}],"author":[{"embeddable":true,"href":"https:\/\/mid-century-design.com\/cs\/wp-json\/wp\/v2\/users\/1"}],"replies":[{"embeddable":true,"href":"https:\/\/mid-century-design.com\/cs\/wp-json\/wp\/v2\/comments?post=2243"}],"version-history":[{"count":1,"href":"https:\/\/mid-century-design.com\/cs\/wp-json\/wp\/v2\/pages\/2243\/revisions"}],"predecessor-version":[{"id":2244,"href":"https:\/\/mid-century-design.com\/cs\/wp-json\/wp\/v2\/pages\/2243\/revisions\/2244"}],"wp:attachment":[{"href":"https:\/\/mid-century-design.com\/cs\/wp-json\/wp\/v2\/media?parent=2243"}],"curies":[{"name":"wp","href":"https:\/\/api.w.org\/{rel}","templated":true}]}}