{"id":2239,"date":"2024-09-12T11:34:27","date_gmt":"2024-09-12T09:34:27","guid":{"rendered":"https:\/\/mid-century-design.com\/smluvni-podminky\/"},"modified":"2025-09-01T10:48:48","modified_gmt":"2025-09-01T08:48:48","slug":"smluvni-podminky","status":"publish","type":"page","link":"https:\/\/mid-century-design.com\/cs\/smluvni-podminky\/","title":{"rendered":"Smluvn\u00ed podm\u00ednky"},"content":{"rendered":"\n<h3 class=\"wp-block-heading\"><strong>\u00davod<\/strong><br\/><\/h3>\n\n<p>N\u00e1v\u0161t\u011bvou na\u0161ich webov\u00fdch str\u00e1nek a\/nebo zakoupen\u00edm jak\u00e9hokoli produktu \u010di slu\u017eby od n\u00e1s se st\u00e1v\u00e1te \u00fa\u010dastn\u00edkem na\u0161\u00ed \u201eSlu\u017eby\u201c a souhlas\u00edte s t\u00edm, \u017ee budete v\u00e1z\u00e1ni n\u00e1sleduj\u00edc\u00edmi podm\u00ednkami (\u201ePodm\u00ednky\u201c), v\u010detn\u011b dodate\u010dn\u00fdch podm\u00ednek a z\u00e1sad uveden\u00fdch zde. Tyto Podm\u00ednky se vztahuj\u00ed na v\u0161echny u\u017eivatele webov\u00fdch str\u00e1nek, v\u010detn\u011b, ale nejen, prohl\u00ed\u017ee\u010d\u016f, dodavatel\u016f, z\u00e1kazn\u00edk\u016f a obchodn\u00edk\u016f. <br\/><br\/>P\u0159ed p\u0159\u00edstupem k na\u0161im webov\u00fdm str\u00e1nk\u00e1m nebo jejich pou\u017eit\u00edm si pros\u00edm pe\u010dliv\u011b p\u0159e\u010dt\u011bte tyto Podm\u00ednky. <br\/>P\u0159\u00edstupem k jak\u00e9koli \u010d\u00e1sti webov\u00fdch str\u00e1nek nebo jejich pou\u017eit\u00edm souhlas\u00edte s t\u011bmito Podm\u00ednkami.<\/p>\n\n<p>Jak\u00e9koli nov\u00e9 funkce nebo n\u00e1stroje p\u0159idan\u00e9 do aktu\u00e1ln\u00edho obchodu budou tak\u00e9 podl\u00e9hat t\u011bmto Podm\u00ednk\u00e1m. <br\/>Vyhrazujeme si pr\u00e1vo aktualizovat, m\u011bnit nebo nahradit jakoukoli \u010d\u00e1st t\u011bchto Podm\u00ednek zve\u0159ejn\u011bn\u00edm aktualizac\u00ed a\/nebo zm\u011bn na na\u0161ich webov\u00fdch str\u00e1nk\u00e1ch.<br\/>Je va\u0161\u00ed odpov\u011bdnost\u00ed pravideln\u011b kontrolovat tuto str\u00e1nku pro p\u0159\u00edpadn\u00e9 zm\u011bny.<\/p>\n\n<h3 class=\"wp-block-heading\"><strong>Obecn\u00e9 podm\u00ednky <\/strong><strong><\/strong><\/h3>\n\n<p>P\u0159ijet\u00edm t\u011bchto podm\u00ednek potvrzujete, \u017ee jste dos\u00e1hli v\u011bku plnoletosti ve va\u0161em st\u00e1t\u011b. <br\/>Na\u0161e produkty nesm\u00edte pou\u017e\u00edvat k \u017e\u00e1dn\u00e9mu neleg\u00e1ln\u00edmu nebo neopr\u00e1vn\u011bn\u00e9mu \u00fa\u010delu, ani p\u0159i pou\u017e\u00edv\u00e1n\u00ed slu\u017eby nesm\u00edte poru\u0161ovat \u017e\u00e1dn\u00e9 platn\u00e9 z\u00e1kony, nap\u0159\u00edklad z\u00e1kony o autorsk\u00fdch pr\u00e1vech.<\/p>\n\n<p>Vyhrazujeme si pr\u00e1vo odm\u00edtnout poskytnut\u00ed slu\u017eby komukoli z jak\u00e9hokoli d\u016fvodu a kdykoli.<\/p>\n\n<p>Reprodukce, kop\u00edrov\u00e1n\u00ed, prodej, dal\u0161\u00ed prodej nebo jin\u00e9 vyu\u017e\u00edv\u00e1n\u00ed t\u00e9to slu\u017eby nebo jej\u00ed \u010d\u00e1sti, stejn\u011b jako jak\u00fdkoli kontakt na webov\u00fdch str\u00e1nk\u00e1ch, vy\u017eaduje na\u0161e p\u0159edchoz\u00ed p\u00edsemn\u00e9 povolen\u00ed.<\/p>\n\n<h3 class=\"wp-block-heading\"><strong>V\u0161eobecn\u00e9 informace<\/strong><strong><\/strong><\/h3>\n\n<p>Materi\u00e1ly na t\u00e9to str\u00e1nce jsou poskytov\u00e1ny pouze pro obecn\u00e9 informa\u010dn\u00ed \u00fa\u010dely a nem\u011bly by b\u00fdt pova\u017eov\u00e1ny za jedin\u00fd z\u00e1klad pro rozhodov\u00e1n\u00ed.<br\/>Ve\u0161ker\u00e9 spol\u00e9h\u00e1n\u00ed se na materi\u00e1ly na t\u00e9to str\u00e1nce je na va\u0161e vlastn\u00ed riziko.<br\/>Historick\u00e9 informace jsou poskytov\u00e1ny pouze pro va\u0161i referenci.<\/p>\n\n<p>Pou\u017e\u00edv\u00e1n\u00ed informac\u00ed dostupn\u00fdch nebo poskytovan\u00fdch n\u00e1mi, a\u0165 u\u017e online, e-mailem, po\u0161tou nebo jinak, je pouze pro osobn\u00ed \u00fa\u010dely. <br\/>Budete pln\u011b zodpov\u011bdn\u00ed za zp\u0159\u00edstupn\u011bn\u00ed, p\u0159epos\u00edl\u00e1n\u00ed, kop\u00edrov\u00e1n\u00ed, publikov\u00e1n\u00ed, distribuci, p\u0159eklad nebo jin\u00e9 pou\u017e\u00edv\u00e1n\u00ed t\u011bchto informac\u00ed ne\u017e pro osobn\u00ed pot\u0159eby.<\/p>\n\n<p>Informace o platebn\u00ed kart\u011b jsou \u0161ifrov\u00e1ny, v\u0161echny ostatn\u00ed informace mohou b\u00fdt p\u0159en\u00e1\u0161eny ne\u0161ifrovan\u00e9<\/p>\n\n<h3 class=\"wp-block-heading\"><strong>Produkty<\/strong><strong><\/strong><\/h3>\n\n<p>Vynalo\u017eili jsme ve\u0161ker\u00e9 \u00fasil\u00ed, aby barvy a obr\u00e1zky na\u0161ich produkt\u016f v obchod\u011b byly zobrazeny co nejp\u0159esn\u011bji, av\u0161ak zobrazen\u00ed na displeji\/monitoru va\u0161eho elektronick\u00e9ho za\u0159\u00edzen\u00ed se m\u016f\u017ee li\u0161it od skute\u010dn\u00e9ho objektu. <br\/>Produkty, kter\u00e9 jsou v\u00e1m dod\u00e1ny prost\u0159ednictv\u00edm slu\u017eby, jsou poskytov\u00e1ny \u201etak, jak jsou\u201c a \u201ejak jsou dostupn\u00e9\u201c.<\/p>\n\n<p>Ceny jsou ex V\u00edde\u0148 (Rakousko). <br\/>N\u00e1klady na doru\u010den\u00ed na vy\u017e\u00e1d\u00e1n\u00ed.<br\/>V\u0161echny popisy produkt\u016f a ceny produkt\u016f mohou b\u00fdt kdykoli zm\u011bn\u011bny bez p\u0159edchoz\u00edho upozorn\u011bn\u00ed podle na\u0161eho v\u00fdhradn\u00edho uv\u00e1\u017een\u00ed.<\/p>\n\n<p>Vyhrazujeme si pr\u00e1vo omezit prodej na\u0161ich produkt\u016f nebo slu\u017eeb jak\u00e9koli osob\u011b, geografick\u00e9 oblasti nebo jurisdikci, co\u017e m\u016f\u017ee b\u00fdt provedeno p\u0159\u00edpad od p\u0159\u00edpadu podle na\u0161eho v\u00fdhradn\u00edho uv\u00e1\u017een\u00ed.<\/p>\n\n<p>Nezaru\u010dujeme, \u017ee kvalita jak\u00fdchkoli produkt\u016f, slu\u017eeb, informac\u00ed nebo jin\u00e9ho materi\u00e1lu zakoupen\u00e9ho nebo z\u00edskan\u00e9ho v\u00e1mi spln\u00ed va\u0161e o\u010dek\u00e1v\u00e1n\u00ed.<\/p>\n\n<p>Ur\u010dit\u00e9 produkty nebo slu\u017eby mohou b\u00fdt dostupn\u00e9 v\u00fdhradn\u011b online prost\u0159ednictv\u00edm webov\u00fdch str\u00e1nek a podl\u00e9haj\u00ed vr\u00e1cen\u00ed nebo v\u00fdm\u011bn\u011b pouze podle na\u0161\u00ed Politiky vr\u00e1cen\u00ed.<\/p>\n\n<h3 class=\"wp-block-heading\"><strong>Platba<\/strong><\/h3>\n\n<p>Produkty lze zakoupit p\u0159evodem p\u0159edem na bankovn\u00ed \u00fa\u010det, o kter\u00e9m budete informov\u00e1ni, nebo hotov\u011b p\u0159i osobn\u00edm odb\u011bru.<\/p>\n\n<h3 class=\"wp-block-heading\"><strong>Prohl\u00e1\u0161en\u00ed o vylou\u010den\u00ed z\u00e1ruk<\/strong><strong><\/strong><\/h3>\n\n<p>Neposkytujeme \u017e\u00e1dnou z\u00e1ruku, \u017ee pou\u017e\u00edv\u00e1n\u00ed na\u0161\u00ed Slu\u017eby bude nep\u0159eru\u0161ovan\u00e9, v\u010dasn\u00e9, bezpe\u010dn\u00e9 nebo bezchybn\u00e9. <br\/>V\u00fdslovn\u011b souhlas\u00edte s t\u00edm, \u017ee pou\u017e\u00edv\u00e1n\u00ed nebo neschopnost pou\u017e\u00edvat Slu\u017ebu je na va\u0161e vlastn\u00ed riziko.<\/p>\n\n<p>Slu\u017eba a v\u0161echny produkty a slu\u017eby dodan\u00e9 v\u00e1m prost\u0159ednictv\u00edm Slu\u017eby jsou poskytov\u00e1ny \u201etak, jak jsou\u201c a \u201ejak jsou dostupn\u00e9\u201c, bez jak\u00e9hokoli zastoupen\u00ed, z\u00e1ruk nebo podm\u00ednek jak\u00e9hokoli druhu, v\u00fdslovn\u00fdch \u010di p\u0159edpokl\u00e1dan\u00fdch, v\u010detn\u011b v\u0161ech p\u0159edpokl\u00e1dan\u00fdch z\u00e1ruk nebo podm\u00ednek obchodovatelnosti, obchodn\u00ed kvality, vhodnosti pro konkr\u00e9tn\u00ed \u00fa\u010del, trvanlivosti, titulu a neporu\u0161ov\u00e1n\u00ed pr\u00e1v.<\/p>\n\n<p>V \u017e\u00e1dn\u00e9m p\u0159\u00edpad\u011b nebudeme odpov\u011bdn\u00ed za jak\u00e9koli zran\u011bn\u00ed, ztr\u00e1tu, n\u00e1rok nebo jak\u00e9koli p\u0159\u00edm\u00e9, nep\u0159\u00edm\u00e9, n\u00e1hodn\u00e9, trestn\u00ed, zvl\u00e1\u0161tn\u00ed \u010di n\u00e1sledn\u00e9 \u0161kody jak\u00e9hokoli druhu, v\u010detn\u011b, bez omezen\u00ed, ztr\u00e1ty zisk\u016f, p\u0159\u00edjm\u016f, \u00faspor, dat, n\u00e1klad\u016f na n\u00e1hradn\u00ed produkty nebo jak\u00e9koli podobn\u00e9 \u0161kody, a\u0165 u\u017e na z\u00e1klad\u011b smlouvy, deliktu nebo jinak, vznikl\u00e9 z va\u0161eho pou\u017e\u00edv\u00e1n\u00ed jak\u00e9koli \u010d\u00e1sti Slu\u017eby nebo jak\u00fdchkoli produkt\u016f z\u00edskan\u00fdch prost\u0159ednictv\u00edm Slu\u017eby, nebo za jak\u00fdkoli jin\u00fd n\u00e1rok souvisej\u00edc\u00ed s va\u0161\u00edm pou\u017e\u00edv\u00e1n\u00edm Slu\u017eby nebo jak\u00e9hokoli produktu.<\/p>\n\n<h3 class=\"wp-block-heading\"><strong>Od\u0161kodn\u011bn\u00ed<\/strong><\/h3>\n\n<p>Souhlas\u00edte s t\u00edm, \u017ee budete od\u0161kod\u0148ovat, br\u00e1nit a chr\u00e1nit mid-century-design.com a na\u0161e p\u0159idru\u017een\u00e9 spole\u010dnosti, partnery, \u00fa\u0159edn\u00edky, \u0159editele, agenty, dodavatele, poskytovatele licenc\u00ed, poskytovatele slu\u017eeb, subdodavatele, dodavatele, st\u00e1\u017eisty a zam\u011bstnance p\u0159ed jak\u00fdmkoli n\u00e1rokem nebo po\u017eadavkem, v\u010detn\u011b p\u0159im\u011b\u0159en\u00fdch poplatk\u016f za pr\u00e1vn\u00ed zastoupen\u00ed, vznesen\u00fdm jakoukoli t\u0159et\u00ed stranou v d\u016fsledku va\u0161eho poru\u0161en\u00ed t\u011bchto Podm\u00ednek nebo jak\u00fdchkoli dokument\u016f, kter\u00e9 jsou zde zahrnuty odkazem, nebo va\u0161eho poru\u0161en\u00ed jak\u00e9hokoli z\u00e1kona nebo pr\u00e1v t\u0159et\u00ed strany.<br\/><\/p>\n\n<h3 class=\"wp-block-heading\"><strong>Rozhodn\u00e9 pr\u00e1vo<\/strong><strong><\/strong><\/h3>\n\n<p>Tyto podm\u00ednky a jak\u00e9koli samostatn\u00e9 dohody, kter\u00fdmi v\u00e1m poskytujeme slu\u017eby, se budou \u0159\u00eddit a vykl\u00e1dat v souladu s pr\u00e1vn\u00edmi p\u0159edpisy Rakouska.<\/p>\n\n<h3 class=\"wp-block-heading\"><strong>Kontakt<\/strong><\/h3>\n\n<p>Dotazy na smluvn\u00ed podm\u00ednky zas\u00edlejte na adresu:<br\/><a href=\"mailto:info@mid-century-design.com\">info@mid-century-design.com<\/a>.<\/p>\n","protected":false},"excerpt":{"rendered":"<p>\u00davod N\u00e1v\u0161t\u011bvou na\u0161ich webov\u00fdch str\u00e1nek a\/nebo zakoupen\u00edm jak\u00e9hokoli produktu \u010di slu\u017eby od n\u00e1s se st\u00e1v\u00e1te \u00fa\u010dastn\u00edkem na\u0161\u00ed \u201eSlu\u017eby\u201c a souhlas\u00edte s t\u00edm, \u017ee budete v\u00e1z\u00e1ni n\u00e1sleduj\u00edc\u00edmi podm\u00ednkami (\u201ePodm\u00ednky\u201c), v\u010detn\u011b dodate\u010dn\u00fdch podm\u00ednek a z\u00e1sad uveden\u00fdch zde. Tyto Podm\u00ednky se vztahuj\u00ed na v\u0161echny u\u017eivatele webov\u00fdch str\u00e1nek, v\u010detn\u011b, ale nejen, prohl\u00ed\u017ee\u010d\u016f, dodavatel\u016f, z\u00e1kazn\u00edk\u016f a obchodn\u00edk\u016f. P\u0159ed p\u0159\u00edstupem k [&hellip;]<\/p>\n","protected":false},"author":1,"featured_media":0,"parent":0,"menu_order":0,"comment_status":"closed","ping_status":"closed","template":"","meta":{"footnotes":""},"class_list":["post-2239","page","type-page","status-publish","hentry"],"_links":{"self":[{"href":"https:\/\/mid-century-design.com\/cs\/wp-json\/wp\/v2\/pages\/2239","targetHints":{"allow":["GET"]}}],"collection":[{"href":"https:\/\/mid-century-design.com\/cs\/wp-json\/wp\/v2\/pages"}],"about":[{"href":"https:\/\/mid-century-design.com\/cs\/wp-json\/wp\/v2\/types\/page"}],"author":[{"embeddable":true,"href":"https:\/\/mid-century-design.com\/cs\/wp-json\/wp\/v2\/users\/1"}],"replies":[{"embeddable":true,"href":"https:\/\/mid-century-design.com\/cs\/wp-json\/wp\/v2\/comments?post=2239"}],"version-history":[{"count":2,"href":"https:\/\/mid-century-design.com\/cs\/wp-json\/wp\/v2\/pages\/2239\/revisions"}],"predecessor-version":[{"id":3201,"href":"https:\/\/mid-century-design.com\/cs\/wp-json\/wp\/v2\/pages\/2239\/revisions\/3201"}],"wp:attachment":[{"href":"https:\/\/mid-century-design.com\/cs\/wp-json\/wp\/v2\/media?parent=2239"}],"curies":[{"name":"wp","href":"https:\/\/api.w.org\/{rel}","templated":true}]}}