{"id":2188,"date":"2024-09-07T10:47:00","date_gmt":"2024-09-07T08:47:00","guid":{"rendered":"https:\/\/mid-century-design.com\/mucke-melder\/"},"modified":"2024-12-28T18:13:01","modified_gmt":"2024-12-28T17:13:01","slug":"mucke-melder","status":"publish","type":"page","link":"https:\/\/mid-century-design.com\/cs\/mucke-melder\/","title":{"rendered":"M\u00fccke-Melder"},"content":{"rendered":"\n<div class=\"wp-block-group is-layout-flow wp-block-group-is-layout-flow\">\n<p>Spole\u010dnost M\u00fccke-Melder se s\u00eddlem ve V\u00edtkovic\u00edch, nyn\u00ed \u010cesk\u00e1 republika, byla zalo\u017eena v roce 1915 slou\u010den\u00edm tov\u00e1rny na dr\u00e1t\u011bn\u00e9 zbo\u017e\u00ed Emila M\u00fcckeho v Moravsk\u00e9 Ostrav\u011b s \u017eelez\u00e1\u0159stv\u00edm Hugo Meldera ve V\u00edtkovic\u00edch. Firma zpracov\u00e1vala \u017eelezo, dr\u00e1t a plech. V roce 1923 p\u0159ibyla v P\u0159\u00edvoze tov\u00e1rna na \u017eelezn\u00fd a mosazn\u00fd n\u00e1bytek.  <\/p>\n\n\n\n<p>Spole\u010dnost M\u00fccke-Melder za\u010dala vyr\u00e1b\u011bt n\u00e1bytek z poniklovan\u00fdch a pochromovan\u00fdch ocelov\u00fdch trubek v roce 1928.<\/p>\n\n\n\n<p>V lednu 1933 Hugo Melder p\u0159esunul s\u00eddlo firmy z V\u00edtkovic do Fry\u0161t\u00e1tu (dnes Karvin\u00e1). Od t\u00e9 doby vedl firmu s\u00e1m, ale zab\u011bhl\u00e9 obchodn\u00ed jm\u00e9no M\u00fccke-Melder nezm\u011bnil. <\/p>\n\n\n\n<p>Zam\u011b\u0159il se na v\u00fdrobu kovov\u00e9ho n\u00e1bytku v\u010detn\u011b model\u016f Thonet.<\/p>\n\n\n\n<p>B\u011bhem druh\u00e9 sv\u011btov\u00e9 v\u00e1lky z\u00e1vod vyr\u00e1b\u011bl i pro n\u011bmeck\u00fd Wehrmacht. V roce 1940 koupil Hugo Melder v r\u00e1mci tzv. Sudetenarisierung tov\u00e1rnu na oh\u00fdban\u00fd n\u00e1bytek Fischel v Mimoni, kde n\u00e1sledn\u011b vyr\u00e1b\u011bl d\u0159ev\u011bn\u00e9 vrtule pro letadla Luftwaffe. <\/p>\n\n\n\n<p>Podnik byl zn\u00e1rodn\u011bn v \u0159\u00edjnu 1945. Z\u00e1vody ve Fry\u0161t\u00e1t\u011b byly za\u0159azeny pod n\u00e1rodn\u00ed podnik Kovona Karvin\u00e1 a b\u00fdval\u00fd podnik Fischel Thonet v Byst\u0159ici pod Host\u00fdnem (pozd\u011bji n\u00e1rodn\u00ed podnik Ton). <em><s><\/s><\/em><\/p>\n<\/div>\n","protected":false},"excerpt":{"rendered":"<p>Spole\u010dnost M\u00fccke-Melder se s\u00eddlem ve V\u00edtkovic\u00edch, nyn\u00ed \u010cesk\u00e1 republika, byla zalo\u017eena v roce 1915 slou\u010den\u00edm tov\u00e1rny na dr\u00e1t\u011bn\u00e9 zbo\u017e\u00ed Emila M\u00fcckeho v Moravsk\u00e9 Ostrav\u011b s \u017eelez\u00e1\u0159stv\u00edm Hugo Meldera ve V\u00edtkovic\u00edch. Firma zpracov\u00e1vala \u017eelezo, dr\u00e1t a plech. V roce 1923 p\u0159ibyla v P\u0159\u00edvoze tov\u00e1rna na \u017eelezn\u00fd a mosazn\u00fd n\u00e1bytek. Spole\u010dnost M\u00fccke-Melder za\u010dala vyr\u00e1b\u011bt n\u00e1bytek z poniklovan\u00fdch [&hellip;]<\/p>\n","protected":false},"author":1,"featured_media":0,"parent":0,"menu_order":0,"comment_status":"closed","ping_status":"closed","template":"","meta":{"footnotes":""},"class_list":["post-2188","page","type-page","status-publish","hentry"],"_links":{"self":[{"href":"https:\/\/mid-century-design.com\/cs\/wp-json\/wp\/v2\/pages\/2188","targetHints":{"allow":["GET"]}}],"collection":[{"href":"https:\/\/mid-century-design.com\/cs\/wp-json\/wp\/v2\/pages"}],"about":[{"href":"https:\/\/mid-century-design.com\/cs\/wp-json\/wp\/v2\/types\/page"}],"author":[{"embeddable":true,"href":"https:\/\/mid-century-design.com\/cs\/wp-json\/wp\/v2\/users\/1"}],"replies":[{"embeddable":true,"href":"https:\/\/mid-century-design.com\/cs\/wp-json\/wp\/v2\/comments?post=2188"}],"version-history":[{"count":1,"href":"https:\/\/mid-century-design.com\/cs\/wp-json\/wp\/v2\/pages\/2188\/revisions"}],"predecessor-version":[{"id":2189,"href":"https:\/\/mid-century-design.com\/cs\/wp-json\/wp\/v2\/pages\/2188\/revisions\/2189"}],"wp:attachment":[{"href":"https:\/\/mid-century-design.com\/cs\/wp-json\/wp\/v2\/media?parent=2188"}],"curies":[{"name":"wp","href":"https:\/\/api.w.org\/{rel}","templated":true}]}}