{"id":2182,"date":"2024-08-30T10:42:39","date_gmt":"2024-08-30T08:42:39","guid":{"rendered":"https:\/\/mid-century-design.com\/karel-kozelka\/"},"modified":"2024-12-28T17:00:22","modified_gmt":"2024-12-28T16:00:22","slug":"karel-kozelka","status":"publish","type":"page","link":"https:\/\/mid-century-design.com\/cs\/karel-kozelka\/","title":{"rendered":"Karel Ko\u017eelka (1909-1992)"},"content":{"rendered":"\n<p>Karel Ko\u017eelka byl \u010desk\u00fd architekt, urbanista a design\u00e9r.<\/p>\n\n<p>Studoval na Vysok\u00e9 \u0161kole um\u011bleckopr\u016fmyslov\u00e9 v Praze (UMPRUM) v ateli\u00e9ru architektury Pavla Jan\u00e1ka a promoval v roce 1933.. <br\/>Po studi\u00edch vstoupil do Svazu \u010deskoslovensk\u00e9ho d\u00edla (S\u010cSD), kde do roku 1948 p\u016fsobil jako komisa\u0159.. <br\/>V\u011bnoval se tak\u00e9 teoretick\u00e9 pr\u00e1ci a publikoval \u010dl\u00e1nky t\u00fdkaj\u00edc\u00ed se bytov\u00e9ho n\u00e1bytku, zejm\u00e9na sedac\u00edch souprav.<\/p>\n\n<p>Pot\u00e9 se stal tajemn\u00edkem a n\u00e1sledn\u011b vedouc\u00edm O\u017eivovac\u00edho odd\u011blen\u00ed \u00dast\u0159ed\u00ed lidov\u00e9 um\u011bleck\u00e9 v\u00fdroby ( \u00daLUV).<br\/>V roce 1955 se stal \u0159editelem Dru\u017estevn\u00ed pr\u00e1ce.<\/p>\n\n<p>V roce 1944 navrhl spole\u010dn\u011b s Anton\u00ednem Krop\u00e1\u010dkem soubor dvou k\u0159esel a kulat\u00e9ho stolu, kter\u00fd z\u00edskal v roce 1946 st\u0159\u00edbrnou medaili na trien\u00e1le v Mil\u00e1n\u011b. Soubor byl navr\u017een v roce 1944 pro \u010cesk\u00e9 um\u011bleck\u00e9 d\u00edlny.<\/p>\n\n<p>Je autorem minimalistick\u00e9 d\u0159ev\u011bn\u00e9 chaty, kterou jako p\u0159edlohu pou\u017eil Svaz \u010desk\u00fdch d\u011bl.<br\/>Navrhl ji ve spolupr\u00e1ci s architektem Lu\u010fkem Kube\u0161em v roce 1941.<\/p>\n","protected":false},"excerpt":{"rendered":"<p>Karel Ko\u017eelka byl \u010desk\u00fd architekt, urbanista a design\u00e9r. Studoval na Vysok\u00e9 \u0161kole um\u011bleckopr\u016fmyslov\u00e9 v Praze (UMPRUM) v ateli\u00e9ru architektury Pavla Jan\u00e1ka a promoval v roce 1933.. Po studi\u00edch vstoupil do Svazu \u010deskoslovensk\u00e9ho d\u00edla (S\u010cSD), kde do roku 1948 p\u016fsobil jako komisa\u0159.. V\u011bnoval se tak\u00e9 teoretick\u00e9 pr\u00e1ci a publikoval \u010dl\u00e1nky t\u00fdkaj\u00edc\u00ed se bytov\u00e9ho n\u00e1bytku, zejm\u00e9na sedac\u00edch [&hellip;]<\/p>\n","protected":false},"author":1,"featured_media":0,"parent":0,"menu_order":0,"comment_status":"closed","ping_status":"closed","template":"","meta":{"footnotes":""},"class_list":["post-2182","page","type-page","status-publish","hentry"],"_links":{"self":[{"href":"https:\/\/mid-century-design.com\/cs\/wp-json\/wp\/v2\/pages\/2182","targetHints":{"allow":["GET"]}}],"collection":[{"href":"https:\/\/mid-century-design.com\/cs\/wp-json\/wp\/v2\/pages"}],"about":[{"href":"https:\/\/mid-century-design.com\/cs\/wp-json\/wp\/v2\/types\/page"}],"author":[{"embeddable":true,"href":"https:\/\/mid-century-design.com\/cs\/wp-json\/wp\/v2\/users\/1"}],"replies":[{"embeddable":true,"href":"https:\/\/mid-century-design.com\/cs\/wp-json\/wp\/v2\/comments?post=2182"}],"version-history":[{"count":1,"href":"https:\/\/mid-century-design.com\/cs\/wp-json\/wp\/v2\/pages\/2182\/revisions"}],"predecessor-version":[{"id":2183,"href":"https:\/\/mid-century-design.com\/cs\/wp-json\/wp\/v2\/pages\/2182\/revisions\/2183"}],"wp:attachment":[{"href":"https:\/\/mid-century-design.com\/cs\/wp-json\/wp\/v2\/media?parent=2182"}],"curies":[{"name":"wp","href":"https:\/\/api.w.org\/{rel}","templated":true}]}}