{"id":2176,"date":"2024-08-15T09:12:05","date_gmt":"2024-08-15T07:12:05","guid":{"rendered":"https:\/\/mid-century-design.com\/ton\/"},"modified":"2024-12-28T15:45:26","modified_gmt":"2024-12-28T14:45:26","slug":"ton","status":"publish","type":"page","link":"https:\/\/mid-century-design.com\/cs\/ton\/","title":{"rendered":"TON"},"content":{"rendered":"\n<div class=\"wp-block-group is-layout-flow wp-block-group-is-layout-flow\">\n<p>TON je \u010desk\u00e1 n\u00e1bytk\u00e1\u0159sk\u00e1 spole\u010dnost se s\u00eddlem v Byst\u0159ici pod Host\u00fdnem. Je proslul\u00e1 svou technologi\u00ed ru\u010dn\u00edho oh\u00fdb\u00e1n\u00ed d\u0159eva, kter\u00e1 se na tomto m\u00edst\u011b pou\u017e\u00edv\u00e1 ji\u017e od roku 1861. Provoz tov\u00e1rny na oh\u00fdban\u00fd n\u00e1bytek zah\u00e1jil v Byst\u0159ici pod Host\u00fdnem v roce 1861 Michael Thonet. P\u016fvodn\u00ed n\u00e1zev byl Gebr\u00fcder Thonet. Tento n\u00e1zev byl v platnosti od roku 1853.   <\/p>\n\n\n\n<p>Prvn\u00ed sv\u011btov\u00e1 v\u00e1lka v\u0161ak p\u0159inesla hospod\u00e1\u0159skou krizi, kter\u00e1 vedla v roce 1924 ke slou\u010den\u00ed s akciovou spole\u010dnost\u00ed Kohn-Mundus a zm\u011bn\u011b n\u00e1zvu na Thonet-Mundus. Vznikl\u00fd mezin\u00e1rodn\u00ed koncern fungoval a\u017e do roku 1940, kdy jej p\u0159evzal spr\u00e1vce jmenovan\u00fd \u0159\u00ed\u0161sk\u00fdm protektorem. Po druh\u00e9 sv\u011btov\u00e9 v\u00e1lce byl z\u00e1vod zn\u00e1rodn\u011bn a 7. b\u0159ezna 1946 se v\u00fdnosem ministerstva pr\u016fmyslu Thonet stal n\u00e1rodn\u00edm podnikem Thonet (n.p. Thonet).  <\/p>\n\n\n\n<p>Od roku 1948 byly do n.p. Thonet za\u010dlen\u011bny men\u0161\u00ed a st\u0159edn\u00ed podniky. Toto obdob\u00ed bylo spojeno s mnoha reorganiza\u010dn\u00edmi zm\u011bnami, ale z\u00e1rove\u0148 to bylo obdob\u00ed, kter\u00e9 po dvou sv\u011btov\u00fdch v\u00e1lk\u00e1ch znamenalo obnoven\u00ed z\u00e1jmu o oh\u00fdban\u00fd n\u00e1bytek. V roce 1953 do\u0161lo ke zm\u011bn\u011b n\u00e1zvu na TON (Tov\u00e1rna na oh\u00fdban\u00fd n\u00e1bytek).   <\/p>\n\n\n\n<p>Filozofi\u00ed TON je propojit ru\u010dn\u00ed oh\u00fdb\u00e1n\u00ed d\u0159eva s n\u00e1pady \u010desk\u00fdch i zahrani\u010dn\u00edch design\u00e9r\u016f.<br\/>V 50. letech navrhl design\u00e9r Anton\u00edn Krop\u00e1\u010dek (1908-1989) lamelovou \u017eidli s \u010daloun\u011bn\u00fdm sed\u00e1kem a op\u011bradlem, ocen\u011bnou Grand Prix v Bruselu.<br\/>V\u00fdznamn\u00fdmi konstrukt\u00e9ry n\u00e1rodn\u00edho podniku TON byli Anton\u00edn \u0160um\u00e1n (1924-1998), Radom\u00edr Hofman (1919-1996) a Ladislav Gatial (1922-2001).<\/p>\n\n\n\n<p>Po roce 1989 se podnik stal st\u00e1tn\u00edm podnikem a od roku 1994 je z\u00e1vod v Byst\u0159ici pod Host\u00fdnem samostatn\u00fdm podnikem TON a.s. a stal se nejstar\u0161\u00edm a z\u00e1rove\u0148 nejv\u011bt\u0161\u00edm v\u00fdrobcem oh\u00fdban\u00e9ho n\u00e1bytku na sv\u011bt\u011b.<\/p>\n<\/div>\n","protected":false},"excerpt":{"rendered":"<p>TON je \u010desk\u00e1 n\u00e1bytk\u00e1\u0159sk\u00e1 spole\u010dnost se s\u00eddlem v Byst\u0159ici pod Host\u00fdnem. Je proslul\u00e1 svou technologi\u00ed ru\u010dn\u00edho oh\u00fdb\u00e1n\u00ed d\u0159eva, kter\u00e1 se na tomto m\u00edst\u011b pou\u017e\u00edv\u00e1 ji\u017e od roku 1861. Provoz tov\u00e1rny na oh\u00fdban\u00fd n\u00e1bytek zah\u00e1jil v Byst\u0159ici pod Host\u00fdnem v roce 1861 Michael Thonet. P\u016fvodn\u00ed n\u00e1zev byl Gebr\u00fcder Thonet. Tento n\u00e1zev byl v platnosti od roku [&hellip;]<\/p>\n","protected":false},"author":1,"featured_media":0,"parent":0,"menu_order":0,"comment_status":"closed","ping_status":"closed","template":"","meta":{"footnotes":""},"class_list":["post-2176","page","type-page","status-publish","hentry"],"_links":{"self":[{"href":"https:\/\/mid-century-design.com\/cs\/wp-json\/wp\/v2\/pages\/2176","targetHints":{"allow":["GET"]}}],"collection":[{"href":"https:\/\/mid-century-design.com\/cs\/wp-json\/wp\/v2\/pages"}],"about":[{"href":"https:\/\/mid-century-design.com\/cs\/wp-json\/wp\/v2\/types\/page"}],"author":[{"embeddable":true,"href":"https:\/\/mid-century-design.com\/cs\/wp-json\/wp\/v2\/users\/1"}],"replies":[{"embeddable":true,"href":"https:\/\/mid-century-design.com\/cs\/wp-json\/wp\/v2\/comments?post=2176"}],"version-history":[{"count":1,"href":"https:\/\/mid-century-design.com\/cs\/wp-json\/wp\/v2\/pages\/2176\/revisions"}],"predecessor-version":[{"id":2177,"href":"https:\/\/mid-century-design.com\/cs\/wp-json\/wp\/v2\/pages\/2176\/revisions\/2177"}],"wp:attachment":[{"href":"https:\/\/mid-century-design.com\/cs\/wp-json\/wp\/v2\/media?parent=2176"}],"curies":[{"name":"wp","href":"https:\/\/api.w.org\/{rel}","templated":true}]}}