{"id":2166,"date":"2024-08-15T09:15:44","date_gmt":"2024-08-15T07:15:44","guid":{"rendered":"https:\/\/mid-century-design.com\/jan-vanek\/"},"modified":"2024-12-28T11:06:57","modified_gmt":"2024-12-28T10:06:57","slug":"jan-vanek","status":"publish","type":"page","link":"https:\/\/mid-century-design.com\/cs\/jan-vanek\/","title":{"rendered":"Jan Van\u011bk (1891 \u2013 1962)"},"content":{"rendered":"\n<div class=\"wp-block-group is-layout-flow wp-block-group-is-layout-flow\">\n<p>Jan Van\u011bk se narodil v T\u0159eb\u00ed\u010di (dnes \u010cesk\u00e1 republika) do rodiny majitele prosperuj\u00edc\u00ed truhl\u00e1\u0159sk\u00e9 d\u00edlny. Vystudoval pr\u016fmyslovou \u0161kolu d\u0159eva\u0159skou v Chrudimi (tehdy \u010cechy) a pot\u00e9 pracoval v n\u00e1bytk\u00e1\u0159sk\u00fdch d\u00edln\u00e1ch v Mnichov\u011b, Stuttgartu a Heilbronnu. V tomto obdob\u00ed se setkal s v\u00fdznamn\u00fdmi osobnostmi evropsk\u00e9 modern\u00ed architektury, co\u017e m\u011blo vliv na jeho dal\u0161\u00ed tvorbu. V 10. letech p\u0159evzal firmu sv\u00e9ho otce v T\u0159eb\u00ed\u010di a p\u0159ejmenoval ji na \u201eUm\u011bleckopr\u016fmyslov\u00e9 d\u00edlny\u201c.   <\/p>\n\n\n\n<p>Van\u011bk nav\u00e1zal spolupr\u00e1ci s \u0159adou p\u0159edn\u00edch \u010desk\u00fdch i zahrani\u010dn\u00edch architekt\u016f jako Bruno Paul, Jan Kot\u011bra, Rudolf Stockar, Karl Bertschem, Adalbert Niemeyer nebo J.M.Olbrich, kte\u0159\u00ed pro firmu navrhovali individu\u00e1ln\u00ed n\u00e1bytek a pr\u016fmyslov\u011b vyr\u00e1b\u011bn\u00fd n\u00e1bytek. Proto\u017ee se podnik rozr\u016fstal, zalo\u017eil Van\u011bk v letech 1919\u20131921 nov\u00fd provozn\u00ed are\u00e1l vybudovan\u00fd podle projektu Josefa Go\u010d\u00e1ra. V budov\u011b byly krom\u011b tov\u00e1rny kancel\u00e1\u0159e, v\u00fdstavn\u00ed prostory a byt majitele.  <\/p>\n\n\n\n<p>Hlavn\u00ed politikou spole\u010dnosti bylo poskytovat modern\u00ed, a p\u0159itom dostupn\u00e9 bydlen\u00ed pro v\u0161echny vrstvy obyvatelstva. Za z\u00e1kladn\u00ed vlastnosti bytov\u00e9ho za\u0159\u00edzen\u00ed Van\u011bk pova\u017eoval u\u017eitnost, funk\u010dnost a hygienickou nez\u00e1vadnost. S\u00e9riov\u00fd n\u00e1bytek by podle jeho p\u0159edstav m\u011bl b\u00fdt vyroben z kvalitn\u00edch materi\u00e1l\u016f s vysokou variabilitou, aby se dal p\u0159izp\u016fsobit povaze bytu \u010di domu.  <\/p>\n\n\n\n<p>Koncem roku 1920 vyvrcholila Va\u0148kova finan\u010dn\u00ed krize, kter\u00e1 ho pron\u00e1sledovala cel\u00fdm jeho podnik\u00e1n\u00edm, a byl nucen se spojit s brn\u011bnskou firmou \u201eKarel Slavi\u010dek, um\u011bleck\u00e9 n\u00e1bytkov\u00e9 a stavebn\u00ed stola\u0159stv\u00ed\u201c (Karel Slavi\u010dek, um\u011bleck\u00fd n\u00e1bytek a stavebn\u00ed truhl\u00e1\u0159stv\u00ed), kter\u00e1 byla n\u00e1sledn\u011b p\u0159ejmenov\u00e1na na &#8222;Spojen\u00e9 um\u011bleckopr\u016fmyslov\u00e9 z\u00e1vody, a.s.&#8220; pozd\u011bji zn\u00e1m\u00fd jako \u201eSpojen\u00e9 U.P. z\u00e1vody, a.s. Brno\u201c &#8211; nejv\u011bt\u0161\u00ed n\u00e1bytk\u00e1\u0159sk\u00e1 firma v p\u0159edv\u00e1le\u010dn\u00e9m \u010ceskoslovensku s 25 prodejnami ve v\u0161ech v\u011bt\u0161\u00edch m\u011bstech \u010cech, Moravy a Slovenska a exportem do z\u00e1padn\u00ed Evropy. V r\u00e1mci konsolidace se od roku 1923 pod\u00edlela na chodu spole\u010dnosti jako majoritn\u00ed akcion\u00e1\u0159 Moravsk\u00e1 banka. <\/p>\n\n\n\n<p>Van\u011bk, jako gener\u00e1ln\u00ed \u0159editel po slou\u010den\u00ed podnik\u016f, byl v roce 1925 odvol\u00e1n z d\u016fvodu \u0161patn\u00e9 hospod\u00e1\u0159sk\u00e9 v\u00fdkonnosti podniku. Ne\u017e ode\u0161el \u201eU.P. z\u00e1vody\u201c, za\u010dal vyd\u00e1vat odborn\u00fd \u010dasopis \u201eBytov\u00e1 kultura \u2013 Sborn\u00edk pr\u016fmyslov\u00e9ho um\u011bn\u00ed\u201c. <\/p>\n\n\n\n<p>V roce 1925 zalo\u017eil se Stanislavem Ku\u010derou a Vil\u00e9mem Hrdli\u010dkou spole\u010dnost &#8222;Standart, bytov\u00e1 spole\u010dnost S.B.S.&#8220;, kter\u00e1 existovala a\u017e do roku 1932. Nejpresti\u017en\u011bj\u0161\u00ed zak\u00e1zkou pro Va\u0148kovu firmu byla v\u00fdroba n\u00e1bytku pro brn\u011bnskou vilu Tugendhat.<\/p>\n\n\n\n<p>V roce 1932 Van\u011bk opustil Brno a usadil se v Praze. V Praze se v\u011bnoval reziden\u010dn\u00edmu designu a zakl\u00e1dal d\u00edlny \u201ePoradna modern\u00edho bydlen\u00ed\u201c (PMB), \u201eD\u016fm a zahrada\u201c a dal\u0161\u00ed firmy. Navrhl a realizoval architektonick\u00e1 \u0159e\u0161en\u00ed \u0159ady v\u00fdstav.  <\/p>\n\n\n\n<p>Za v\u00e1lky, v letech 1939-1943, p\u016fsobil jako extern\u00ed profesor na Ba\u0165ov\u011b univerzit\u011b ve Zl\u00edn\u011b v oboru aran\u017e\u00e9rstv\u00ed a v\u00fdstavnictv\u00ed.<\/p>\n\n\n\n<p>Po druh\u00e9 sv\u011btov\u00e9 v\u00e1lce se pod\u00edlel na zalo\u017een\u00ed a veden\u00ed Bloku um\u011bleck\u00e9ho pr\u016fmyslu. V roce 1948 se stal m\u00edstop\u0159edsedou \u201eBlok architektonick\u00fdch pokrokov\u00fdch spolk\u016f\u201c (BAPS). Od roku 1948 byl Van\u011bk gener\u00e1ln\u00edm \u0159editelem \u201e\u010ceskoslovensk\u00fdch d\u0159evozpracuj\u00edc\u00edch z\u00e1vod\u016f\u201c \u2013 podniku vznikl\u00e9ho zn\u00e1rodn\u011bn\u00edm r\u016fzn\u00fdch podnik\u016f, kter\u00e9 byly slou\u010deny do jednoho celku. V roce 1954 se stal \u0159editelem svazu \u201eD\u0159eva\u0159sk\u00fd v\u00fdvoj\u201c.<\/p>\n\n\n\n<p><strong>Hlavn\u00ed reference:<\/strong><\/p>\n\n\n\n<ol class=\"wp-block-list\">\n<li>Jind\u0159ich Chatrn\u00fd (ed.). Jan Van\u011bk 1891\u20131962. Civilizovan\u00e9 bydlen\u00ed pro ka\u017ed\u00e9ho, Brno: Muzeum m\u011bsta Brna, 2008. ISBN 978-80-86549-39-2   <\/li>\n\n\n\n<li>Jan Van\u011bk, Bytov\u00e1 kultura, sborn\u00edk pr\u016fmyslov\u00e9ho um\u011bn\u00ed, Brno 1924-1925<\/li>\n<\/ol>\n<\/div>\n","protected":false},"excerpt":{"rendered":"<p>Jan Van\u011bk se narodil v T\u0159eb\u00ed\u010di (dnes \u010cesk\u00e1 republika) do rodiny majitele prosperuj\u00edc\u00ed truhl\u00e1\u0159sk\u00e9 d\u00edlny. Vystudoval pr\u016fmyslovou \u0161kolu d\u0159eva\u0159skou v Chrudimi (tehdy \u010cechy) a pot\u00e9 pracoval v n\u00e1bytk\u00e1\u0159sk\u00fdch d\u00edln\u00e1ch v Mnichov\u011b, Stuttgartu a Heilbronnu. V tomto obdob\u00ed se setkal s v\u00fdznamn\u00fdmi osobnostmi evropsk\u00e9 modern\u00ed architektury, co\u017e m\u011blo vliv na jeho dal\u0161\u00ed tvorbu. V 10. letech [&hellip;]<\/p>\n","protected":false},"author":1,"featured_media":0,"parent":0,"menu_order":0,"comment_status":"closed","ping_status":"closed","template":"","meta":{"footnotes":""},"class_list":["post-2166","page","type-page","status-publish","hentry"],"_links":{"self":[{"href":"https:\/\/mid-century-design.com\/cs\/wp-json\/wp\/v2\/pages\/2166","targetHints":{"allow":["GET"]}}],"collection":[{"href":"https:\/\/mid-century-design.com\/cs\/wp-json\/wp\/v2\/pages"}],"about":[{"href":"https:\/\/mid-century-design.com\/cs\/wp-json\/wp\/v2\/types\/page"}],"author":[{"embeddable":true,"href":"https:\/\/mid-century-design.com\/cs\/wp-json\/wp\/v2\/users\/1"}],"replies":[{"embeddable":true,"href":"https:\/\/mid-century-design.com\/cs\/wp-json\/wp\/v2\/comments?post=2166"}],"version-history":[{"count":1,"href":"https:\/\/mid-century-design.com\/cs\/wp-json\/wp\/v2\/pages\/2166\/revisions"}],"predecessor-version":[{"id":2167,"href":"https:\/\/mid-century-design.com\/cs\/wp-json\/wp\/v2\/pages\/2166\/revisions\/2167"}],"wp:attachment":[{"href":"https:\/\/mid-century-design.com\/cs\/wp-json\/wp\/v2\/media?parent=2166"}],"curies":[{"name":"wp","href":"https:\/\/api.w.org\/{rel}","templated":true}]}}