{"id":2160,"date":"2024-09-07T10:38:32","date_gmt":"2024-09-07T08:38:32","guid":{"rendered":"https:\/\/mid-century-design.com\/antonin-kropacek\/"},"modified":"2024-12-28T10:03:49","modified_gmt":"2024-12-28T09:03:49","slug":"antonin-kropacek","status":"publish","type":"page","link":"https:\/\/mid-century-design.com\/cs\/antonin-kropacek\/","title":{"rendered":"Anton\u00edn Krop\u00e1\u010dek (1914 \u2013 1989)"},"content":{"rendered":"\n<div class=\"wp-block-group is-layout-flow wp-block-group-is-layout-flow\">\n<p>Anton\u00edn Krop\u00e1\u010dek byl v\u00fdznamn\u00fd \u010desk\u00fd architekt a design\u00e9r, zn\u00e1m\u00fd p\u0159edev\u0161\u00edm ze spolupr\u00e1ce s Karlem Ko\u017eelkou.<\/p>\n\n\n\n<p>Narodil se v roce 1914 a jeho kari\u00e9ra byla siln\u011b ovlivn\u011bna modernistick\u00fdmi a funkcionalistick\u00fdmi trendy, kter\u00e9 byly v t\u00e9 dob\u011b popul\u00e1rn\u00ed. Vystudoval Vysokou \u0161kolu um\u011bleckopr\u016fmyslovou v Praze \u2013 V\u0160UP, kde se v\u011bnoval architektu\u0159e a designu. <\/p>\n\n\n\n<p>Krop\u00e1\u010dek a Ko\u017eelka spole\u010dn\u011b v roce 1944 navrhli sadu dvou k\u0159esel a kulat\u00e9ho stolu, kter\u00e1 z\u00edskala st\u0159\u00edbrnou medaili na trien\u00e1le v Mil\u00e1n\u011b v roce 1946. Tento \u00fasp\u011bch jim p\u0159inesl mezin\u00e1rodn\u00ed uzn\u00e1n\u00ed a jejich pr\u00e1ce je dodnes cen\u011bna pro svou inovativn\u00ed estetiku a vyu\u017eit\u00ed materi\u00e1l\u016f. <\/p>\n\n\n\n<p>B\u011bhem sv\u00e9 kari\u00e9ry Krop\u00e1\u010dek navrhoval tak\u00e9 interi\u00e9ry a n\u00e1bytek, p\u0159i\u010dem\u017e jeho tvorba se \u010dasto vyzna\u010duje \u010dist\u00fdmi liniemi a funk\u010dn\u00edm designem. Zem\u0159el v roce 1989, ale jeho odkaz \u017eije d\u00e1l prost\u0159ednictv\u00edm jeho n\u00e1vrh\u016f, kter\u00e9 jsou dodnes obdivov\u00e1ny a studov\u00e1ny. <\/p>\n\n\n\n<p>V roce 1946 se architekti K.Ko\u017eelka a A.Krop\u00e1\u010dek stali spoluzakladateli \u010cesk\u00fdch um\u011bleck\u00fdch d\u00edlen.<\/p>\n<\/div>\n","protected":false},"excerpt":{"rendered":"<p>Anton\u00edn Krop\u00e1\u010dek byl v\u00fdznamn\u00fd \u010desk\u00fd architekt a design\u00e9r, zn\u00e1m\u00fd p\u0159edev\u0161\u00edm ze spolupr\u00e1ce s Karlem Ko\u017eelkou. Narodil se v roce 1914 a jeho kari\u00e9ra byla siln\u011b ovlivn\u011bna modernistick\u00fdmi a funkcionalistick\u00fdmi trendy, kter\u00e9 byly v t\u00e9 dob\u011b popul\u00e1rn\u00ed. Vystudoval Vysokou \u0161kolu um\u011bleckopr\u016fmyslovou v Praze \u2013 V\u0160UP, kde se v\u011bnoval architektu\u0159e a designu. Krop\u00e1\u010dek a Ko\u017eelka spole\u010dn\u011b v [&hellip;]<\/p>\n","protected":false},"author":1,"featured_media":0,"parent":0,"menu_order":0,"comment_status":"closed","ping_status":"closed","template":"","meta":{"footnotes":""},"class_list":["post-2160","page","type-page","status-publish","hentry"],"_links":{"self":[{"href":"https:\/\/mid-century-design.com\/cs\/wp-json\/wp\/v2\/pages\/2160","targetHints":{"allow":["GET"]}}],"collection":[{"href":"https:\/\/mid-century-design.com\/cs\/wp-json\/wp\/v2\/pages"}],"about":[{"href":"https:\/\/mid-century-design.com\/cs\/wp-json\/wp\/v2\/types\/page"}],"author":[{"embeddable":true,"href":"https:\/\/mid-century-design.com\/cs\/wp-json\/wp\/v2\/users\/1"}],"replies":[{"embeddable":true,"href":"https:\/\/mid-century-design.com\/cs\/wp-json\/wp\/v2\/comments?post=2160"}],"version-history":[{"count":1,"href":"https:\/\/mid-century-design.com\/cs\/wp-json\/wp\/v2\/pages\/2160\/revisions"}],"predecessor-version":[{"id":2161,"href":"https:\/\/mid-century-design.com\/cs\/wp-json\/wp\/v2\/pages\/2160\/revisions\/2161"}],"wp:attachment":[{"href":"https:\/\/mid-century-design.com\/cs\/wp-json\/wp\/v2\/media?parent=2160"}],"curies":[{"name":"wp","href":"https:\/\/api.w.org\/{rel}","templated":true}]}}