{"id":2151,"date":"2024-08-15T09:52:42","date_gmt":"2024-08-15T07:52:42","guid":{"rendered":"https:\/\/mid-century-design.com\/antonin-kybal\/"},"modified":"2024-12-27T10:39:20","modified_gmt":"2024-12-27T09:39:20","slug":"antonin-kybal","status":"publish","type":"page","link":"https:\/\/mid-century-design.com\/cs\/antonin-kybal\/","title":{"rendered":"Anton\u00edn Kybal (1901-1971)"},"content":{"rendered":"\n<div class=\"wp-block-group is-layout-flow wp-block-group-is-layout-flow\">\n<p>Anton\u00edn Kybal byl jednou z nejv\u00fdznamn\u011bj\u0161\u00edch osobnost\u00ed \u010desk\u00e9ho designu 20. stolet\u00ed, \u010desk\u00fd textiln\u00ed v\u00fdtvarn\u00edk a pedagog, zakladatel \u010desk\u00e9 gobel\u00ednov\u00e9 \u0161koly.<\/p>\n\n\n\n<p>Narodil se v Nov\u00e9m M\u011bst\u011b nad Metuj\u00ed (\u010cechy), ve m\u011bst\u011b, kde sv\u00e9ho \u010dasu s\u00eddlila pr\u016fmyslov\u00e1 tkalcovna jeho otce. Vztah k textilu a tkalcovn\u011b si Kybal p\u011bstoval od d\u011btstv\u00ed a z\u016fstal j\u00ed v\u011brn\u00fd po cel\u00fd \u017eivot. Jednu dobu v tkalcovn\u011b dokonce rodina bydlela a rodinn\u00ed zn\u00e1m\u00ed a Kybalovi p\u0159\u00e1tel\u00e9 byli v\u011bt\u0161inou s tkalcovnou nebo pr\u016fmyslem n\u011bjak\u00fdm zp\u016fsobem spojeni.  <\/p>\n\n\n\n<p>Svou kari\u00e9ru zah\u00e1jil studiem na Vysok\u00e9 \u0161kole um\u011bleckopr\u016fmyslov\u00e9 v Praze (UMPRUM &#8211; Vysok\u00e1 \u0161kola um\u011bleckopr\u016fmyslov\u00e1 v Praze) v ateli\u00e9ru socha\u0159stv\u00ed prof. Josef Ma\u0159atka. U\u017e tehdy ho ale p\u0159itahovaly barvy, a proto nakonec p\u0159e\u0161el k profesoru Arno\u0161tu Hofbauerovi, kde studoval malbu a figur\u00e1ln\u00ed kresbu. Vystudoval tak\u00e9 pedagogiku na Karlov\u011b univerzit\u011b. Hned po absolutoriu za\u010dal u\u010dit a u\u010dil na gymn\u00e1zi\u00edch, ale to pln\u011b nenaplnilo jeho aspirace, a tak se u\u010ditelsk\u00e9 profese brzy vzdal. M\u00edsto toho za\u010dal cestovat a na sv\u00fdch cest\u00e1ch maloval okoln\u00ed krajinu. Pr\u00e1v\u011b d\u00edky t\u00e9to z\u00e1lib\u011b poznal lidov\u00e9 um\u011bn\u00ed a \u0159emesla v\u010detn\u011b textilu, co\u017e ho oslovilo a vr\u00e1tilo mu vzpom\u00ednky na d\u011btstv\u00ed a tkalcovnu. Opustil \u0161kolu a za\u010dal svou kari\u00e9ru jako um\u011blec.      <\/p>\n\n\n\n<p>Ve \u0161kole se sezn\u00e1mil se svou budouc\u00ed man\u017eelkou a nejbli\u017e\u0161\u00ed kolegyn\u00ed Ludmilou Kybalovou. Spolu s man\u017eelkou vlastnil v\u00fdtvarn\u00fd ateli\u00e9r, ve kter\u00e9m vytv\u00e1\u0159el koberce, tapis\u00e9rie, z\u00e1v\u011bsy, ti\u0161t\u011bn\u00e9 vzory a dal\u0161\u00ed n\u00e1vrhy a realizace. <\/p>\n\n\n\n<p>Kybal se stal v\u016fd\u010d\u00ed osobnost\u00ed a pr\u016fkopn\u00edkem modern\u00edho \u010desk\u00e9ho textiln\u00edho um\u011bn\u00ed. Po druh\u00e9 sv\u011btov\u00e9 v\u00e1lce zalo\u017eil na Vysok\u00e9 \u0161kole um\u011bleckopr\u016fmyslov\u00e9 v Praze \u201eTextiln\u00ed \u0161kolu Kybal\u201c, jej\u00ed\u017e \u010dinnost byla zam\u011b\u0159ena na tapis\u00e9rie a koberce. Stal se akademick\u00fdm profesorem a vychoval dv\u011b generace textiln\u00edch v\u00fdtvarn\u00edk\u016f. <\/p>\n\n\n\n<p>Byl v\u00fdznamn\u00fdm textiln\u00edm v\u00fdtvarn\u00edkem nejen po um\u011bleck\u00e9, ale i po technick\u00e9 str\u00e1nce, vych\u00e1zej\u00edc\u00ed z rodinn\u00e9 tradice (jeho otec vlastnil textiln\u00ed tov\u00e1rnu).<br\/>Kybalova d\u00edlna byla jednou z m\u00e1la, kter\u00e1 vyr\u00e1b\u011bla textil p\u0159izp\u016fsoben\u00fd v\u00fdrobn\u00edm technik\u00e1m a z\u00e1rove\u0148 odpov\u00eddal modernistick\u00e9mu stylu. Jeho textilie se vzory slo\u017een\u00fdmi z line\u00e1rn\u00edch obrazc\u016f rezonovaly s tehdej\u0161\u00edmi funkcionalistick\u00fdmi trendy. <\/p>\n\n\n\n<p>Anton\u00edn Kybal byl jednou z nejv\u00fdrazn\u011bj\u0161\u00edch osobnost\u00ed designu bytov\u00e9ho textilu a inov\u00e1torem textiln\u00ed tvorby 20. stolet\u00ed. Textiln\u00ed v\u00fdrobu pov\u00fd\u0161il svou tvorbou na zcela unik\u00e1tn\u00ed v\u00fdtvarn\u00fd v\u00fdrazov\u00fd prost\u0159edek, odpov\u00eddaj\u00edc\u00ed jazyku moderny. Kybalov\u00fdm hlavn\u00edm p\u0159\u00ednosem byla schopnost prosadit vysok\u00e9 estetick\u00e9, \u0159emesln\u00e9 a materi\u00e1lov\u00e9 po\u017eadavky v pr\u016fmyslov\u00e9 v\u00fdrob\u011b a propojit je se sou\u010dasn\u00fdmi estetick\u00fdmi trendy.  <\/p>\n\n\n\n<p><strong>Reference<\/strong>:<br\/>Anton\u00edn Kybal: Cesty designu a textiln\u00ed tvorby Prager Kunstgewerbemuseums, 2016, ISBN: 9788074372230<\/p>\n<\/div>\n","protected":false},"excerpt":{"rendered":"<p>Anton\u00edn Kybal byl jednou z nejv\u00fdznamn\u011bj\u0161\u00edch osobnost\u00ed \u010desk\u00e9ho designu 20. stolet\u00ed, \u010desk\u00fd textiln\u00ed v\u00fdtvarn\u00edk a pedagog, zakladatel \u010desk\u00e9 gobel\u00ednov\u00e9 \u0161koly. Narodil se v Nov\u00e9m M\u011bst\u011b nad Metuj\u00ed (\u010cechy), ve m\u011bst\u011b, kde sv\u00e9ho \u010dasu s\u00eddlila pr\u016fmyslov\u00e1 tkalcovna jeho otce. Vztah k textilu a tkalcovn\u011b si Kybal p\u011bstoval od d\u011btstv\u00ed a z\u016fstal j\u00ed v\u011brn\u00fd po cel\u00fd \u017eivot. [&hellip;]<\/p>\n","protected":false},"author":1,"featured_media":0,"parent":0,"menu_order":0,"comment_status":"closed","ping_status":"closed","template":"","meta":{"footnotes":""},"class_list":["post-2151","page","type-page","status-publish","hentry"],"_links":{"self":[{"href":"https:\/\/mid-century-design.com\/cs\/wp-json\/wp\/v2\/pages\/2151","targetHints":{"allow":["GET"]}}],"collection":[{"href":"https:\/\/mid-century-design.com\/cs\/wp-json\/wp\/v2\/pages"}],"about":[{"href":"https:\/\/mid-century-design.com\/cs\/wp-json\/wp\/v2\/types\/page"}],"author":[{"embeddable":true,"href":"https:\/\/mid-century-design.com\/cs\/wp-json\/wp\/v2\/users\/1"}],"replies":[{"embeddable":true,"href":"https:\/\/mid-century-design.com\/cs\/wp-json\/wp\/v2\/comments?post=2151"}],"version-history":[{"count":1,"href":"https:\/\/mid-century-design.com\/cs\/wp-json\/wp\/v2\/pages\/2151\/revisions"}],"predecessor-version":[{"id":2152,"href":"https:\/\/mid-century-design.com\/cs\/wp-json\/wp\/v2\/pages\/2151\/revisions\/2152"}],"wp:attachment":[{"href":"https:\/\/mid-century-design.com\/cs\/wp-json\/wp\/v2\/media?parent=2151"}],"curies":[{"name":"wp","href":"https:\/\/api.w.org\/{rel}","templated":true}]}}