{"id":2143,"date":"2024-08-15T09:10:38","date_gmt":"2024-08-15T07:10:38","guid":{"rendered":"https:\/\/mid-century-design.com\/laszlo-heczendorfer\/"},"modified":"2024-12-27T09:47:31","modified_gmt":"2024-12-27T08:47:31","slug":"laszlo-heczendorfer","status":"publish","type":"page","link":"https:\/\/mid-century-design.com\/cs\/laszlo-heczendorfer\/","title":{"rendered":"L\u00e1szl\u00f3 Heczendorfer (1933 &#8211; 2018)"},"content":{"rendered":"\n<div class=\"wp-block-group is-layout-flow wp-block-group-is-layout-flow\">\n<p>L\u00e1szl\u00f3 Heczendorfer &#8211; interi\u00e9rov\u00fd a n\u00e1bytkov\u00fd design\u00e9r a spisovatel &#8211; vystudoval Magyar Iparm\u0171v\u00e9szeti F\u0151iskola (Ma\u010farsk\u00e1 um\u011bleckopr\u016fmyslov\u00e1 \u0161kola), pozd\u011bji Magyar Iparm\u0171v\u00e9szeti Egyetem (Ma\u010farsk\u00e1 univerzita u\u017eit\u00e9ho um\u011bn\u00ed) v roce 1957 jako student Gyuly Kaesz, L\u00e1szl\u00f3 Juh\u00e1sz a L\u00e1szl\u00f3 Hornicsek. <br\/>V letech 1957-68 pracoval ve Faipari Gy\u00e1rt\u00e1stervez\u0151 es Szerkeszt\u0151 lroda (Kancel\u00e1\u0159 pro pl\u00e1nov\u00e1n\u00ed a st\u0159ih d\u0159eva), nejv\u011bt\u0161\u00ed projek\u010dn\u00ed spole\u010dnosti t\u00e9 doby. V letech 1968-69 pracoval pro LAK\u00d3TERV. V letech 1969-82 pracoval v B\u00fator\u00e9rt\u00e9kes\u00edt\u0151 V\u00e1llalat (Prodej n\u00e1bytku) a v letech 1982 a\u017e 1993 ve spole\u010dnosti DOMUS jako vedouc\u00ed v\u00fdvojov\u00e9ho odd\u011blen\u00ed.   <br\/>V roce 1959 podnikl velkou studijn\u00ed cestu do D\u00e1nska.<\/p>\n\n\n\n<p>Jeho rozs\u00e1hl\u00e9 kolekce n\u00e1bytku, navr\u017een\u00e9 s modern\u00edm charakterem, zam\u011b\u0159en\u00e9 na funkci a vyrobitelnost, byly pro svou jednoduchost a kvalitu velmi obl\u00edben\u00e9 a prodalo se jich 40-50 tis\u00edc kus\u016f.<br\/>Mimo jin\u00e9 se pod\u00edlel na zpracov\u00e1n\u00ed r\u016fzn\u00fdch bytov\u00fdch, lo\u017enicov\u00fdch a studijn\u00edch program\u016f BUBIV, Cardo v Gy\u0151ru, tov\u00e1rna na n\u00e1bytek Kanizsa a tov\u00e1rna na n\u00e1bytek Garzon v Sz\u00e9kesfeh\u00e9rv\u00e1ru a navrhl n\u011bkolik n\u00e1bytkov\u00fdch sestav pro tov\u00e1rnu na n\u00e1bytek Sz\u00e1tmar v M\u00e1t\u00e9szalce. Krom\u011b designu n\u00e1bytku se p\u0159\u00edle\u017eitostn\u011b zab\u00fdval interi\u00e9rov\u00fdm a objektov\u00fdm designem..  <\/p>\n\n\n\n<p>B\u00fdval \u010dlenem MKISZ, od roku 1957 zn\u00e1m\u00e9ho jako M\u0171v\u00e9szeti Alap (Um\u011bleck\u00fd fond) a V\u011bdeck\u00e9ho sdru\u017een\u00ed d\u0159evozpracuj\u00edc\u00edho pr\u016fmyslu (oba Ma\u010farsko).<\/p>\n\n\n\n<p><strong>Ocen\u011bn\u00ed a profesn\u00ed uzn\u00e1n\u00ed<\/strong><br\/>1961 Nejkr\u00e1sn\u011bj\u0161\u00ed produkt roku<br\/>1962 Nejkr\u00e1sn\u011bj\u0161\u00ed produkt roku <br\/>1965 Vynikaj\u00edc\u00ed pracovn\u00edk lehk\u00e9ho pr\u016fmyslu<br\/>1966 Nejkr\u00e1sn\u011bj\u0161\u00ed produkt roku <br\/>1968 cena Munk\u00e1csy Mih\u00e1ly<br\/>1975 Vynikaj\u00edc\u00ed pracovn\u00edk ve vnit\u0159n\u00edm obchodu<br\/>V letech 1958-73 z\u00edskal se sv\u00fdmi objekty \u010dty\u0159i I., t\u0159i II. a dv\u011b III. ceny<\/p>\n\n\n\n<p><strong>N\u00e1bytek<\/strong><\/p>\n\n\n\n<p><strong>Design <strong>n\u00e1bytku<\/strong><\/strong> &#8211; <strong>sestavy<\/strong><br\/>1958 Bastion (Hajd\u00faszoboszl\u00f3)<br\/>1966 Module &#8217;69 (BUBIV)<br\/>1968 Domino (Cardo)<br\/>Kompozit (Tisza, s Jen\u0151 Horv\u00e1them a J\u00e1nosem Horv\u00e1them)<br\/>1972 Kanizsa (Kanizsa)<br\/>1991 Hellas (Cardo)<\/p>\n\n\n\n<p><strong>Design <strong>n\u00e1bytku<\/strong><\/strong> &#8211; <strong>ob\u00fdvac\u00ed pokoje<\/strong><br\/>1962 Star (BUBIV)<br\/>1964 Csob\u00e1nc (Zala)<br\/>1970 Orient (MEFEM Co.)<br\/>1968 R\u00e1ba (Cardo)<br\/>1987 Hajd\u00fas\u00e1g (Debrecen)<br\/>1994 Kapos (Kapos)<\/p>\n\n\n\n<p><strong>N\u00e1vrh interi\u00e9ru<\/strong><br\/>1966 Pal\u00e1c COMECON Ma\u010farsk\u00e9 zastoupen\u00ed, Moskva<br\/>1987 obchod AFESZ, Gy\u0151rszentiv\u00e1nyi<br\/>1990 Obchodn\u00ed d\u016fm Domus, Ny\u00edregyh\u00e1za<\/p>\n\n\n\n<p><strong>Skupinov\u00e9 v\u00fdstavy<\/strong><br\/>1955 III. Ma\u010farsk\u00e1 v\u00fdstava u\u017eit\u00e9ho um\u011bn\u00ed a lidov\u00e9ho um\u011bn\u00ed, Muzeum u\u017eit\u00e9ho um\u011bn\u00ed, Budape\u0161\u0165<br\/>1965 Vnit\u0159n\u00ed v\u00fdstava, Miskolc<br\/>1966 Schv\u00e1len\u00e9 n\u00e1vrhy n\u00e1bytku, Showroom n\u00e1bytk\u00e1\u0159sk\u00e9ho pr\u016fmyslu, Budape\u0161\u0165<br\/>1967 Um\u011blec v pr\u016fmyslu, Showroom n\u00e1bytk\u00e1\u0159sk\u00e9ho pr\u016fmyslu, Budape\u0161\u0165<br\/>1969 Produkty spole\u010dnosti L\u0151rinci sedac\u00ed n\u00e1bytek Ktsz., Showroom n\u00e1bytk\u00e1\u0159sk\u00e9ho pr\u016fmyslu, Budape\u0161\u0165<br\/>1970 V\u00fdstava sekce interi\u00e9rov\u00e9ho designu MKISZ, Ernstovo muzeum, Budape\u0161\u0165<br\/>1974 Interi\u00e9rov\u00fd design&#8216; 74, Showroom Metropolitn\u00ed rada, Budape\u0161\u0165<br\/>1976 Um\u011blec v pr\u016fmyslu, Showroom Rady u\u017eit\u00e9ho um\u011bn\u00ed, Budape\u0161\u0165<br\/>1980 N\u00e1vrh interi\u00e9ru 1970-1980, galerie Budape\u0161\u0165 <br\/>1985 P\u0159edm\u011bt kulturn\u00edho d\u011bdictv\u00ed a kultura prost\u0159ed\u00ed v Ma\u010farsku 1945-1985, Ernstovo muzeum, Budape\u0161\u0165<\/p>\n<\/div>\n","protected":false},"excerpt":{"rendered":"<p>L\u00e1szl\u00f3 Heczendorfer &#8211; interi\u00e9rov\u00fd a n\u00e1bytkov\u00fd design\u00e9r a spisovatel &#8211; vystudoval Magyar Iparm\u0171v\u00e9szeti F\u0151iskola (Ma\u010farsk\u00e1 um\u011bleckopr\u016fmyslov\u00e1 \u0161kola), pozd\u011bji Magyar Iparm\u0171v\u00e9szeti Egyetem (Ma\u010farsk\u00e1 univerzita u\u017eit\u00e9ho um\u011bn\u00ed) v roce 1957 jako student Gyuly Kaesz, L\u00e1szl\u00f3 Juh\u00e1sz a L\u00e1szl\u00f3 Hornicsek. V letech 1957-68 pracoval ve Faipari Gy\u00e1rt\u00e1stervez\u0151 es Szerkeszt\u0151 lroda (Kancel\u00e1\u0159 pro pl\u00e1nov\u00e1n\u00ed a st\u0159ih d\u0159eva), nejv\u011bt\u0161\u00ed projek\u010dn\u00ed [&hellip;]<\/p>\n","protected":false},"author":1,"featured_media":0,"parent":0,"menu_order":0,"comment_status":"closed","ping_status":"closed","template":"","meta":{"footnotes":""},"class_list":["post-2143","page","type-page","status-publish","hentry"],"_links":{"self":[{"href":"https:\/\/mid-century-design.com\/cs\/wp-json\/wp\/v2\/pages\/2143","targetHints":{"allow":["GET"]}}],"collection":[{"href":"https:\/\/mid-century-design.com\/cs\/wp-json\/wp\/v2\/pages"}],"about":[{"href":"https:\/\/mid-century-design.com\/cs\/wp-json\/wp\/v2\/types\/page"}],"author":[{"embeddable":true,"href":"https:\/\/mid-century-design.com\/cs\/wp-json\/wp\/v2\/users\/1"}],"replies":[{"embeddable":true,"href":"https:\/\/mid-century-design.com\/cs\/wp-json\/wp\/v2\/comments?post=2143"}],"version-history":[{"count":1,"href":"https:\/\/mid-century-design.com\/cs\/wp-json\/wp\/v2\/pages\/2143\/revisions"}],"predecessor-version":[{"id":2144,"href":"https:\/\/mid-century-design.com\/cs\/wp-json\/wp\/v2\/pages\/2143\/revisions\/2144"}],"wp:attachment":[{"href":"https:\/\/mid-century-design.com\/cs\/wp-json\/wp\/v2\/media?parent=2143"}],"curies":[{"name":"wp","href":"https:\/\/api.w.org\/{rel}","templated":true}]}}