{"id":2137,"date":"2024-08-15T09:11:09","date_gmt":"2024-08-15T07:11:09","guid":{"rendered":"https:\/\/mid-century-design.com\/jaroslav-smidek\/"},"modified":"2024-12-26T15:35:53","modified_gmt":"2024-12-26T14:35:53","slug":"jaroslav-smidek","status":"publish","type":"page","link":"https:\/\/mid-century-design.com\/cs\/jaroslav-smidek\/","title":{"rendered":"Jaroslav \u0160m\u00eddek (1923 &#8211; 2005)"},"content":{"rendered":"\n<div class=\"wp-block-group is-layout-flow wp-block-group-is-layout-flow\">\n<p>Jaroslav \u0160m\u00eddek se narodil v rodin\u011b \u010daloun\u00edka a obchodn\u00edka s n\u00e1bytkem.<\/p>\n\n\n\n<p>V 50. letech vystudoval obor architektura a pozemn\u00ed stavitelstv\u00ed na Vysok\u00e9m u\u010den\u00ed technick\u00e9m v Brn\u011b \u2013 VUT a pot\u00e9 n\u011bkolik let vedl d\u00edlnu d\u0159eva a p\u0159\u00edrodn\u00edch materi\u00e1l\u016f a skla v \u00dast\u0159ed\u00ed lidov\u00e9 um\u011bleck\u00e9 v\u00fdroby. &#8211; \u00daLUV (\u00dast\u0159ed\u00ed lidov\u00e9 um\u011bleck\u00e9 v\u00fdroby).<\/p>\n\n\n\n<p>V letech 1955\u20131966 pracoval jako konstrukt\u00e9r ve V\u00fdvoji n\u00e1bytk\u00e1\u0159sk\u00e9ho pr\u016fmyslu v Brn\u011b \u2013 VNP (V\u00fdvoj n\u00e1bytk\u00e1\u0159sk\u00e9ho pr\u016fmyslu, pozd\u011bji V\u00fdzkumn\u00fd a v\u00fdvojov\u00fd \u00fastav n\u00e1bytku &#8211; VV\u00daN), odkud poch\u00e1zela v\u011bt\u0161ina jeho komer\u010dn\u011b \u00fasp\u011b\u0161n\u00fdch a oce\u0148ovan\u00fdch model\u016f.<\/p>\n\n\n\n<p>Pot\u0159eba funk\u010dn\u00edho a cenov\u011b dostupn\u00e9ho sedac\u00edho n\u00e1bytku do zmen\u0161uj\u00edc\u00edch se prostor\u016f hromadn\u00e9 bytov\u00e9 v\u00fdstavby vy\u00fastila v elegantn\u011b navr\u017eenou typovou \u0159adu k\u0159esel, kter\u00e1 v sob\u011b spojovala jak pot\u0159eby sou\u010dasn\u00fdch spot\u0159ebitel\u016f, tak po\u017eadavky hromadn\u00e9 v\u00fdroby. Tato nad\u010dasov\u00e1 \u0159ada k\u0159esel, kter\u00e1 jsou v sou\u010dasnosti velmi \u017e\u00e1dan\u00fdm n\u00e1bytkem, vznikla p\u016fvodn\u011b pro sout\u011b\u017e sedac\u00edho n\u00e1bytku TON p\u0159ed v\u00edce ne\u017e \u0161edes\u00e1ti lety, tedy ji\u017e koncem roku 1957. N\u00e1vrhy se postupn\u011b vyv\u00edjely. <\/p>\n\n\n\n<p>K\u0159esla sestaven\u00e1 z jednotliv\u00fdch d\u00edl\u016f byla snadno sestaviteln\u00e1 a lehk\u00e1 d\u00edky p\u011bnov\u00e9mu latexov\u00e9mu \u010daloun\u011bn\u00ed. Odli\u0161n\u00e9 zpracov\u00e1n\u00ed podru\u010dek zajistilo vizu\u00e1ln\u00ed variabilitu a zajistilo vysok\u00fd potenci\u00e1l pro dal\u0161\u00ed designy n\u00e1bytku. <\/p>\n<\/div>\n","protected":false},"excerpt":{"rendered":"<p>Jaroslav \u0160m\u00eddek se narodil v rodin\u011b \u010daloun\u00edka a obchodn\u00edka s n\u00e1bytkem. V 50. letech vystudoval obor architektura a pozemn\u00ed stavitelstv\u00ed na Vysok\u00e9m u\u010den\u00ed technick\u00e9m v Brn\u011b \u2013 VUT a pot\u00e9 n\u011bkolik let vedl d\u00edlnu d\u0159eva a p\u0159\u00edrodn\u00edch materi\u00e1l\u016f a skla v \u00dast\u0159ed\u00ed lidov\u00e9 um\u011bleck\u00e9 v\u00fdroby. &#8211; \u00daLUV (\u00dast\u0159ed\u00ed lidov\u00e9 um\u011bleck\u00e9 v\u00fdroby). V letech 1955\u20131966 pracoval [&hellip;]<\/p>\n","protected":false},"author":1,"featured_media":0,"parent":0,"menu_order":0,"comment_status":"closed","ping_status":"closed","template":"","meta":{"footnotes":""},"class_list":["post-2137","page","type-page","status-publish","hentry"],"_links":{"self":[{"href":"https:\/\/mid-century-design.com\/cs\/wp-json\/wp\/v2\/pages\/2137","targetHints":{"allow":["GET"]}}],"collection":[{"href":"https:\/\/mid-century-design.com\/cs\/wp-json\/wp\/v2\/pages"}],"about":[{"href":"https:\/\/mid-century-design.com\/cs\/wp-json\/wp\/v2\/types\/page"}],"author":[{"embeddable":true,"href":"https:\/\/mid-century-design.com\/cs\/wp-json\/wp\/v2\/users\/1"}],"replies":[{"embeddable":true,"href":"https:\/\/mid-century-design.com\/cs\/wp-json\/wp\/v2\/comments?post=2137"}],"version-history":[{"count":1,"href":"https:\/\/mid-century-design.com\/cs\/wp-json\/wp\/v2\/pages\/2137\/revisions"}],"predecessor-version":[{"id":2138,"href":"https:\/\/mid-century-design.com\/cs\/wp-json\/wp\/v2\/pages\/2137\/revisions\/2138"}],"wp:attachment":[{"href":"https:\/\/mid-century-design.com\/cs\/wp-json\/wp\/v2\/media?parent=2137"}],"curies":[{"name":"wp","href":"https:\/\/api.w.org\/{rel}","templated":true}]}}