{"id":2116,"date":"2024-07-16T16:06:18","date_gmt":"2024-07-16T14:06:18","guid":{"rendered":"https:\/\/mid-century-design.com\/jindrich-halabala\/"},"modified":"2024-12-26T14:11:57","modified_gmt":"2024-12-26T13:11:57","slug":"jindrich-halabala","status":"publish","type":"page","link":"https:\/\/mid-century-design.com\/cs\/jindrich-halabala\/","title":{"rendered":"Jind\u0159ich Halabala (1903 &#8211; 1978)"},"content":{"rendered":"\n<div class=\"wp-block-group is-layout-flow wp-block-group-is-layout-flow\">\n<p>Jind\u0159ich Halabala se narodil v Kory\u010danech v rodin\u011b truhl\u00e1\u0159e a v letech 1918-1920 se v rodinn\u00e9 firm\u011b vyu\u010dil truhl\u00e1\u0159sk\u00e9mu \u0159emeslu u sv\u00e9ho otce.<\/p>\n\n\n\n<p>Po d\u0159evozpracuj\u00edc\u00ed \u0161kole ve Vala\u0161sk\u00e9m Mezi\u0159\u00ed\u010d\u00ed ode\u0161el do Prahy studovat n\u00e1bytek a interi\u00e9rov\u00fd design na Um\u011bleckopr\u016fmyslovou \u0161kolu. Po \u0161kole nastoupil na st\u00e1\u017e do Spojen\u00fdch um\u011bleckopr\u016fmyslov\u00fdch z\u00e1vod\u016f (UP z\u00e1vody) v Brn\u011b, kde se sezn\u00e1mil s jejich zakladatelem Janem Va\u0148kem. V t\u00e9m\u017ee roce 1922 za\u010dal studovat architekturu na Um\u011bleckopr\u016fmyslov\u00e9 \u0161kole v Praze, obor n\u00e1bytek a interi\u00e9r u prof. Pavla Jan\u00e1ka.  <\/p>\n\n\n\n<p>V letech 1925-1955 byl design\u00e9rem v UP z\u00e1vodech. V roce 1928 se stal vedouc\u00edm prodejny UP z\u00e1vody v pra\u017esk\u00e9m pal\u00e1ci Lucerna a o dva roky pozd\u011bji p\u0159e\u0161el do Brna jako vedouc\u00ed design\u00e9rsk\u00e9ho studia v s\u00eddle firmy. Zde zast\u00e1val r\u016fzn\u00e9 funkce a\u017e do roku 1946 a jeho pod\u00edl na rozvoji UP z\u00e1vod\u016f byl mimo\u0159\u00e1dn\u00fd. Jind\u0159ich Halabala se stal nejbli\u017e\u0161\u00edm partnerem gener\u00e1ln\u00edho \u0159editele Vladim\u00edra Mare\u010dka, zodpov\u00eddal za v\u00fdrobu, byl autorem mnoha n\u00e1vrh\u016f n\u00e1bytku a zab\u00fdval se i propagac\u00ed. V roce 1931 vytvo\u0159il pro UP soupravu k\u0159esel s bo\u010dnicemi z oh\u00fdban\u00e9ho d\u0159eva, do nich\u017e bylo namontov\u00e1no p\u011bt r\u016fzn\u00fdch sed\u00e1k\u016f a op\u011bradel.    <\/p>\n\n\n\n<p>Do roku 1946 byl \u0159editelem pro rozvoj. UP z\u00e1vody byly samostatn\u00fdm subjektem &#8211; nez\u00e1visl\u00fdm na dodavatel\u00edch &#8211; proto\u017ee si v\u0161e vyr\u00e1b\u011bly samy, od zpracov\u00e1n\u00ed d\u0159eva a\u017e po textiln\u00ed zbo\u017e\u00ed. To umo\u017enilo v\u00fdvoj n\u00e1bytkov\u00fdch sestav, kter\u00fdmi bylo mo\u017en\u00e9 vybavit jak pokoje, tak cel\u00e9 byty \u010di interi\u00e9ry. Tyto v\u00fdrobky bylo mo\u017en\u00e9 r\u016fzn\u011b sestavovat a vytv\u00e1\u0159et tak obytn\u00fd prostor podle konkr\u00e9tn\u00edch p\u0159edstav a po\u017eadavk\u016f. P\u0159i n\u00e1kupu byl k dispozici architekt, kter\u00fd nab\u00edzel \u0159e\u0161en\u00ed a mo\u017enosti sestaven\u00ed t\u011bchto n\u00e1bytkov\u00fdch prvk\u016f.    <\/p>\n\n\n\n<p>Halabalovy n\u00e1vrhy byly pou\u017eity jako z\u00e1klad pro vytvo\u0159en\u00ed mnoha r\u016fzn\u00fdch typ\u016f n\u00e1bytku a dopl\u0148k\u016f, nejen oh\u00fdban\u00fdch k\u0159esel, kter\u00e1 pat\u0159ila ke \u0161pi\u010dce evropsk\u00e9ho designu.<\/p>\n\n\n\n<p>Halabalovo d\u00edlo je pova\u017eov\u00e1no za spojnici mezi nov\u00e1torsk\u00fdm \u010desk\u00fdm kubismem z roku 1910, art deco z po\u010d\u00e1tku 20. let a evropsk\u00fdm modern\u00edm um\u011bn\u00edm po druh\u00e9 sv\u011btov\u00e9 v\u00e1lce. Jeho komer\u010dn\u011b \u00fasp\u011b\u0161n\u00e9 n\u00e1vrhy do zna\u010dn\u00e9 m\u00edry vych\u00e1zely z designu Bauhausu. <\/p>\n\n\n\n<p>Pozd\u011bji pokra\u010doval v akademick\u00e9 \u010dinnosti zalo\u017een\u00e9 na jeho zku\u0161enostech a znalostech v oblasti interi\u00e9rov\u00e9ho designu jako univerzitn\u00ed profesor a publikoval odborn\u00e9 knihy a \u010dl\u00e1nky o designu.<\/p>\n\n\n\n<p>Design\u00e9r Jind\u0159ich Halabala je jedn\u00edm z nejv\u00fdznamn\u011bj\u0161\u00edch p\u0159edstavitel\u016f \u010desk\u00e9ho funkcionalismu, jeho\u017e tvorba v oblasti n\u00e1bytku si z\u00edskala sv\u011btov\u00fd v\u011bhlas. Halabal\u016fv n\u00e1bytek je jedine\u010dn\u00fd z mnoha d\u016fvod\u016f, kter\u00e9 ovliv\u0148uj\u00ed jeho design i inovativn\u00ed konstruk\u010dn\u00ed principy. <\/p>\n\n\n\n<p>Jedn\u00edm z kl\u00ed\u010dov\u00fdch faktor\u016f, kter\u00e9 odli\u0161uj\u00ed n\u00e1bytek Halabala, je spojen\u00ed pr\u016fmyslov\u00e9 v\u00fdroby s estetick\u00fdmi principy funkcionalismu. Jeho n\u00e1vrhy byly nejen vizu\u00e1ln\u011b p\u0159ita\u017eliv\u00e9, ale byly tak\u00e9 navr\u017eeny tak, aby se daly efektivn\u011b vyr\u00e1b\u011bt ve velk\u00e9m, co\u017e umo\u017enilo \u0161irok\u00e9mu publiku p\u0159\u00edstup k modern\u00edmu a kvalitn\u00edmu n\u00e1bytku. <\/p>\n\n\n\n<p>Jeho d\u00edlo je dokladem inovativn\u00edho a progresivn\u00edho my\u0161len\u00ed, kter\u00e9 m\u011blo \u0161ir\u0161\u00ed dopad na \u010deskoslovenskou a evropskou design\u00e9rskou sc\u00e9nu. Jeho jedine\u010dn\u00fd p\u0159\u00edstup ke spojen\u00ed estetiky, funk\u010dnosti a pr\u016fmyslov\u00e9 v\u00fdroby mu zajistil m\u00edsto mezi nejv\u00fdznamn\u011bj\u0161\u00edmi design\u00e9ry 20. stolet\u00ed. <\/p>\n<\/div>\n","protected":false},"excerpt":{"rendered":"<p>Jind\u0159ich Halabala se narodil v Kory\u010danech v rodin\u011b truhl\u00e1\u0159e a v letech 1918-1920 se v rodinn\u00e9 firm\u011b vyu\u010dil truhl\u00e1\u0159sk\u00e9mu \u0159emeslu u sv\u00e9ho otce. Po d\u0159evozpracuj\u00edc\u00ed \u0161kole ve Vala\u0161sk\u00e9m Mezi\u0159\u00ed\u010d\u00ed ode\u0161el do Prahy studovat n\u00e1bytek a interi\u00e9rov\u00fd design na Um\u011bleckopr\u016fmyslovou \u0161kolu. Po \u0161kole nastoupil na st\u00e1\u017e do Spojen\u00fdch um\u011bleckopr\u016fmyslov\u00fdch z\u00e1vod\u016f (UP z\u00e1vody) v Brn\u011b, kde se [&hellip;]<\/p>\n","protected":false},"author":1,"featured_media":0,"parent":0,"menu_order":0,"comment_status":"closed","ping_status":"closed","template":"","meta":{"footnotes":""},"class_list":["post-2116","page","type-page","status-publish","hentry"],"_links":{"self":[{"href":"https:\/\/mid-century-design.com\/cs\/wp-json\/wp\/v2\/pages\/2116","targetHints":{"allow":["GET"]}}],"collection":[{"href":"https:\/\/mid-century-design.com\/cs\/wp-json\/wp\/v2\/pages"}],"about":[{"href":"https:\/\/mid-century-design.com\/cs\/wp-json\/wp\/v2\/types\/page"}],"author":[{"embeddable":true,"href":"https:\/\/mid-century-design.com\/cs\/wp-json\/wp\/v2\/users\/1"}],"replies":[{"embeddable":true,"href":"https:\/\/mid-century-design.com\/cs\/wp-json\/wp\/v2\/comments?post=2116"}],"version-history":[{"count":6,"href":"https:\/\/mid-century-design.com\/cs\/wp-json\/wp\/v2\/pages\/2116\/revisions"}],"predecessor-version":[{"id":2129,"href":"https:\/\/mid-century-design.com\/cs\/wp-json\/wp\/v2\/pages\/2116\/revisions\/2129"}],"wp:attachment":[{"href":"https:\/\/mid-century-design.com\/cs\/wp-json\/wp\/v2\/media?parent=2116"}],"curies":[{"name":"wp","href":"https:\/\/api.w.org\/{rel}","templated":true}]}}