{"id":2098,"date":"2024-07-16T13:57:21","date_gmt":"2024-07-16T11:57:21","guid":{"rendered":"https:\/\/mid-century-design.com\/design-objects\/"},"modified":"2026-03-17T13:45:34","modified_gmt":"2026-03-17T12:45:34","slug":"designove-objekty","status":"publish","type":"page","link":"https:\/\/mid-century-design.com\/cs\/designove-objekty\/","title":{"rendered":"Designov\u00e9 objekty"},"content":{"rendered":"\n<div class=\"wp-block-group alignwide has-global-padding is-layout-constrained wp-container-core-group-is-layout-b25ccd55 wp-block-group-is-layout-constrained\" style=\"margin-top:0;margin-bottom:0;padding-top:var(--wp--preset--spacing--50);padding-right:var(--wp--preset--spacing--50);padding-bottom:var(--wp--preset--spacing--50);padding-left:var(--wp--preset--spacing--50)\">\n<div class=\"wp-block-columns alignwide is-layout-flex wp-container-core-columns-is-layout-ff4b9c61 wp-block-columns-is-layout-flex\" style=\"margin-top:0;margin-bottom:0\">\n<div class=\"wp-block-column is-layout-flow wp-container-core-column-is-layout-8a368f38 wp-block-column-is-layout-flow\">\n<figure class=\"wp-block-image size-large is-resized\"><a href=\"https:\/\/mid-century-design.com\/cs\/jindrich-halabala-koktejl-kreslo-c-1\/\"><img loading=\"lazy\" decoding=\"async\" width=\"480\" height=\"640\" src=\"https:\/\/mid-century-design.com\/wp-content\/uploads\/2024\/07\/C.1.Left45-rotated.jpg\" alt=\"J. Halabala, koktejlov&#xE9; k&#x159;eslo &#x201C;C&#x201D; - hlavn&#xED; pohled\" class=\"wp-image-254\" style=\"width:274px;height:auto\" srcset=\"https:\/\/mid-century-design.com\/wp-content\/uploads\/2024\/07\/C.1.Left45-rotated.jpg 480w, https:\/\/mid-century-design.com\/wp-content\/uploads\/2024\/07\/C.1.Left45-225x300.jpg 225w\" sizes=\"auto, (max-width: 480px) 100vw, 480px\" \/><\/a><figcaption class=\"wp-element-caption\"><strong><mark style=\"background-color:rgba(0, 0, 0, 0)\" class=\"has-inline-color has-contrast-color\">Jind\u0159ich Halabala, koktejlov\u00e9 k\u0159eslo C, 35. l\u00e9ta 20. stolet\u00ed Cena: 590 \u20ac<\/mark><\/strong><\/figcaption><\/figure>\n\n\n\n<div style=\"height:var(--wp--preset--spacing--50)\" aria-hidden=\"true\" class=\"wp-block-spacer\"><\/div>\n\n\n\n<figure class=\"wp-block-image size-full is-resized\"><a href=\"https:\/\/mid-century-design.com\/cs\/mucke-melder-konzolove-kreslo-fn21-famos-d-varianta-no1\/\"><img loading=\"lazy\" decoding=\"async\" width=\"480\" height=\"640\" src=\"https:\/\/mid-century-design.com\/wp-content\/uploads\/2025\/07\/Mucke-Melder-cantilever-armchair-FN21-No.1-main-view-rotated.jpg\" alt=\"Konzolov&#xE9; k&#x159;eslo M&#xFC;cke-Melder FN21 &#x10D;. 1 - hlavn&#xED; pohled\" class=\"wp-image-2861\" style=\"width:272px;height:auto\" srcset=\"https:\/\/mid-century-design.com\/wp-content\/uploads\/2025\/07\/Mucke-Melder-cantilever-armchair-FN21-No.1-main-view-rotated.jpg 480w, https:\/\/mid-century-design.com\/wp-content\/uploads\/2025\/07\/Mucke-Melder-cantilever-armchair-FN21-No.1-main-view-225x300.jpg 225w\" sizes=\"auto, (max-width: 480px) 100vw, 480px\" \/><\/a><figcaption class=\"wp-element-caption\"><strong><mark style=\"background-color:rgba(0, 0, 0, 0)\" class=\"has-inline-color has-contrast-color\">Konzolov\u00e9 k\u0159eslo M\u00fccke-Melder FN21 Famos (varianta D), 30. l\u00e9ta 20. stolet\u00ed. Cena: 1600 \u20ac <\/mark><\/strong><\/figcaption><\/figure>\n\n\n\n<div style=\"height:var(--wp--preset--spacing--50)\" aria-hidden=\"true\" class=\"wp-block-spacer\"><\/div>\n\n\n\n<figure class=\"wp-block-image size-full\"><a href=\"https:\/\/mid-century-design.com\/cs\/hynek-gottwald-konzolova-kresla-ek34-par1\/\"><img loading=\"lazy\" decoding=\"async\" width=\"480\" height=\"640\" src=\"https:\/\/mid-century-design.com\/wp-content\/uploads\/2025\/07\/Hynek-Gottwald-cantilever-armchair-EK34-Pair.1-main-view-rotated.jpg\" alt=\"Konzolov&#xE9; k&#x159;eslo Hynek Gottwald EK34 Pair.1 - hlavn&#xED; pohled\" class=\"wp-image-2969\" srcset=\"https:\/\/mid-century-design.com\/wp-content\/uploads\/2025\/07\/Hynek-Gottwald-cantilever-armchair-EK34-Pair.1-main-view-rotated.jpg 480w, https:\/\/mid-century-design.com\/wp-content\/uploads\/2025\/07\/Hynek-Gottwald-cantilever-armchair-EK34-Pair.1-main-view-225x300.jpg 225w\" sizes=\"auto, (max-width: 480px) 100vw, 480px\" \/><\/a><figcaption class=\"wp-element-caption\"><strong><mark style=\"background-color:rgba(0, 0, 0, 0)\" class=\"has-inline-color has-contrast-color\">Hynek Gottwald, p\u00e1r konzolov\u00fdch ocelov\u00fdch k\u0159esel EK34, 30. l\u00e9ta 20. stolet\u00ed. Cena: 1600 \u20ac za kus <\/mark><\/strong><\/figcaption><\/figure>\n\n\n\n<div style=\"height:var(--wp--preset--spacing--50)\" aria-hidden=\"true\" class=\"wp-block-spacer\"><\/div>\n\n\n\n<figure class=\"wp-block-image size-full is-resized is-style-default\"><a href=\"https:\/\/mid-century-design.com\/cs\/jozsef-peresztegi-kresla-ocelovych-trubek-par1\/\"><img loading=\"lazy\" decoding=\"async\" width=\"640\" height=\"480\" src=\"https:\/\/mid-century-design.com\/wp-content\/uploads\/2024\/08\/Peresztegi.Pair1_.Front2_.jpg\" alt=\"J. Peresztegi, p&#xE1;r ocelov&#xFD;ch trubkov&#xFD;ch k&#x159;esel, 60. l&#xE9;ta - hlavn&#xED; pohled\" class=\"wp-image-619\" style=\"width:272px;height:auto\" srcset=\"https:\/\/mid-century-design.com\/wp-content\/uploads\/2024\/08\/Peresztegi.Pair1_.Front2_.jpg 640w, https:\/\/mid-century-design.com\/wp-content\/uploads\/2024\/08\/Peresztegi.Pair1_.Front2_-300x225.jpg 300w\" sizes=\"auto, (max-width: 640px) 100vw, 640px\" \/><\/a><figcaption class=\"wp-element-caption\"><strong><mark style=\"background-color:rgba(0, 0, 0, 0)\" class=\"has-inline-color has-contrast-color\">J\u00f3zsef Peresztegi, k\u0159esla z ocelov\u00fdch trubek, 60. l\u00e9ta 20. stolet\u00ed. Cena: 490 \u20ac<\/mark><\/strong><\/figcaption><\/figure>\n\n\n\n<div style=\"height:var(--wp--preset--spacing--50)\" aria-hidden=\"true\" class=\"wp-block-spacer\"><\/div>\n\n\n\n<figure class=\"wp-block-image size-full\"><a href=\"https:\/\/mid-century-design.com\/cs\/mucke-melder-konzolova-kresla-fn21-famos-par1\/\"><img loading=\"lazy\" decoding=\"async\" width=\"480\" height=\"640\" src=\"https:\/\/mid-century-design.com\/wp-content\/uploads\/2025\/11\/Mucke-Melder-Cantilever-Armchairs-FN21-Famos-Pair1-main-view-rotated.jpg\" alt=\"Konzolov&#xE1; k&#x159;esla M&#xFC;cke-Melder FN21 Famos Pair1 - hlavn&#xED; pohled\" class=\"wp-image-3304\" srcset=\"https:\/\/mid-century-design.com\/wp-content\/uploads\/2025\/11\/Mucke-Melder-Cantilever-Armchairs-FN21-Famos-Pair1-main-view-rotated.jpg 480w, https:\/\/mid-century-design.com\/wp-content\/uploads\/2025\/11\/Mucke-Melder-Cantilever-Armchairs-FN21-Famos-Pair1-main-view-225x300.jpg 225w\" sizes=\"auto, (max-width: 480px) 100vw, 480px\" \/><\/a><figcaption class=\"wp-element-caption\"><strong><mark style=\"background-color:rgba(0, 0, 0, 0)\" class=\"has-inline-color has-contrast-color\">P\u00e1r konzolov\u00fdch k\u0159esel M\u00fccke-Melder FN21 Famos, 40. l\u00e9ta 20. stolet\u00ed. Cena: 1600 \u20ac za kus <\/mark><\/strong><\/figcaption><\/figure>\n<\/div>\n\n\n\n<div class=\"wp-block-column is-layout-flow wp-container-core-column-is-layout-a77db08e wp-block-column-is-layout-flow\">\n<figure class=\"wp-block-image size-full is-resized\"><a href=\"https:\/\/mid-century-design.com\/cs\/konferencni-stolek-b604-1\/\"><img loading=\"lazy\" decoding=\"async\" width=\"480\" height=\"640\" src=\"https:\/\/mid-century-design.com\/wp-content\/uploads\/2024\/08\/B604.Left45-rotated.jpg\" alt=\"&#x10C;esk&#xFD; mid-century konferen&#x10D;n&#xED; stolek B604 - hlavn&#xED; pohled\" class=\"wp-image-309\" style=\"width:272px;height:auto\" srcset=\"https:\/\/mid-century-design.com\/wp-content\/uploads\/2024\/08\/B604.Left45-rotated.jpg 480w, https:\/\/mid-century-design.com\/wp-content\/uploads\/2024\/08\/B604.Left45-225x300.jpg 225w\" sizes=\"auto, (max-width: 480px) 100vw, 480px\" \/><\/a><figcaption class=\"wp-element-caption\"><strong><mark style=\"background-color:rgba(0, 0, 0, 0)\" class=\"has-inline-color has-contrast-color\">Konferen\u010dn\u00ed stolek B-604 z tov\u00e1rny Univerzal, 50. l\u00e9ta 20. stolet\u00ed. Cena: 390 \u20ac<\/mark><\/strong><\/figcaption><\/figure>\n\n\n\n<div style=\"height:var(--wp--preset--spacing--50)\" aria-hidden=\"true\" class=\"wp-block-spacer\"><\/div>\n\n\n\n<figure class=\"wp-block-image size-full\"><a href=\"https:\/\/mid-century-design.com\/cs\/mucke-melder-klubovy-stul-tn58-no1\/\"><img loading=\"lazy\" decoding=\"async\" width=\"480\" height=\"640\" src=\"https:\/\/mid-century-design.com\/wp-content\/uploads\/2025\/07\/Mucke-Melder-club-table-TN58-No1-front1-rotated.jpg\" alt=\"Klubov&#xFD; st&#x16F;l M&#xFC;cke-Melder TN58 - hlavn&#xED; pohled\" class=\"wp-image-2639\" srcset=\"https:\/\/mid-century-design.com\/wp-content\/uploads\/2025\/07\/Mucke-Melder-club-table-TN58-No1-front1-rotated.jpg 480w, https:\/\/mid-century-design.com\/wp-content\/uploads\/2025\/07\/Mucke-Melder-club-table-TN58-No1-front1-225x300.jpg 225w\" sizes=\"auto, (max-width: 480px) 100vw, 480px\" \/><\/a><figcaption class=\"wp-element-caption\"><strong><mark style=\"background-color:rgba(0, 0, 0, 0)\" class=\"has-inline-color has-contrast-color\">Funkcionalistick\u00fd klubov\u00fd st\u016fl M\u00fccke-Melder TN58, 30.-40. l\u00e9ta 20. stolet\u00ed. Cena: 600 \u20ac <\/mark><\/strong><\/figcaption><\/figure>\n\n\n\n<div style=\"height:var(--wp--preset--spacing--50)\" aria-hidden=\"true\" class=\"wp-block-spacer\"><\/div>\n\n\n\n<figure class=\"wp-block-image size-full\"><a href=\"https:\/\/mid-century-design.com\/cs\/napako-stolni-lampa-mod-8239-no1\/\"><img loading=\"lazy\" decoding=\"async\" width=\"480\" height=\"640\" src=\"https:\/\/mid-century-design.com\/wp-content\/uploads\/2025\/07\/Napako-table-lamp-Mod.-8239-No.1-main-view-rotated.jpg\" alt=\"Stoln&#xED; lampa Napako Mod. 8239 No.1 - hlavn&#xED; pohled \" class=\"wp-image-2746\" srcset=\"https:\/\/mid-century-design.com\/wp-content\/uploads\/2025\/07\/Napako-table-lamp-Mod.-8239-No.1-main-view-rotated.jpg 480w, https:\/\/mid-century-design.com\/wp-content\/uploads\/2025\/07\/Napako-table-lamp-Mod.-8239-No.1-main-view-225x300.jpg 225w\" sizes=\"auto, (max-width: 480px) 100vw, 480px\" \/><\/a><figcaption class=\"wp-element-caption\"><strong><mark style=\"background-color:rgba(0, 0, 0, 0)\" class=\"has-inline-color has-contrast-color\">Funkcionalistick\u00e1 stoln\u00ed lampa Napako Mod. 8239, 30.-40. l\u00e9ta 20. stolet\u00ed. Cena: 300 \u20ac <\/mark><\/strong><\/figcaption><\/figure>\n\n\n\n<div style=\"height:var(--wp--preset--spacing--50)\" aria-hidden=\"true\" class=\"wp-block-spacer\"><\/div>\n\n\n\n<figure class=\"wp-block-image size-large\"><a href=\"https:\/\/mid-century-design.com\/cs\/laszlo-heczendorfer-triplet1\/\"><img loading=\"lazy\" decoding=\"async\" width=\"640\" height=\"480\" src=\"https:\/\/mid-century-design.com\/wp-content\/uploads\/2024\/08\/Heczendorfer.Triplet1.Right315-rotated.jpg\" alt=\"L. Heczendorfer, sada 2 k&#x159;esel a podno&#x17E;ky, 70. l&#xE9;ta - hlavn&#xED; pohled\" class=\"wp-image-436\" srcset=\"https:\/\/mid-century-design.com\/wp-content\/uploads\/2024\/08\/Heczendorfer.Triplet1.Right315-rotated.jpg 640w, https:\/\/mid-century-design.com\/wp-content\/uploads\/2024\/08\/Heczendorfer.Triplet1.Right315-300x225.jpg 300w\" sizes=\"auto, (max-width: 640px) 100vw, 640px\" \/><\/a><figcaption class=\"wp-element-caption\"><strong><mark style=\"background-color:rgba(0, 0, 0, 0)\" class=\"has-inline-color has-contrast-color\">L\u00e1szl\u00f3 Heczendorfer, &#8222;Kanizsa&#8220; souprava 2 k\u0159esel a podno\u017eky, 70. l\u00e9ta 20. stolet\u00ed. Cena: <\/mark>&#8211;<\/strong><\/figcaption><\/figure>\n\n\n\n<div style=\"height:var(--wp--preset--spacing--50)\" aria-hidden=\"true\" class=\"wp-block-spacer\"><\/div>\n\n\n\n<figure class=\"wp-block-image size-full\"><a href=\"https:\/\/mid-century-design.com\/cs\/jaroslav-smidek-par-kresel-6951-1\/\"><img loading=\"lazy\" decoding=\"async\" width=\"640\" height=\"480\" src=\"https:\/\/mid-century-design.com\/wp-content\/uploads\/2024\/08\/Smidek.6951.Pair1_.Left45-rotated.jpg\" alt=\"J. &#x160;m&#xED;dek, p&#xE1;r mid-century k&#x159;esel 6951, 1957 - hlavn&#xED; pohled\" class=\"wp-image-351\" srcset=\"https:\/\/mid-century-design.com\/wp-content\/uploads\/2024\/08\/Smidek.6951.Pair1_.Left45-rotated.jpg 640w, https:\/\/mid-century-design.com\/wp-content\/uploads\/2024\/08\/Smidek.6951.Pair1_.Left45-300x225.jpg 300w\" sizes=\"auto, (max-width: 640px) 100vw, 640px\" \/><\/a><figcaption class=\"wp-element-caption\"><strong><mark style=\"background-color:rgba(0, 0, 0, 0)\" class=\"has-inline-color has-contrast-color\">Jaroslav \u0160m\u00eddek, p\u00e1r k\u0159esel 6951, 1957. Cena: &#8211; <\/mark><\/strong><\/figcaption><\/figure>\n<\/div>\n\n\n\n<div class=\"wp-block-column is-layout-flow wp-container-core-column-is-layout-8a368f38 wp-block-column-is-layout-flow\">\n<figure class=\"wp-block-image size-large is-resized\"><a href=\"https:\/\/mid-century-design.com\/cs\/thonet-polohovaci-kreslo1\/\"><img loading=\"lazy\" decoding=\"async\" width=\"480\" height=\"640\" src=\"https:\/\/mid-century-design.com\/wp-content\/uploads\/2024\/08\/Thonet.RecliningChair1.Right335Middle-rotated.jpg\" alt=\"Polohovac&#xED; k&#x159;eslo Thonet PR15, 30. l&#xE9;ta 20. stolet&#xED; - hlavn&#xED; pohled\" class=\"wp-image-455\" style=\"width:277px;height:auto\" srcset=\"https:\/\/mid-century-design.com\/wp-content\/uploads\/2024\/08\/Thonet.RecliningChair1.Right335Middle-rotated.jpg 480w, https:\/\/mid-century-design.com\/wp-content\/uploads\/2024\/08\/Thonet.RecliningChair1.Right335Middle-225x300.jpg 225w\" sizes=\"auto, (max-width: 480px) 100vw, 480px\" \/><\/a><figcaption class=\"wp-element-caption\"><strong><mark style=\"background-color:rgba(0, 0, 0, 0)\" class=\"has-inline-color has-contrast-color\">Polohovac\u00ed k\u0159esloThonet PR15, 30. l\u00e9ta 20. stolet\u00ed. Cena: 1050 \u20ac<\/mark><\/strong><\/figcaption><\/figure>\n\n\n\n<div style=\"height:var(--wp--preset--spacing--50)\" aria-hidden=\"true\" class=\"wp-block-spacer\"><\/div>\n\n\n\n<figure class=\"wp-block-image size-full\"><a href=\"https:\/\/mid-century-design.com\/cs\/mucke-melder-konzolove-kreslo-fn24-no1\/\"><img loading=\"lazy\" decoding=\"async\" width=\"480\" height=\"640\" src=\"https:\/\/mid-century-design.com\/wp-content\/uploads\/2025\/07\/Mucke-Melder-cantilever-armchair-FN24-No.1-right-profile--rotated.jpg\" alt=\"Konzolov&#xE9; k&#x159;eslo M&#xFC;cke-Melder FN24 &#x10D;. 1 - prav&#xFD; profil\" class=\"wp-image-2822\" srcset=\"https:\/\/mid-century-design.com\/wp-content\/uploads\/2025\/07\/Mucke-Melder-cantilever-armchair-FN24-No.1-right-profile--rotated.jpg 480w, https:\/\/mid-century-design.com\/wp-content\/uploads\/2025\/07\/Mucke-Melder-cantilever-armchair-FN24-No.1-right-profile--225x300.jpg 225w\" sizes=\"auto, (max-width: 480px) 100vw, 480px\" \/><\/a><figcaption class=\"wp-element-caption\"><strong><mark style=\"background-color:rgba(0, 0, 0, 0)\" class=\"has-inline-color has-contrast-color\">Konzolov\u00e9 ocelov\u00e9 k\u0159eslo FN24 od firmy M\u00fccke-Melder, 40.-50. l\u00e9ta 20. stolet\u00ed. Cena: 1200 \u20ac <\/mark><\/strong><\/figcaption><\/figure>\n\n\n\n<div style=\"height:var(--wp--preset--spacing--50)\" aria-hidden=\"true\" class=\"wp-block-spacer\"><\/div>\n\n\n\n<figure class=\"wp-block-image size-full\"><a href=\"https:\/\/mid-century-design.com\/cs\/robert-slezak-functionalisticky-stul-st44-no1\/\"><img loading=\"lazy\" decoding=\"async\" width=\"480\" height=\"640\" src=\"https:\/\/mid-century-design.com\/wp-content\/uploads\/2025\/07\/Robert-Slezak-table-ST44-No.-1-main-view-rotated.jpg\" alt=\"Robert Slez&#xE1;k st&#x16F;l ST44 (&#x10D;. 1) - hlavn&#xED; pohled\" class=\"wp-image-2695\" srcset=\"https:\/\/mid-century-design.com\/wp-content\/uploads\/2025\/07\/Robert-Slezak-table-ST44-No.-1-main-view-rotated.jpg 480w, https:\/\/mid-century-design.com\/wp-content\/uploads\/2025\/07\/Robert-Slezak-table-ST44-No.-1-main-view-225x300.jpg 225w\" sizes=\"auto, (max-width: 480px) 100vw, 480px\" \/><\/a><figcaption class=\"wp-element-caption\"><strong><mark style=\"background-color:rgba(0, 0, 0, 0)\" class=\"has-inline-color has-contrast-color\">Funkcionalistick\u00fd st\u016fl T44 od Roberta Slez\u00e1ka, 30.-40. l\u00e9ta 20. stolet\u00ed. Cena: 900 \u20ac <\/mark><\/strong><\/figcaption><\/figure>\n\n\n\n<div style=\"height:var(--wp--preset--spacing--50)\" aria-hidden=\"true\" class=\"wp-block-spacer\"><\/div>\n\n\n\n<figure class=\"wp-block-image size-full\"><a href=\"https:\/\/mid-century-design.com\/cs\/jindrich-halabala-par-koktejlovych-kresel-c-3\/\"><img loading=\"lazy\" decoding=\"async\" width=\"640\" height=\"480\" src=\"https:\/\/mid-century-design.com\/wp-content\/uploads\/2024\/08\/C.Pair3_.Left45-rotated.jpg\" alt=\"J. Halabala, p&#xE1;r koktejlov&#xFD;ch k&#x159;esel &#x201E;C&#x201C;, 1935 - hlavn&#xED; pohled\" class=\"wp-image-481\" srcset=\"https:\/\/mid-century-design.com\/wp-content\/uploads\/2024\/08\/C.Pair3_.Left45-rotated.jpg 640w, https:\/\/mid-century-design.com\/wp-content\/uploads\/2024\/08\/C.Pair3_.Left45-300x225.jpg 300w\" sizes=\"auto, (max-width: 640px) 100vw, 640px\" \/><\/a><figcaption class=\"wp-element-caption\"><strong><mark style=\"background-color:rgba(0, 0, 0, 0)\" class=\"has-inline-color has-contrast-color\">Jind\u0159ich Halabala, p\u00e1r koktejlov\u00fdch k\u0159esel C, 1935s. Cena: &#8211; <\/mark><\/strong><\/figcaption><\/figure>\n\n\n\n<div style=\"height:var(--wp--preset--spacing--50)\" aria-hidden=\"true\" class=\"wp-block-spacer\"><\/div>\n\n\n\n<figure class=\"wp-block-image size-full is-style-default\"><a href=\"https:\/\/mid-century-design.com\/cs\/napako-stolni-lampa-mod-1160-no1\/\"><img loading=\"lazy\" decoding=\"async\" width=\"480\" height=\"640\" src=\"https:\/\/mid-century-design.com\/wp-content\/uploads\/2025\/11\/Napako-table-lamp-Mod.-1160-No.1-main-view-rotated.jpg\" alt=\"Stoln&#xED; lampa Napako Mod. 1160 No.1 - hlavn&#xED; pohled \" class=\"wp-image-3368\" srcset=\"https:\/\/mid-century-design.com\/wp-content\/uploads\/2025\/11\/Napako-table-lamp-Mod.-1160-No.1-main-view-rotated.jpg 480w, https:\/\/mid-century-design.com\/wp-content\/uploads\/2025\/11\/Napako-table-lamp-Mod.-1160-No.1-main-view-225x300.jpg 225w\" sizes=\"auto, (max-width: 480px) 100vw, 480px\" \/><\/a><figcaption class=\"wp-element-caption\"><strong><mark style=\"background-color:rgba(0, 0, 0, 0)\" class=\"has-inline-color has-contrast-color\">Funkcionalistick\u00e1 stoln\u00ed lampa Napako mod. 1160. Cena: 200 \u20ac<\/mark><\/strong><\/figcaption><\/figure>\n<\/div>\n\n\n\n<div class=\"wp-block-column is-layout-flow wp-container-core-column-is-layout-8a368f38 wp-block-column-is-layout-flow\">\n<figure class=\"wp-block-image size-full\"><a href=\"https:\/\/mid-century-design.com\/cs\/jindrich-halabala-kreslo-h410-1\/\"><img loading=\"lazy\" decoding=\"async\" width=\"480\" height=\"640\" src=\"https:\/\/mid-century-design.com\/wp-content\/uploads\/2024\/07\/H410.1.Right315-rotated.jpg\" alt=\"J. Halabala, k&#x159;eslo H-410, 30. l&#xE9;ta 20. stolet&#xED; - hlavn&#xED; pohled\" class=\"wp-image-265\" srcset=\"https:\/\/mid-century-design.com\/wp-content\/uploads\/2024\/07\/H410.1.Right315-rotated.jpg 480w, https:\/\/mid-century-design.com\/wp-content\/uploads\/2024\/07\/H410.1.Right315-225x300.jpg 225w\" sizes=\"auto, (max-width: 480px) 100vw, 480px\" \/><\/a><figcaption class=\"wp-element-caption\"><strong><mark style=\"background-color:rgba(0, 0, 0, 0)\" class=\"has-inline-color has-contrast-color\">Jind\u0159ich Halabala, k\u0159eslo H-410, 30. l\u00e9ta 20. stolet\u00ed. Cena: &#8211; <\/mark><\/strong><\/figcaption><\/figure>\n\n\n\n<div style=\"height:var(--wp--preset--spacing--50)\" aria-hidden=\"true\" class=\"wp-block-spacer\"><\/div>\n\n\n\n<figure class=\"wp-block-image size-full is-resized\"><a href=\"https:\/\/mid-century-design.com\/cs\/kovona-konzolova-kresla-k108-par1\/\"><img loading=\"lazy\" decoding=\"async\" width=\"447\" height=\"557\" src=\"https:\/\/mid-century-design.com\/wp-content\/uploads\/2025\/11\/Kovona-Cantilever-Armchairs-K108-Pair1-main-view1.jpg\" alt=\"Kovona konzolov&#xE1; k&#x159;esla K108 p&#xE1;r1 - hlavn&#xED; pohled1\" class=\"wp-image-3569\" style=\"width:279px;height:auto\" srcset=\"https:\/\/mid-century-design.com\/wp-content\/uploads\/2025\/11\/Kovona-Cantilever-Armchairs-K108-Pair1-main-view1.jpg 447w, https:\/\/mid-century-design.com\/wp-content\/uploads\/2025\/11\/Kovona-Cantilever-Armchairs-K108-Pair1-main-view1-241x300.jpg 241w\" sizes=\"auto, (max-width: 447px) 100vw, 447px\" \/><\/a><figcaption class=\"wp-element-caption\"><strong><mark style=\"background-color:rgba(0, 0, 0, 0)\" class=\"has-inline-color has-contrast-color\">Konzolov\u00e1 ocelov\u00e1 k\u0159esla K108 (S411), Kovona, 40.-50. l\u00e9ta 20. stolet\u00ed.Cena: 1200 \u20ac za kus<\/mark><\/strong><\/figcaption><\/figure>\n\n\n\n<div style=\"height:var(--wp--preset--spacing--50)\" aria-hidden=\"true\" class=\"wp-block-spacer\"><\/div>\n\n\n\n<div style=\"height:100px\" aria-hidden=\"true\" class=\"wp-block-spacer\"><\/div>\n\n\n\n<figure class=\"wp-block-image size-full\"><img loading=\"lazy\" decoding=\"async\" width=\"556\" height=\"521\" src=\"https:\/\/mid-century-design.com\/wp-content\/uploads\/2024\/08\/ComingSoon-mini556.jpg\" alt=\"\" class=\"wp-image-707\" srcset=\"https:\/\/mid-century-design.com\/wp-content\/uploads\/2024\/08\/ComingSoon-mini556.jpg 556w, https:\/\/mid-century-design.com\/wp-content\/uploads\/2024\/08\/ComingSoon-mini556-300x281.jpg 300w\" sizes=\"auto, (max-width: 556px) 100vw, 556px\" \/><figcaption class=\"wp-element-caption\"><br\/>                <\/figcaption><\/figure>\n\n\n\n<div style=\"height:var(--wp--preset--spacing--50)\" aria-hidden=\"true\" class=\"wp-block-spacer\"><\/div>\n\n\n\n<div style=\"height:47px\" aria-hidden=\"true\" class=\"wp-block-spacer\"><\/div>\n\n\n\n<figure class=\"wp-block-image size-full is-resized is-style-default\"><a href=\"https:\/\/mid-century-design.com\/cs\/jozsef-peresztegi-ikonicka-trubkova-kresla-par2\/\"><img loading=\"lazy\" decoding=\"async\" width=\"640\" height=\"480\" src=\"https:\/\/mid-century-design.com\/wp-content\/uploads\/2024\/08\/Peresztegi.Pair2_.Front2_.jpg\" alt=\"J. Peresztegi, p&#xE1;r ikonick&#xFD;ch trubkov&#xFD;ch ocelov&#xFD;ch k&#x159;esel, 1956 - hlavn&#xED; pohled\" class=\"wp-image-633\" style=\"width:272px;height:auto\" srcset=\"https:\/\/mid-century-design.com\/wp-content\/uploads\/2024\/08\/Peresztegi.Pair2_.Front2_.jpg 640w, https:\/\/mid-century-design.com\/wp-content\/uploads\/2024\/08\/Peresztegi.Pair2_.Front2_-300x225.jpg 300w\" sizes=\"auto, (max-width: 640px) 100vw, 640px\" \/><\/a><figcaption class=\"wp-element-caption\"><strong><mark style=\"background-color:rgba(0, 0, 0, 0)\" class=\"has-inline-color has-contrast-color\">J\u00f3zsef Peresztegi, Ikonick\u00e1 ocelov\u00e1 k\u0159esla, 1956. Cena: 590 \u20ac<\/mark><\/strong><\/figcaption><\/figure>\n\n\n\n<div style=\"height:var(--wp--preset--spacing--50)\" aria-hidden=\"true\" class=\"wp-block-spacer\"><\/div>\n\n\n<\/div>\n<\/div>\n<\/div>\n\n<p><\/p>\n","protected":false},"excerpt":{"rendered":"","protected":false},"author":1,"featured_media":0,"parent":0,"menu_order":10,"comment_status":"closed","ping_status":"closed","template":"","meta":{"footnotes":""},"class_list":["post-2098","page","type-page","status-publish","hentry"],"_links":{"self":[{"href":"https:\/\/mid-century-design.com\/cs\/wp-json\/wp\/v2\/pages\/2098","targetHints":{"allow":["GET"]}}],"collection":[{"href":"https:\/\/mid-century-design.com\/cs\/wp-json\/wp\/v2\/pages"}],"about":[{"href":"https:\/\/mid-century-design.com\/cs\/wp-json\/wp\/v2\/types\/page"}],"author":[{"embeddable":true,"href":"https:\/\/mid-century-design.com\/cs\/wp-json\/wp\/v2\/users\/1"}],"replies":[{"embeddable":true,"href":"https:\/\/mid-century-design.com\/cs\/wp-json\/wp\/v2\/comments?post=2098"}],"version-history":[{"count":15,"href":"https:\/\/mid-century-design.com\/cs\/wp-json\/wp\/v2\/pages\/2098\/revisions"}],"predecessor-version":[{"id":4089,"href":"https:\/\/mid-century-design.com\/cs\/wp-json\/wp\/v2\/pages\/2098\/revisions\/4089"}],"wp:attachment":[{"href":"https:\/\/mid-century-design.com\/cs\/wp-json\/wp\/v2\/media?parent=2098"}],"curies":[{"name":"wp","href":"https:\/\/api.w.org\/{rel}","templated":true}]}}