{"id":2049,"date":"2024-08-09T12:19:14","date_gmt":"2024-08-09T10:19:14","guid":{"rendered":"https:\/\/mid-century-design.com\/jozsef-peresztegi-iconic-tubular-steel-armchairs-pair2\/"},"modified":"2025-12-03T09:10:58","modified_gmt":"2025-12-03T08:10:58","slug":"jozsef-peresztegi-ikonicka-trubkova-kresla-par2","status":"publish","type":"page","link":"https:\/\/mid-century-design.com\/cs\/jozsef-peresztegi-ikonicka-trubkova-kresla-par2\/","title":{"rendered":"J\u00f3zsef Peresztegi, ikonick\u00e1 k\u0159esla z ocelov\u00fdch trubek, 1956"},"content":{"rendered":"\n<h2 class=\"wp-block-heading\">Tento velmi obl\u00edben\u00fd model trubkov\u00fdch k\u0159esel ve stylu Bauhaus navrhl v\u00fdznamn\u00fd ma\u010farsk\u00fd design\u00e9r <strong><em>J\u00f3zsef Peresztegi<\/em><\/strong> v tradici BAUHAUSU, ale v jeho origin\u00e1ln\u00edm stylu.<\/h2>\n\n<p class=\"has-large-font-size\">Poprv\u00e9 bylo vystaveno v roce 1956 a od t\u00e9 doby se vyr\u00e1b\u011blo a\u017e do 60. let 20. stolet\u00ed.<br\/>Velmi stabiln\u00ed a pohodln\u00e9.<\/p>\n<div><style id=\"wp_carousel_dynamic_css770\">#sp-wp-carousel-free-id-770 .wpcp-swiper-dots {margin: 40px 0px 0px 0px;}.wpcp-wrapper-770 .swiper-wrapper .swiper-slide-kenburn, .wpcp-wrapper-770 .swiper-wrapper, .wpcp-wrapper-770 .wpcpro-row{align-items: center;}#sp-wp-carousel-free-id-770 .wpcp-single-item {box-shadow: 0px 0px 0px 0px #dddddd;transition: all .3s;margin: 0px;}#sp-wp-carousel-free-id-770.swiper-flip .wpcp-single-item{margin: 0!important;}#sp-wp-carousel-free-id-770 .wpcp-single-item:hover {box-shadow: 0px 0px 0px 0px #dddddd;}#sp-wp-carousel-free-id-770.sp-wpcp-770 .wpcp-single-item {border: 1px solid #dddddd;}#sp-wp-carousel-free-id-770.sp-wpcp-770 .swiper-button-prev,#sp-wp-carousel-free-id-770.sp-wpcp-770 .swiper-button-next,#sp-wp-carousel-free-id-770.sp-wpcp-770 .swiper-button-prev:hover,#sp-wp-carousel-free-id-770.sp-wpcp-770 .swiper-button-next:hover {background: none;border: none;font-size: 30px;}#sp-wp-carousel-free-id-770.sp-wpcp-770 .swiper-button-prev i,#sp-wp-carousel-free-id-770.sp-wpcp-770 .swiper-button-next i {color: #aaa;}#sp-wp-carousel-free-id-770.sp-wpcp-770 .swiper-button-prev i:hover,#sp-wp-carousel-free-id-770.sp-wpcp-770 .swiper-button-next i:hover {color: #178087;}#sp-wp-carousel-free-id-770.sp-wpcp-770 .wpcp-swiper-dots .swiper-pagination-bullet {background-color: #cccccc;}#sp-wp-carousel-free-id-770.sp-wpcp-770 .wpcp-swiper-dots .swiper-pagination-bullet.swiper-pagination-bullet-active {background-color: #178087;} #sp-wp-carousel-free-id-770.sp-wpcp-770.wpcp-image-carousel .wpcp-single-item:hover img, #sp-wp-carousel-free-id-770.sp-wpcp-770.wpcp-post-carousel .wpcp-single-item:hover img, #sp-wp-carousel-free-id-770.sp-wpcp-770.wpcp-product-carousel .wpcp-single-item:hover img{-webkit-transform: scale(1.2);-moz-transform: scale(1.2);transform: scale(1.2);}#sp-wp-carousel-free-id-770 .wpcpro-row>[class*=\"wpcpro-col-\"] { padding: 0 10px; padding-bottom: 20px;} #sp-wp-carousel-free-id-770 .swiper-slide .single-item-fade:not(:last-child) { margin-right: 20px;}@media (min-width: 480px) { .wpcpro-row .wpcpro-col-sm-1 { flex: 0 0 100%; max-width: 100%; } .wpcpro-row .wpcpro-col-sm-2 { flex: 0 0 50%; max-width: 50%; } .wpcpro-row .wpcpro-col-sm-2-5 { flex: 0 0 75%; max-width: 75%; } .wpcpro-row .wpcpro-col-sm-3 { flex: 0 0 33.333%; max-width: 33.333%; } .wpcpro-row .wpcpro-col-sm-4 { flex: 0 0 25%; max-width: 25%; } .wpcpro-row .wpcpro-col-sm-5 { flex: 0 0 20%; max-width: 20%; } .wpcpro-row .wpcpro-col-sm-6 { flex: 0 0 16.66666666666667%; max-width: 16.66666666666667%; } .wpcpro-row .wpcpro-col-sm-7 { flex: 0 0 14.28571428%; max-width: 14.28571428%; } .wpcpro-row .wpcpro-col-sm-8 { flex: 0 0 12.5%; max-width: 12.5%; } } @media (max-width: 480px) { .wpcpro-row .wpcpro-col-xs-1 { flex: 0 0 100%; max-width: 100%; } .wpcpro-row .wpcpro-col-xs-2 { flex: 0 0 50%; max-width: 50%; } .wpcpro-row .wpcpro-col-xs-3 { flex: 0 0 33.222%; max-width: 33.222%; } .wpcpro-row .wpcpro-col-xs-4 { flex: 0 0 25%; max-width: 25%; } .wpcpro-row .wpcpro-col-xs-5 { flex: 0 0 20%; max-width: 20%; } .wpcpro-row .wpcpro-col-xs-6 { flex: 0 0 16.6667%; max-width: 16.6667%; } .wpcpro-row .wpcpro-col-xs-7 { flex: 0 0 14.28571428%; max-width: 14.28571428%; } .wpcpro-row .wpcpro-col-xs-8 { flex: 0 0 12.5%; max-width: 12.5%; } } @media (min-width: 736px) { .wpcpro-row .wpcpro-col-md-1 { flex: 0 0 100%; max-width: 100%; } .wpcpro-row .wpcpro-col-md-2 { flex: 0 0 50%; max-width: 50%; } .wpcpro-row .wpcpro-col-md-2-5 { flex: 0 0 75%; max-width: 75%; } .wpcpro-row .wpcpro-col-md-3 { flex: 0 0 33.333%; max-width: 33.333%; } .wpcpro-row .wpcpro-col-md-4 { flex: 0 0 25%; max-width: 25%; } .wpcpro-row .wpcpro-col-md-5 { flex: 0 0 20%; max-width: 20%; } .wpcpro-row .wpcpro-col-md-6 { flex: 0 0 16.66666666666667%; max-width: 16.66666666666667%; } .wpcpro-row .wpcpro-col-md-7 { flex: 0 0 14.28571428%; max-width: 14.28571428%; } .wpcpro-row .wpcpro-col-md-8 { flex: 0 0 12.5%; max-width: 12.5%; } } @media (min-width: 980px) { .wpcpro-row .wpcpro-col-lg-1 { flex: 0 0 100%; max-width: 100%; } .wpcpro-row .wpcpro-col-lg-2 { flex: 0 0 50%; max-width: 50%; } .wpcpro-row .wpcpro-col-lg-3 { flex: 0 0 33.222%; max-width: 33.222%; } .wpcpro-row .wpcpro-col-lg-4 { flex: 0 0 25%; max-width: 25%; } .wpcpro-row .wpcpro-col-lg-5 { flex: 0 0 20%; max-width: 20%; } .wpcpro-row .wpcpro-col-lg-6 { flex: 0 0 16.6667%; max-width: 16.6667%; } .wpcpro-row .wpcpro-col-lg-7 { flex: 0 0 14.28571428%; max-width: 14.28571428%; } .wpcpro-row .wpcpro-col-lg-8 { flex: 0 0 12.5%; max-width: 12.5%; } } @media (min-width: 1200px) { .wpcpro-row .wpcpro-col-xl-1 { flex: 0 0 100%; max-width: 100%; } .wpcpro-row .wpcpro-col-xl-2 { flex: 0 0 50%; max-width: 50%; } .wpcpro-row .wpcpro-col-xl-3 { flex: 0 0 33.22222222%; max-width: 33.22222222%; } .wpcpro-row .wpcpro-col-xl-4 { flex: 0 0 25%; max-width: 25%; } .wpcpro-row .wpcpro-col-xl-5 { flex: 0 0 20%; max-width: 20%; } .wpcpro-row .wpcpro-col-xl-6 { flex: 0 0 16.66667%; max-width: 16.66667%; } .wpcpro-row .wpcpro-col-xl-7 { flex: 0 0 14.28571428%; max-width: 14.28571428%; } .wpcpro-row .wpcpro-col-xl-8 { flex: 0 0 12.5%; max-width: 12.5%; } }<\/style><div class=\"wpcp-carousel-wrapper wpcp-wrapper-770\">\n\t<div id=\"wpcp-preloader-770\" class=\"wpcp-carousel-preloader\"><img decoding=\"async\" src=\"https:\/\/mid-century-design.com\/wp-content\/plugins\/wp-carousel-free\/public\/css\/spinner.svg\" alt=\"Preloader Image\" \/><\/div>\t<div class=\"wpcp-carousel-content-wrapper\">\n\t<div id=\"sp-wp-carousel-free-id-770\" class=\"wpcp-carousel-section sp-wpcp-770  nav-vertical-center wpcp-image-carousel wpcp-preloader wpcp-standard\" data-swiper='{ &quot;accessibility&quot;:true, &quot;spaceBetween&quot;:20, &quot;arrows&quot;:true, &quot;freeMode&quot;: false, &quot;autoplay&quot;:true, &quot;effect&quot;: &quot;&quot;, &quot;centerMode&quot;: false, &quot;autoplaySpeed&quot;:3000, &quot;dots&quot;:true, &quot;infinite&quot;:true, &quot;speed&quot;:600, &quot;pauseOnHover&quot;:true,\n\t\t\t&quot;slidesToShow&quot;:{&quot;lg_desktop&quot;:5, &quot;desktop&quot;: 4, &quot;laptop&quot;: 3, &quot;tablet&quot;: 2, &quot;mobile&quot;: 1}, &quot;responsive&quot;:{&quot;desktop&quot;:1200, &quot;laptop&quot;: 980, &quot;tablet&quot;: 736, &quot;mobile&quot;: 480}, &quot;rtl&quot;:false, &quot;lazyLoad&quot;: &quot;false&quot;, &quot;swipe&quot;: true, &quot;draggable&quot;: true, &quot;swipeToSlide&quot;:false }' dir=\"ltr\">\n\t\t<div class=\"swiper-wrapper\">\n\t\t<div class=\"swiper-slide\">\n\t<div class=\"wpcp-single-item\">\n\t\t\t<a class=\"wcp-light-box\" data-buttons='[\"close\"]' data-wpc_url='https:\/\/mid-century-design.com\/wp-content\/uploads\/2024\/08\/Peresztegi.Pair2_.Front4_.jpg' href=\"https:\/\/mid-century-design.com\/wp-content\/uploads\/2024\/08\/Peresztegi.Pair2_.Front4_.jpg\" data-fancybox=\"wpcp_view\">\n\t\t<figure>\n\t\t\t<img loading=\"lazy\" decoding=\"async\" class=\"skip-lazy\" src=\"https:\/\/mid-century-design.com\/wp-content\/uploads\/2024\/08\/Peresztegi.Pair2_.Front4_.jpg\" alt=\"J. Peresztegi, P\u00e1r ikonick\u00fdch ocelov\u00fdch k\u0159esel, 1956 - Obr\u00e1zek 15\" width=\"640\" height=\"480\">\t\t<\/figure>\n\t<\/a>\n\t\t<\/div>\n<\/div>\n\t<div class=\"swiper-slide\">\n\t<div class=\"wpcp-single-item\">\n\t\t\t<a class=\"wcp-light-box\" data-buttons='[\"close\"]' data-wpc_url='https:\/\/mid-century-design.com\/wp-content\/uploads\/2024\/08\/Peresztegi.Pair2_.Front2_.jpg' href=\"https:\/\/mid-century-design.com\/wp-content\/uploads\/2024\/08\/Peresztegi.Pair2_.Front2_.jpg\" data-fancybox=\"wpcp_view\">\n\t\t<figure>\n\t\t\t<img loading=\"lazy\" decoding=\"async\" class=\"skip-lazy\" src=\"https:\/\/mid-century-design.com\/wp-content\/uploads\/2024\/08\/Peresztegi.Pair2_.Front2_.jpg\" alt=\"J. Peresztegi, p\u00e1r ikonick\u00fdch trubkov\u00fdch ocelov\u00fdch k\u0159esel, 1956 - hlavn\u00ed pohled\" width=\"640\" height=\"480\">\t\t<\/figure>\n\t<\/a>\n\t\t<\/div>\n<\/div>\n\t<div class=\"swiper-slide\">\n\t<div class=\"wpcp-single-item\">\n\t\t\t<a class=\"wcp-light-box\" data-buttons='[\"close\"]' data-wpc_url='https:\/\/mid-century-design.com\/wp-content\/uploads\/2024\/08\/Peresztegi.Pair2_.2.Left_-rotated.jpg' href=\"https:\/\/mid-century-design.com\/wp-content\/uploads\/2024\/08\/Peresztegi.Pair2_.2.Left_-rotated.jpg\" data-fancybox=\"wpcp_view\">\n\t\t<figure>\n\t\t\t<img loading=\"lazy\" decoding=\"async\" class=\"skip-lazy\" src=\"https:\/\/mid-century-design.com\/wp-content\/uploads\/2024\/08\/Peresztegi.Pair2_.2.Left_-rotated.jpg\" alt=\"J. Peresztegi, \u010d. 2 z dvojice ikonick\u00fdch ocelov\u00fdch trubkov\u00fdch k\u0159esel, 1956 - Obr\u00e1zek 11\" width=\"480\" height=\"640\">\t\t<\/figure>\n\t<\/a>\n\t\t<\/div>\n<\/div>\n\t<div class=\"swiper-slide\">\n\t<div class=\"wpcp-single-item\">\n\t\t\t<a class=\"wcp-light-box\" data-buttons='[\"close\"]' data-wpc_url='https:\/\/mid-century-design.com\/wp-content\/uploads\/2024\/08\/Peresztegi.Pair2_.2.Back_-rotated.jpg' href=\"https:\/\/mid-century-design.com\/wp-content\/uploads\/2024\/08\/Peresztegi.Pair2_.2.Back_-rotated.jpg\" data-fancybox=\"wpcp_view\">\n\t\t<figure>\n\t\t\t<img loading=\"lazy\" decoding=\"async\" class=\"skip-lazy\" src=\"https:\/\/mid-century-design.com\/wp-content\/uploads\/2024\/08\/Peresztegi.Pair2_.2.Back_-rotated.jpg\" alt=\"J. Peresztegi, \u010d. 2 z dvojice ikonick\u00fdch ocelov\u00fdch trubkov\u00fdch k\u0159esel, 1956 - Obr\u00e1zek 9\" width=\"480\" height=\"640\">\t\t<\/figure>\n\t<\/a>\n\t\t<\/div>\n<\/div>\n\t<div class=\"swiper-slide\">\n\t<div class=\"wpcp-single-item\">\n\t\t\t<a class=\"wcp-light-box\" data-buttons='[\"close\"]' data-wpc_url='https:\/\/mid-century-design.com\/wp-content\/uploads\/2024\/08\/Peresztegi.Pair2_.2.Right_-rotated.jpg' href=\"https:\/\/mid-century-design.com\/wp-content\/uploads\/2024\/08\/Peresztegi.Pair2_.2.Right_-rotated.jpg\" data-fancybox=\"wpcp_view\">\n\t\t<figure>\n\t\t\t<img loading=\"lazy\" decoding=\"async\" class=\"skip-lazy\" src=\"https:\/\/mid-century-design.com\/wp-content\/uploads\/2024\/08\/Peresztegi.Pair2_.2.Right_-rotated.jpg\" alt=\"J. Peresztegi, \u010d. 2 z dvojice ikonick\u00fdch ocelov\u00fdch trubkov\u00fdch k\u0159esel, 1956 - Obr\u00e1zek 12\" width=\"480\" height=\"640\">\t\t<\/figure>\n\t<\/a>\n\t\t<\/div>\n<\/div>\n\t<div class=\"swiper-slide\">\n\t<div class=\"wpcp-single-item\">\n\t\t\t<a class=\"wcp-light-box\" data-buttons='[\"close\"]' data-wpc_url='https:\/\/mid-century-design.com\/wp-content\/uploads\/2024\/08\/Peresztegi.Pair2_.2.Front1_-rotated.jpg' href=\"https:\/\/mid-century-design.com\/wp-content\/uploads\/2024\/08\/Peresztegi.Pair2_.2.Front1_-rotated.jpg\" data-fancybox=\"wpcp_view\">\n\t\t<figure>\n\t\t\t<img loading=\"lazy\" decoding=\"async\" class=\"skip-lazy\" src=\"https:\/\/mid-century-design.com\/wp-content\/uploads\/2024\/08\/Peresztegi.Pair2_.2.Front1_-rotated.jpg\" alt=\"J. Peresztegi, \u010d. 1 z dvojice ikonick\u00fdch ocelov\u00fdch trubkov\u00fdch k\u0159esel, 1956 - Obr\u00e1zek 16\" width=\"480\" height=\"640\">\t\t<\/figure>\n\t<\/a>\n\t\t<\/div>\n<\/div>\n\t<div class=\"swiper-slide\">\n\t<div class=\"wpcp-single-item\">\n\t\t\t<a class=\"wcp-light-box\" data-buttons='[\"close\"]' data-wpc_url='https:\/\/mid-century-design.com\/wp-content\/uploads\/2024\/08\/Peresztegi.Pair2_.Front1_.jpg' href=\"https:\/\/mid-century-design.com\/wp-content\/uploads\/2024\/08\/Peresztegi.Pair2_.Front1_.jpg\" data-fancybox=\"wpcp_view\">\n\t\t<figure>\n\t\t\t<img loading=\"lazy\" decoding=\"async\" class=\"skip-lazy\" src=\"https:\/\/mid-century-design.com\/wp-content\/uploads\/2024\/08\/Peresztegi.Pair2_.Front1_.jpg\" alt=\"J. Peresztegi, P\u00e1r ikonick\u00fdch ocelov\u00fdch k\u0159esel, 1956 - Obr\u00e1zek 13\" width=\"640\" height=\"480\">\t\t<\/figure>\n\t<\/a>\n\t\t<\/div>\n<\/div>\n\t<div class=\"swiper-slide\">\n\t<div class=\"wpcp-single-item\">\n\t\t\t<a class=\"wcp-light-box\" data-buttons='[\"close\"]' data-wpc_url='https:\/\/mid-century-design.com\/wp-content\/uploads\/2024\/08\/Peresztegi.Pair2_.1.Front2_-rotated.jpg' href=\"https:\/\/mid-century-design.com\/wp-content\/uploads\/2024\/08\/Peresztegi.Pair2_.1.Front2_-rotated.jpg\" data-fancybox=\"wpcp_view\">\n\t\t<figure>\n\t\t\t<img loading=\"lazy\" decoding=\"async\" class=\"skip-lazy\" src=\"https:\/\/mid-century-design.com\/wp-content\/uploads\/2024\/08\/Peresztegi.Pair2_.1.Front2_-rotated.jpg\" alt=\"J. Peresztegi, \u010d. 1 z dvojice ikonick\u00fdch ocelov\u00fdch trubkov\u00fdch k\u0159esel, 1956 - Obr\u00e1zek 7\" width=\"480\" height=\"640\">\t\t<\/figure>\n\t<\/a>\n\t\t<\/div>\n<\/div>\n\t<div class=\"swiper-slide\">\n\t<div class=\"wpcp-single-item\">\n\t\t\t<a class=\"wcp-light-box\" data-buttons='[\"close\"]' data-wpc_url='https:\/\/mid-century-design.com\/wp-content\/uploads\/2024\/08\/Peresztegi.Pair2_.1.Left_-rotated.jpg' href=\"https:\/\/mid-century-design.com\/wp-content\/uploads\/2024\/08\/Peresztegi.Pair2_.1.Left_-rotated.jpg\" data-fancybox=\"wpcp_view\">\n\t\t<figure>\n\t\t\t<img loading=\"lazy\" decoding=\"async\" class=\"skip-lazy\" src=\"https:\/\/mid-century-design.com\/wp-content\/uploads\/2024\/08\/Peresztegi.Pair2_.1.Left_-rotated.jpg\" alt=\"J. Peresztegi, Ikonick\u00e9 ocelov\u00e9 k\u0159eslo, 1956 - pohled z profilu\" width=\"480\" height=\"640\">\t\t<\/figure>\n\t<\/a>\n\t\t<\/div>\n<\/div>\n\t<div class=\"swiper-slide\">\n\t<div class=\"wpcp-single-item\">\n\t\t\t<a class=\"wcp-light-box\" data-buttons='[\"close\"]' data-wpc_url='https:\/\/mid-century-design.com\/wp-content\/uploads\/2024\/08\/Peresztegi.Pair2_.1.Back_-rotated.jpg' href=\"https:\/\/mid-century-design.com\/wp-content\/uploads\/2024\/08\/Peresztegi.Pair2_.1.Back_-rotated.jpg\" data-fancybox=\"wpcp_view\">\n\t\t<figure>\n\t\t\t<img loading=\"lazy\" decoding=\"async\" class=\"skip-lazy\" src=\"https:\/\/mid-century-design.com\/wp-content\/uploads\/2024\/08\/Peresztegi.Pair2_.1.Back_-rotated.jpg\" alt=\"J. Peresztegi, \u010d. 1 z dvojice ikonick\u00fdch ocelov\u00fdch trubkov\u00fdch k\u0159esel, 1956 - Obr\u00e1zek 6\" width=\"480\" height=\"640\">\t\t<\/figure>\n\t<\/a>\n\t\t<\/div>\n<\/div>\n\t<div class=\"swiper-slide\">\n\t<div class=\"wpcp-single-item\">\n\t\t\t<a class=\"wcp-light-box\" data-buttons='[\"close\"]' data-wpc_url='https:\/\/mid-century-design.com\/wp-content\/uploads\/2024\/08\/Peresztegi.Pair2_.1.Right_-rotated.jpg' href=\"https:\/\/mid-century-design.com\/wp-content\/uploads\/2024\/08\/Peresztegi.Pair2_.1.Right_-rotated.jpg\" data-fancybox=\"wpcp_view\">\n\t\t<figure>\n\t\t\t<img loading=\"lazy\" decoding=\"async\" class=\"skip-lazy\" src=\"https:\/\/mid-century-design.com\/wp-content\/uploads\/2024\/08\/Peresztegi.Pair2_.1.Right_-rotated.jpg\" alt=\"J. Peresztegi, \u010d. 1 z dvojice ikonick\u00fdch ocelov\u00fdch trubkov\u00fdch k\u0159esel, 1956 - Obr\u00e1zek 8\" width=\"480\" height=\"640\">\t\t<\/figure>\n\t<\/a>\n\t\t<\/div>\n<\/div>\n\t<div class=\"swiper-slide\">\n\t<div class=\"wpcp-single-item\">\n\t\t\t<a class=\"wcp-light-box\" data-buttons='[\"close\"]' data-wpc_url='https:\/\/mid-century-design.com\/wp-content\/uploads\/2024\/08\/Peresztegi.Pair2_.Front3_.jpg' href=\"https:\/\/mid-century-design.com\/wp-content\/uploads\/2024\/08\/Peresztegi.Pair2_.Front3_.jpg\" data-fancybox=\"wpcp_view\">\n\t\t<figure>\n\t\t\t<img loading=\"lazy\" decoding=\"async\" class=\"skip-lazy\" src=\"https:\/\/mid-century-design.com\/wp-content\/uploads\/2024\/08\/Peresztegi.Pair2_.Front3_.jpg\" alt=\"J. Peresztegi, P\u00e1r ikonick\u00fdch ocelov\u00fdch k\u0159esel, 1956 - Obr\u00e1zek 14\" width=\"640\" height=\"480\">\t\t<\/figure>\n\t<\/a>\n\t\t<\/div>\n<\/div>\n\t\t\t<\/div>\n\t\t\t\t\t<div class=\"wpcp-swiper-dots swiper-pagination\"><\/div>\n\t\t\t\t<!-- If we need navigation buttons -->\n\t\t\t\t\t<div class=\"wpcp-prev-button swiper-button-prev\"><i class=\"fa fa-angle-left\"><\/i><\/div>\n\t\t\t<div class=\"wpcp-next-button swiper-button-next\"><i class=\"fa fa-angle-right\"><\/i><\/div>\n\t\t\t<\/div>\n\t<\/div>\n<\/div>\n<\/div>\n<p class=\"has-large-font-size\"><strong>Cena:<\/strong> 590 \u20ac<\/p>\n\n<p class=\"has-large-font-size\"><strong>Rozm\u011bry &#8211; v\u00fd\u0161ka x \u0161\u00ed\u0159ka x hloubka (cm):<\/strong> 83 x 65 x 80<\/p>\n\n<p class=\"has-large-font-size\"><strong>V\u00fd\u0161ka sedadla (cm): <\/strong>44<\/p>\n\n<p class=\"has-large-font-size\"><strong>Hmotnost 1 ks (kg)<\/strong>: 19<\/p>\n\n<p class=\"has-large-font-size\"><strong>Materi\u00e1l\/barva: <\/strong>Chromovan\u00e1 trubkov\u00e1 ocel<\/p>\n\n<p class=\"has-large-font-size\"><strong>Tkanina: <\/strong>P\u016fvodn\u00ed<\/p>\n\n<p class=\"has-large-font-size\"><strong>Stav:<\/strong> P\u016fvodn\u00ed stav. <br\/>Prakticky neporu\u0161en\u00e1 ocelov\u00e1 trubka.<br\/>L\u00e1tka vykazuje p\u0159im\u011b\u0159en\u00e9 zn\u00e1mky st\u00e1\u0159\u00ed a opot\u0159eben\u00ed (zne\u010di\u0161t\u011bn\u00ed, vyblednut\u00ed a m\u00e1lo od\u011brek).<br\/>Profesion\u00e1ln\u011b vy\u010di\u0161t\u011bno bio \u010distic\u00edm prost\u0159edkem.<\/p>\n\n<p class=\"has-large-font-size\"><strong>Mo\u017enosti dod\u00e1n\u00ed:<\/strong><\/p>\n\n<ol class=\"wp-block-list\">\n<li>Ex V\u00edde\u0148 &#8211; zdarma<\/li>\n\n\n\n<li>Dod\u00e1n\u00ed k obrubn\u00edku po cel\u00e9m sv\u011bt\u011b &#8211; netto poplatek za doru\u010den\u00ed.<\/li>\n<\/ol>\n\n<p class=\"has-large-font-size\">Dod\u00e1vku prov\u00e1d\u00ed p\u0159edn\u00ed evropsk\u00e1 logistick\u00e1 spole\u010dnost, kter\u00e1 zaji\u0161\u0165uje kvalitn\u00ed dod\u00e1n\u00ed designov\u00e9ho p\u0159edm\u011btu.<\/p>\n\n<h3 class=\"wp-block-heading\"><strong>Odkazy: <\/strong>Toto k\u0159eslo je p\u0159edstaveno v knize Somlaie Tibora &#8222;T\u00e1vol \u00e9s k\u00f6zel &#8211; Bels\u0151\u00e9p\u00edt\u00e9szet a h\u00e1bor\u00fa ut\u00e1n 1945-1970&#8220; (Corvina Kiad\u00f3, 2010, ISBN 9789631359596).<\/h3>\n\n<figure class=\"wp-block-image size-full\"><img loading=\"lazy\" decoding=\"async\" width=\"814\" height=\"520\" src=\"https:\/\/mid-century-design.com\/wp-content\/uploads\/2024\/08\/SomlaiTibor.Tavoleskozel.Titlep84.PERESZTEGI.jpg\" alt=\"\" class=\"wp-image-637\" srcset=\"https:\/\/mid-century-design.com\/wp-content\/uploads\/2024\/08\/SomlaiTibor.Tavoleskozel.Titlep84.PERESZTEGI.jpg 814w, https:\/\/mid-century-design.com\/wp-content\/uploads\/2024\/08\/SomlaiTibor.Tavoleskozel.Titlep84.PERESZTEGI-300x192.jpg 300w, https:\/\/mid-century-design.com\/wp-content\/uploads\/2024\/08\/SomlaiTibor.Tavoleskozel.Titlep84.PERESZTEGI-768x491.jpg 768w\" sizes=\"auto, (max-width: 814px) 100vw, 814px\" \/><\/figure>\n","protected":false},"excerpt":{"rendered":"<p>Tento velmi obl\u00edben\u00fd model trubkov\u00fdch k\u0159esel ve stylu Bauhaus navrhl v\u00fdznamn\u00fd ma\u010farsk\u00fd design\u00e9r J\u00f3zsef Peresztegi v tradici BAUHAUSU, ale v jeho origin\u00e1ln\u00edm stylu. Poprv\u00e9 bylo vystaveno v roce 1956 a od t\u00e9 doby se vyr\u00e1b\u011blo a\u017e do 60. let 20. stolet\u00ed.Velmi stabiln\u00ed a pohodln\u00e9. Cena: 590 \u20ac Rozm\u011bry &#8211; v\u00fd\u0161ka x \u0161\u00ed\u0159ka x hloubka (cm): [&hellip;]<\/p>\n","protected":false},"author":1,"featured_media":0,"parent":0,"menu_order":0,"comment_status":"closed","ping_status":"closed","template":"","meta":{"footnotes":""},"class_list":["post-2049","page","type-page","status-publish","hentry"],"_links":{"self":[{"href":"https:\/\/mid-century-design.com\/cs\/wp-json\/wp\/v2\/pages\/2049","targetHints":{"allow":["GET"]}}],"collection":[{"href":"https:\/\/mid-century-design.com\/cs\/wp-json\/wp\/v2\/pages"}],"about":[{"href":"https:\/\/mid-century-design.com\/cs\/wp-json\/wp\/v2\/types\/page"}],"author":[{"embeddable":true,"href":"https:\/\/mid-century-design.com\/cs\/wp-json\/wp\/v2\/users\/1"}],"replies":[{"embeddable":true,"href":"https:\/\/mid-century-design.com\/cs\/wp-json\/wp\/v2\/comments?post=2049"}],"version-history":[{"count":17,"href":"https:\/\/mid-century-design.com\/cs\/wp-json\/wp\/v2\/pages\/2049\/revisions"}],"predecessor-version":[{"id":3655,"href":"https:\/\/mid-century-design.com\/cs\/wp-json\/wp\/v2\/pages\/2049\/revisions\/3655"}],"wp:attachment":[{"href":"https:\/\/mid-century-design.com\/cs\/wp-json\/wp\/v2\/media?parent=2049"}],"curies":[{"name":"wp","href":"https:\/\/api.w.org\/{rel}","templated":true}]}}