{"id":1904,"date":"2024-07-31T18:23:03","date_gmt":"2024-07-31T16:23:03","guid":{"rendered":"https:\/\/mid-century-design.com\/jindrich-halabala-armchair-h410-1\/"},"modified":"2026-02-09T13:56:47","modified_gmt":"2026-02-09T12:56:47","slug":"jindrich-halabala-kreslo-h410-1","status":"publish","type":"page","link":"https:\/\/mid-century-design.com\/cs\/jindrich-halabala-kreslo-h410-1\/","title":{"rendered":"Jind\u0159ich Halabala, K\u0159eslo &#8222;H-410&#8220;, 30. &#8211; 40. l\u00e9ta 20. stolet\u00ed"},"content":{"rendered":"\n<h2 class=\"wp-block-heading\">Mid-Century k\u0159eslo model H-410 navr\u017een\u00e9 v\u00fdznamn\u00fdm \u010desk\u00fdm design\u00e9rem <a href=\"https:\/\/mid-century-design.com\/cs\/jindrich-halabala\/\" title=\"Jind&#x159;ich Halabala (1903 - 1978)\">Jind\u0159ichem Halabalou<\/a>.<\/h2>\n\n<p class=\"has-large-font-size\">V\u00fdrazn\u00e9 podru\u010dky z oh\u00fdban\u00e9ho d\u0159eva.<br\/>Vyr\u00e1b\u011bno firmou <a href=\"https:\/\/mid-century-design.com\/cs\/up-zavody\/\" title=\"UP Z&#xE1;vody\">UP Z\u00e1vody<\/a> Brno v \u010ceskoslovensku ve 30.-40. letech 20. stolet\u00ed.<br\/>Velmi stabiln\u00ed a pohodln\u00e9. <\/p>\n<div><style id=\"wp_carousel_dynamic_css723\">#sp-wp-carousel-free-id-723 .wpcp-swiper-dots {margin: 40px 0px 0px 0px;}.wpcp-wrapper-723 .swiper-wrapper .swiper-slide-kenburn, .wpcp-wrapper-723 .swiper-wrapper, .wpcp-wrapper-723 .wpcpro-row{align-items: center;}#sp-wp-carousel-free-id-723 .wpcp-single-item {box-shadow: 0px 0px 0px 0px #dddddd;transition: all .3s;margin: 0px;}#sp-wp-carousel-free-id-723.swiper-flip .wpcp-single-item{margin: 0!important;}#sp-wp-carousel-free-id-723 .wpcp-single-item:hover {box-shadow: 0px 0px 0px 0px #dddddd;}#sp-wp-carousel-free-id-723.sp-wpcp-723 .wpcp-single-item {border: 1px solid #dddddd;}#sp-wp-carousel-free-id-723.sp-wpcp-723 .swiper-button-prev,#sp-wp-carousel-free-id-723.sp-wpcp-723 .swiper-button-next,#sp-wp-carousel-free-id-723.sp-wpcp-723 .swiper-button-prev:hover,#sp-wp-carousel-free-id-723.sp-wpcp-723 .swiper-button-next:hover {background: none;border: none;font-size: 30px;}#sp-wp-carousel-free-id-723.sp-wpcp-723 .swiper-button-prev i,#sp-wp-carousel-free-id-723.sp-wpcp-723 .swiper-button-next i {color: #aaa;}#sp-wp-carousel-free-id-723.sp-wpcp-723 .swiper-button-prev i:hover,#sp-wp-carousel-free-id-723.sp-wpcp-723 .swiper-button-next i:hover {color: #178087;}#sp-wp-carousel-free-id-723.sp-wpcp-723 .wpcp-swiper-dots .swiper-pagination-bullet {background-color: #cccccc;}#sp-wp-carousel-free-id-723.sp-wpcp-723 .wpcp-swiper-dots .swiper-pagination-bullet.swiper-pagination-bullet-active {background-color: #178087;} #sp-wp-carousel-free-id-723.sp-wpcp-723.wpcp-image-carousel .wpcp-single-item:hover img, #sp-wp-carousel-free-id-723.sp-wpcp-723.wpcp-post-carousel .wpcp-single-item:hover img, #sp-wp-carousel-free-id-723.sp-wpcp-723.wpcp-product-carousel .wpcp-single-item:hover img{-webkit-transform: scale(1.2);-moz-transform: scale(1.2);transform: scale(1.2);}#sp-wp-carousel-free-id-723 .wpcpro-row>[class*=\"wpcpro-col-\"] { padding: 0 10px; padding-bottom: 20px;} #sp-wp-carousel-free-id-723 .swiper-slide .single-item-fade:not(:last-child) { margin-right: 20px;}@media (min-width: 480px) { .wpcpro-row .wpcpro-col-sm-1 { flex: 0 0 100%; max-width: 100%; } .wpcpro-row .wpcpro-col-sm-2 { flex: 0 0 50%; max-width: 50%; } .wpcpro-row .wpcpro-col-sm-2-5 { flex: 0 0 75%; max-width: 75%; } .wpcpro-row .wpcpro-col-sm-3 { flex: 0 0 33.333%; max-width: 33.333%; } .wpcpro-row .wpcpro-col-sm-4 { flex: 0 0 25%; max-width: 25%; } .wpcpro-row .wpcpro-col-sm-5 { flex: 0 0 20%; max-width: 20%; } .wpcpro-row .wpcpro-col-sm-6 { flex: 0 0 16.66666666666667%; max-width: 16.66666666666667%; } .wpcpro-row .wpcpro-col-sm-7 { flex: 0 0 14.28571428%; max-width: 14.28571428%; } .wpcpro-row .wpcpro-col-sm-8 { flex: 0 0 12.5%; max-width: 12.5%; } } @media (max-width: 480px) { .wpcpro-row .wpcpro-col-xs-1 { flex: 0 0 100%; max-width: 100%; } .wpcpro-row .wpcpro-col-xs-2 { flex: 0 0 50%; max-width: 50%; } .wpcpro-row .wpcpro-col-xs-3 { flex: 0 0 33.222%; max-width: 33.222%; } .wpcpro-row .wpcpro-col-xs-4 { flex: 0 0 25%; max-width: 25%; } .wpcpro-row .wpcpro-col-xs-5 { flex: 0 0 20%; max-width: 20%; } .wpcpro-row .wpcpro-col-xs-6 { flex: 0 0 16.6667%; max-width: 16.6667%; } .wpcpro-row .wpcpro-col-xs-7 { flex: 0 0 14.28571428%; max-width: 14.28571428%; } .wpcpro-row .wpcpro-col-xs-8 { flex: 0 0 12.5%; max-width: 12.5%; } } @media (min-width: 736px) { .wpcpro-row .wpcpro-col-md-1 { flex: 0 0 100%; max-width: 100%; } .wpcpro-row .wpcpro-col-md-2 { flex: 0 0 50%; max-width: 50%; } .wpcpro-row .wpcpro-col-md-2-5 { flex: 0 0 75%; max-width: 75%; } .wpcpro-row .wpcpro-col-md-3 { flex: 0 0 33.333%; max-width: 33.333%; } .wpcpro-row .wpcpro-col-md-4 { flex: 0 0 25%; max-width: 25%; } .wpcpro-row .wpcpro-col-md-5 { flex: 0 0 20%; max-width: 20%; } .wpcpro-row .wpcpro-col-md-6 { flex: 0 0 16.66666666666667%; max-width: 16.66666666666667%; } .wpcpro-row .wpcpro-col-md-7 { flex: 0 0 14.28571428%; max-width: 14.28571428%; } .wpcpro-row .wpcpro-col-md-8 { flex: 0 0 12.5%; max-width: 12.5%; } } @media (min-width: 980px) { .wpcpro-row .wpcpro-col-lg-1 { flex: 0 0 100%; max-width: 100%; } .wpcpro-row .wpcpro-col-lg-2 { flex: 0 0 50%; max-width: 50%; } .wpcpro-row .wpcpro-col-lg-3 { flex: 0 0 33.222%; max-width: 33.222%; } .wpcpro-row .wpcpro-col-lg-4 { flex: 0 0 25%; max-width: 25%; } .wpcpro-row .wpcpro-col-lg-5 { flex: 0 0 20%; max-width: 20%; } .wpcpro-row .wpcpro-col-lg-6 { flex: 0 0 16.6667%; max-width: 16.6667%; } .wpcpro-row .wpcpro-col-lg-7 { flex: 0 0 14.28571428%; max-width: 14.28571428%; } .wpcpro-row .wpcpro-col-lg-8 { flex: 0 0 12.5%; max-width: 12.5%; } } @media (min-width: 1200px) { .wpcpro-row .wpcpro-col-xl-1 { flex: 0 0 100%; max-width: 100%; } .wpcpro-row .wpcpro-col-xl-2 { flex: 0 0 50%; max-width: 50%; } .wpcpro-row .wpcpro-col-xl-3 { flex: 0 0 33.22222222%; max-width: 33.22222222%; } .wpcpro-row .wpcpro-col-xl-4 { flex: 0 0 25%; max-width: 25%; } .wpcpro-row .wpcpro-col-xl-5 { flex: 0 0 20%; max-width: 20%; } .wpcpro-row .wpcpro-col-xl-6 { flex: 0 0 16.66667%; max-width: 16.66667%; } .wpcpro-row .wpcpro-col-xl-7 { flex: 0 0 14.28571428%; max-width: 14.28571428%; } .wpcpro-row .wpcpro-col-xl-8 { flex: 0 0 12.5%; max-width: 12.5%; } }<\/style><div class=\"wpcp-carousel-wrapper wpcp-wrapper-723\">\n\t<div id=\"wpcp-preloader-723\" class=\"wpcp-carousel-preloader\"><img decoding=\"async\" src=\"https:\/\/mid-century-design.com\/wp-content\/plugins\/wp-carousel-free\/public\/css\/spinner.svg\" alt=\"Preloader Image\" \/><\/div>\t<div class=\"wpcp-carousel-content-wrapper\">\n\t<div id=\"sp-wp-carousel-free-id-723\" class=\"wpcp-carousel-section sp-wpcp-723  nav-vertical-center wpcp-image-carousel wpcp-preloader wpcp-standard\" data-swiper='{ &quot;accessibility&quot;:true, &quot;spaceBetween&quot;:20, &quot;arrows&quot;:true, &quot;freeMode&quot;: false, &quot;autoplay&quot;:true, &quot;effect&quot;: &quot;&quot;, &quot;centerMode&quot;: false, &quot;autoplaySpeed&quot;:3000, &quot;dots&quot;:true, &quot;infinite&quot;:true, &quot;speed&quot;:600, &quot;pauseOnHover&quot;:true,\n\t\t\t&quot;slidesToShow&quot;:{&quot;lg_desktop&quot;:5, &quot;desktop&quot;: 4, &quot;laptop&quot;: 3, &quot;tablet&quot;: 2, &quot;mobile&quot;: 1}, &quot;responsive&quot;:{&quot;desktop&quot;:1200, &quot;laptop&quot;: 980, &quot;tablet&quot;: 736, &quot;mobile&quot;: 480}, &quot;rtl&quot;:false, &quot;lazyLoad&quot;: &quot;false&quot;, &quot;swipe&quot;: true, &quot;draggable&quot;: true, &quot;swipeToSlide&quot;:false }' dir=\"ltr\">\n\t\t<div class=\"swiper-wrapper\">\n\t\t<div class=\"swiper-slide\">\n\t<div class=\"wpcp-single-item\">\n\t\t\t<a class=\"wcp-light-box\" data-buttons='[\"close\"]' data-wpc_url='https:\/\/mid-century-design.com\/wp-content\/uploads\/2024\/07\/H410.1.Right315-rotated.jpg' href=\"https:\/\/mid-century-design.com\/wp-content\/uploads\/2024\/07\/H410.1.Right315-rotated.jpg\" data-fancybox=\"wpcp_view\">\n\t\t<figure>\n\t\t\t<img loading=\"lazy\" decoding=\"async\" class=\"skip-lazy\" src=\"https:\/\/mid-century-design.com\/wp-content\/uploads\/2024\/07\/H410.1.Right315-rotated.jpg\" alt=\"J. Halabala, k\u0159eslo H-410, 30. l\u00e9ta 20. stolet\u00ed - hlavn\u00ed pohled\" width=\"480\" height=\"640\">\t\t<\/figure>\n\t<\/a>\n\t\t<\/div>\n<\/div>\n\t<div class=\"swiper-slide\">\n\t<div class=\"wpcp-single-item\">\n\t\t\t<a class=\"wcp-light-box\" data-buttons='[\"close\"]' data-wpc_url='https:\/\/mid-century-design.com\/wp-content\/uploads\/2024\/07\/H410.1.Front_-rotated.jpg' href=\"https:\/\/mid-century-design.com\/wp-content\/uploads\/2024\/07\/H410.1.Front_-rotated.jpg\" data-fancybox=\"wpcp_view\">\n\t\t<figure>\n\t\t\t<img loading=\"lazy\" decoding=\"async\" class=\"skip-lazy\" src=\"https:\/\/mid-century-design.com\/wp-content\/uploads\/2024\/07\/H410.1.Front_-rotated.jpg\" alt=\"H410.1.Front\" width=\"480\" height=\"640\">\t\t<\/figure>\n\t<\/a>\n\t\t<\/div>\n<\/div>\n\t<div class=\"swiper-slide\">\n\t<div class=\"wpcp-single-item\">\n\t\t\t<a class=\"wcp-light-box\" data-buttons='[\"close\"]' data-wpc_url='https:\/\/mid-century-design.com\/wp-content\/uploads\/2024\/07\/H410.1.Left45-rotated.jpg' href=\"https:\/\/mid-century-design.com\/wp-content\/uploads\/2024\/07\/H410.1.Left45-rotated.jpg\" data-fancybox=\"wpcp_view\">\n\t\t<figure>\n\t\t\t<img loading=\"lazy\" decoding=\"async\" class=\"skip-lazy\" src=\"https:\/\/mid-century-design.com\/wp-content\/uploads\/2024\/07\/H410.1.Left45-rotated.jpg\" alt=\"H410.1.Left45\" width=\"480\" height=\"640\">\t\t<\/figure>\n\t<\/a>\n\t\t<\/div>\n<\/div>\n\t<div class=\"swiper-slide\">\n\t<div class=\"wpcp-single-item\">\n\t\t\t<a class=\"wcp-light-box\" data-buttons='[\"close\"]' data-wpc_url='https:\/\/mid-century-design.com\/wp-content\/uploads\/2024\/07\/H410.1.Left_.jpg' href=\"https:\/\/mid-century-design.com\/wp-content\/uploads\/2024\/07\/H410.1.Left_.jpg\" data-fancybox=\"wpcp_view\">\n\t\t<figure>\n\t\t\t<img loading=\"lazy\" decoding=\"async\" class=\"skip-lazy\" src=\"https:\/\/mid-century-design.com\/wp-content\/uploads\/2024\/07\/H410.1.Left_.jpg\" alt=\"H410.1.Left\" width=\"480\" height=\"640\">\t\t<\/figure>\n\t<\/a>\n\t\t<\/div>\n<\/div>\n\t<div class=\"swiper-slide\">\n\t<div class=\"wpcp-single-item\">\n\t\t\t<a class=\"wcp-light-box\" data-buttons='[\"close\"]' data-wpc_url='https:\/\/mid-century-design.com\/wp-content\/uploads\/2024\/07\/H410.1.Left135.jpg' href=\"https:\/\/mid-century-design.com\/wp-content\/uploads\/2024\/07\/H410.1.Left135.jpg\" data-fancybox=\"wpcp_view\">\n\t\t<figure>\n\t\t\t<img loading=\"lazy\" decoding=\"async\" class=\"skip-lazy\" src=\"https:\/\/mid-century-design.com\/wp-content\/uploads\/2024\/07\/H410.1.Left135.jpg\" alt=\"H410.1.Left135\" width=\"480\" height=\"640\">\t\t<\/figure>\n\t<\/a>\n\t\t<\/div>\n<\/div>\n\t<div class=\"swiper-slide\">\n\t<div class=\"wpcp-single-item\">\n\t\t\t<a class=\"wcp-light-box\" data-buttons='[\"close\"]' data-wpc_url='https:\/\/mid-century-design.com\/wp-content\/uploads\/2024\/07\/H410.1.Back_.jpg' href=\"https:\/\/mid-century-design.com\/wp-content\/uploads\/2024\/07\/H410.1.Back_.jpg\" data-fancybox=\"wpcp_view\">\n\t\t<figure>\n\t\t\t<img loading=\"lazy\" decoding=\"async\" class=\"skip-lazy\" src=\"https:\/\/mid-century-design.com\/wp-content\/uploads\/2024\/07\/H410.1.Back_.jpg\" alt=\"H410.1.Back\" width=\"480\" height=\"640\">\t\t<\/figure>\n\t<\/a>\n\t\t<\/div>\n<\/div>\n\t<div class=\"swiper-slide\">\n\t<div class=\"wpcp-single-item\">\n\t\t\t<a class=\"wcp-light-box\" data-buttons='[\"close\"]' data-wpc_url='https:\/\/mid-century-design.com\/wp-content\/uploads\/2024\/07\/H410.1.Right225.jpg' href=\"https:\/\/mid-century-design.com\/wp-content\/uploads\/2024\/07\/H410.1.Right225.jpg\" data-fancybox=\"wpcp_view\">\n\t\t<figure>\n\t\t\t<img loading=\"lazy\" decoding=\"async\" class=\"skip-lazy\" src=\"https:\/\/mid-century-design.com\/wp-content\/uploads\/2024\/07\/H410.1.Right225.jpg\" alt=\"H410.1.Right225\" width=\"480\" height=\"640\">\t\t<\/figure>\n\t<\/a>\n\t\t<\/div>\n<\/div>\n\t<div class=\"swiper-slide\">\n\t<div class=\"wpcp-single-item\">\n\t\t\t<a class=\"wcp-light-box\" data-buttons='[\"close\"]' data-wpc_url='https:\/\/mid-century-design.com\/wp-content\/uploads\/2024\/07\/H410.1.Right_.jpg' href=\"https:\/\/mid-century-design.com\/wp-content\/uploads\/2024\/07\/H410.1.Right_.jpg\" data-fancybox=\"wpcp_view\">\n\t\t<figure>\n\t\t\t<img loading=\"lazy\" decoding=\"async\" class=\"skip-lazy\" src=\"https:\/\/mid-century-design.com\/wp-content\/uploads\/2024\/07\/H410.1.Right_.jpg\" alt=\"H410.1.Right\" width=\"480\" height=\"640\">\t\t<\/figure>\n\t<\/a>\n\t\t<\/div>\n<\/div>\n\t\t\t<\/div>\n\t\t\t\t\t<div class=\"wpcp-swiper-dots swiper-pagination\"><\/div>\n\t\t\t\t<!-- If we need navigation buttons -->\n\t\t\t\t\t<div class=\"wpcp-prev-button swiper-button-prev\"><i class=\"fa fa-angle-left\"><\/i><\/div>\n\t\t\t<div class=\"wpcp-next-button swiper-button-next\"><i class=\"fa fa-angle-right\"><\/i><\/div>\n\t\t\t<\/div>\n\t<\/div>\n<\/div>\n<\/div>\n<p class=\"has-large-font-size\"><strong>Cena<strong>\/dostupnost<\/strong>:<\/strong> nen\u00ed k dispozici<\/p>\n\n<p class=\"has-large-font-size\"><strong>Rozm\u011bry &#8211; v\u00fd\u0161ka x \u0161\u00ed\u0159ka x hloubka (cm):<\/strong> 83 x 68 x 83<\/p>\n\n<p class=\"has-large-font-size\"><strong>V\u00fd\u0161ka sedadla (cm): <\/strong>43<\/p>\n\n<p class=\"has-large-font-size\"><strong>Hmotnost (kg)<\/strong>: 21<\/p>\n\n<p class=\"has-large-font-size\"><strong>Materi\u00e1l\/barva:<\/strong> Oh\u00fdban\u00e9 d\u0159evo\/\u010derven\u00e1 hn\u011bd\u00e1<\/p>\n\n<p class=\"has-large-font-size\"><strong>Tkanina:<\/strong> \u010cerven\u00e1\/\u017elut\u00e1 podle n\u00e1vrhu <a href=\"https:\/\/mid-century-design.com\/cs\/antonin-kybal\/\" title=\"Anton&#xED;n Kybal (1901 - 1971)\">Anton\u00edna Kybala<\/a>, viz. n\u00ed\u017ee.<\/p>\n\n<p class=\"has-large-font-size\"><strong>Konstrukce:<\/strong> Pru\u017einy<\/p>\n\n<p class=\"has-large-font-size\"><strong>Stav:<\/strong> Autenticky a profesion\u00e1ln\u011b restaurov\u00e1no. <br\/>D\u0159evo vy\u010di\u0161t\u011bno, nalakov\u00e1no. <br\/>Sedadlo renovov\u00e1no a pota\u017eeno designov\u00fdm \u010daloun\u011bn\u00edm od firmy Kolovrat.<\/p>\n\n<h3 class=\"wp-block-heading\"><strong>Odkazy: <\/strong><\/h3>\n\n<p>Anton\u00edn Kybal: Cesty designu a textiln\u00ed tvorby, KANT, 2017, ISBN: 9788074372230<\/p>\n\n<figure class=\"wp-block-image size-full\"><img loading=\"lazy\" decoding=\"async\" width=\"666\" height=\"459\" src=\"https:\/\/mid-century-design.com\/wp-content\/uploads\/2024\/07\/KybalTitleP45.png\" alt=\"\" class=\"wp-image-244\" srcset=\"https:\/\/mid-century-design.com\/wp-content\/uploads\/2024\/07\/KybalTitleP45.png 666w, https:\/\/mid-century-design.com\/wp-content\/uploads\/2024\/07\/KybalTitleP45-300x207.png 300w\" sizes=\"auto, (max-width: 666px) 100vw, 666px\" \/><\/figure>\n","protected":false},"excerpt":{"rendered":"<p>Mid-Century k\u0159eslo model H-410 navr\u017een\u00e9 v\u00fdznamn\u00fdm \u010desk\u00fdm design\u00e9rem Jind\u0159ichem Halabalou. V\u00fdrazn\u00e9 podru\u010dky z oh\u00fdban\u00e9ho d\u0159eva.Vyr\u00e1b\u011bno firmou UP Z\u00e1vody Brno v \u010ceskoslovensku ve 30.-40. letech 20. stolet\u00ed.Velmi stabiln\u00ed a pohodln\u00e9. Cena\/dostupnost: nen\u00ed k dispozici Rozm\u011bry &#8211; v\u00fd\u0161ka x \u0161\u00ed\u0159ka x hloubka (cm): 83 x 68 x 83 V\u00fd\u0161ka sedadla (cm): 43 Hmotnost (kg): 21 Materi\u00e1l\/barva: Oh\u00fdban\u00e9 [&hellip;]<\/p>\n","protected":false},"author":1,"featured_media":0,"parent":0,"menu_order":0,"comment_status":"closed","ping_status":"closed","template":"","meta":{"footnotes":""},"class_list":["post-1904","page","type-page","status-publish","hentry"],"_links":{"self":[{"href":"https:\/\/mid-century-design.com\/cs\/wp-json\/wp\/v2\/pages\/1904","targetHints":{"allow":["GET"]}}],"collection":[{"href":"https:\/\/mid-century-design.com\/cs\/wp-json\/wp\/v2\/pages"}],"about":[{"href":"https:\/\/mid-century-design.com\/cs\/wp-json\/wp\/v2\/types\/page"}],"author":[{"embeddable":true,"href":"https:\/\/mid-century-design.com\/cs\/wp-json\/wp\/v2\/users\/1"}],"replies":[{"embeddable":true,"href":"https:\/\/mid-century-design.com\/cs\/wp-json\/wp\/v2\/comments?post=1904"}],"version-history":[{"count":10,"href":"https:\/\/mid-century-design.com\/cs\/wp-json\/wp\/v2\/pages\/1904\/revisions"}],"predecessor-version":[{"id":3822,"href":"https:\/\/mid-century-design.com\/cs\/wp-json\/wp\/v2\/pages\/1904\/revisions\/3822"}],"wp:attachment":[{"href":"https:\/\/mid-century-design.com\/cs\/wp-json\/wp\/v2\/media?parent=1904"}],"curies":[{"name":"wp","href":"https:\/\/api.w.org\/{rel}","templated":true}]}}