{"id":1824,"date":"2024-08-15T09:11:36","date_gmt":"2024-08-15T07:11:36","guid":{"rendered":"https:\/\/mid-century-design.com\/thonet\/"},"modified":"2024-12-17T11:24:27","modified_gmt":"2024-12-17T10:24:27","slug":"thonet","status":"publish","type":"page","link":"https:\/\/mid-century-design.com\/cs\/thonet\/","title":{"rendered":"Thonet v letech 1920-1940"},"content":{"rendered":"\n<h4 class=\"wp-block-heading\">Spole\u010dnost Thonet, zn\u00e1m\u00e1 sv\u00fdm inovativn\u00edm oh\u00fdban\u00fdm n\u00e1bytkem, pro\u0161la v letech 1920 a\u017e 1940 n\u011bkolika v\u00fdznamn\u00fdmi zm\u011bnami a v\u00fdzvami.<\/h4>\n\n<h4 class=\"wp-block-heading\">1920 &#8211; 1930<\/h4>\n\n<p>Po prvn\u00ed sv\u011btov\u00e9 v\u00e1lce se spole\u010dnost Thonet spojila s b\u00fdval\u00fdmi konkurenty a v roce 1924 byla zalo\u017eena partnersk\u00e1 spole\u010dnost Thonet-Mundus. Tato f\u00faze m\u011bla pomoci p\u0159ekonat hospod\u00e1\u0159sk\u00e9 pot\u00ed\u017ee a pos\u00edlit pozici na trhu. V tomto obdob\u00ed se spole\u010dnost zam\u011b\u0159ila na modernizaci v\u00fdroby a roz\u0161\u00ed\u0159en\u00ed sortimentu, co\u017e zahrnovalo i spolupr\u00e1ci s v\u00fdznamn\u00fdmi design\u00e9ry t\u00e9 doby.<\/p>\n\n<p>Thonet nebyl pr\u016fkopn\u00edkem n\u00e1bytku z ocelov\u00fdch trubek, ale poda\u0159ilo se mu z\u00edskat vedouc\u00ed postaven\u00ed v tomto oboru chytr\u00fdmi n\u00e1kupy jin\u00fdch men\u0161\u00edch firem, nap\u0159. Standard M\u00f6bel v Berl\u00edn\u011b od Kalmana a Breuera, kter\u00e1 vyr\u00e1b\u011bla modely navr\u017een\u00e9 Marcelem Breuerem v roce 1929, a Desta ve 30. letech od Breuerova partnera Antona Lorenze.<\/p>\n\n<h4 class=\"wp-block-heading\">1930 &#8211; 1940<\/h4>\n\n<p>Ve 30. letech 20. stolet\u00ed se spole\u010dnost Thonet d\u00e1le rozv\u00edjela, ale z\u00e1rove\u0148 \u010delila nov\u00fdm v\u00fdzv\u00e1m spojen\u00fdm s politick\u00fdmi a hospod\u00e1\u0159sk\u00fdmi zm\u011bnami v Evrop\u011b. B\u011bhem druh\u00e9 sv\u011btov\u00e9 v\u00e1lky byla v\u00fdroba ovlivn\u011bna v\u00e1le\u010dn\u00fdmi ud\u00e1lostmi, kter\u00e9 vedly k omezen\u00ed v\u00fdroby a zm\u011bn\u00e1m ve veden\u00ed spole\u010dnosti. Spole\u010dnost Thonet si p\u0159esto udr\u017eela pov\u011bst v\u00fdrobce kvalitn\u00edho n\u00e1bytku a jej\u00ed v\u00fdrobky byly i nad\u00e1le vyhled\u00e1v\u00e1ny.<\/p>\n\n<p>Ve 30. letech 20. stolet\u00ed Thonet p\u0159edstihl p\u0159edn\u00edho v\u00fdrobce trubkov\u00e9ho n\u00e1bytku L. &amp; C. Arnold ve Schorndorfu u Stuttgartu a stal se l\u00eddrem na trhu.<\/p>\n\n<p>B\u011bhem tohoto obdob\u00ed se spole\u010dnost Thonet sna\u017eila zachovat si sv\u016fj inovativn\u00ed charakter a p\u0159izp\u016fsobit se m\u011bn\u00edc\u00edm se podm\u00ednk\u00e1m na trhu. Jej\u00ed oh\u00fdban\u00fd n\u00e1bytek z\u016fstal obl\u00edben\u00fd a spole\u010dnost se sna\u017eila dr\u017eet krok s modern\u00edm.<\/p>\n","protected":false},"excerpt":{"rendered":"<p>Spole\u010dnost Thonet, zn\u00e1m\u00e1 sv\u00fdm inovativn\u00edm oh\u00fdban\u00fdm n\u00e1bytkem, pro\u0161la v letech 1920 a\u017e 1940 n\u011bkolika v\u00fdznamn\u00fdmi zm\u011bnami a v\u00fdzvami. 1920 &#8211; 1930 Po prvn\u00ed sv\u011btov\u00e9 v\u00e1lce se spole\u010dnost Thonet spojila s b\u00fdval\u00fdmi konkurenty a v roce 1924 byla zalo\u017eena partnersk\u00e1 spole\u010dnost Thonet-Mundus. Tato f\u00faze m\u011bla pomoci p\u0159ekonat hospod\u00e1\u0159sk\u00e9 pot\u00ed\u017ee a pos\u00edlit pozici na trhu. V tomto [&hellip;]<\/p>\n","protected":false},"author":1,"featured_media":0,"parent":0,"menu_order":0,"comment_status":"closed","ping_status":"closed","template":"","meta":{"footnotes":""},"class_list":["post-1824","page","type-page","status-publish","hentry"],"_links":{"self":[{"href":"https:\/\/mid-century-design.com\/cs\/wp-json\/wp\/v2\/pages\/1824","targetHints":{"allow":["GET"]}}],"collection":[{"href":"https:\/\/mid-century-design.com\/cs\/wp-json\/wp\/v2\/pages"}],"about":[{"href":"https:\/\/mid-century-design.com\/cs\/wp-json\/wp\/v2\/types\/page"}],"author":[{"embeddable":true,"href":"https:\/\/mid-century-design.com\/cs\/wp-json\/wp\/v2\/users\/1"}],"replies":[{"embeddable":true,"href":"https:\/\/mid-century-design.com\/cs\/wp-json\/wp\/v2\/comments?post=1824"}],"version-history":[{"count":5,"href":"https:\/\/mid-century-design.com\/cs\/wp-json\/wp\/v2\/pages\/1824\/revisions"}],"predecessor-version":[{"id":1912,"href":"https:\/\/mid-century-design.com\/cs\/wp-json\/wp\/v2\/pages\/1824\/revisions\/1912"}],"wp:attachment":[{"href":"https:\/\/mid-century-design.com\/cs\/wp-json\/wp\/v2\/media?parent=1824"}],"curies":[{"name":"wp","href":"https:\/\/api.w.org\/{rel}","templated":true}]}}