{"id":1776,"date":"2024-09-08T15:19:20","date_gmt":"2024-09-08T13:19:20","guid":{"rendered":"https:\/\/mid-century-design.com\/univerzal-prostejov-2\/"},"modified":"2024-12-17T12:45:37","modified_gmt":"2024-12-17T11:45:37","slug":"univerzal-prostejov-2","status":"publish","type":"page","link":"https:\/\/mid-century-design.com\/cs\/univerzal-prostejov-2\/","title":{"rendered":"Univerzal Prost\u011bjov"},"content":{"rendered":"\n<div class=\"wp-block-group is-layout-flow wp-block-group-is-layout-flow\">\n<p>P\u0159ed prvn\u00ed sv\u011btovou v\u00e1lkou byly byty za\u0159\u00edzeny n\u00e1bytkem, kter\u00fd tvo\u0159il ucelen\u00e9 n\u00e1bytkov\u00e9 sestavy. Byly natolik specifick\u00e9, \u017ee jednotliv\u00e9 kusy nebylo mo\u017en\u00e9 kombinovat s n\u00e1bytkem z jin\u00fdch kolekc\u00ed. Vzhledem k tomu, \u017ee mnoh\u00e9 kusy byly velk\u00e9, nebyl tento druh n\u00e1bytku p\u0159\u00edli\u0161 praktick\u00fd.<\/p>\n\n\n\n<p>Po v\u00e1lce ur\u010dily modern\u00ed architektonick\u00e9 trendy bytov\u00e1 krize a nedostatek n\u00e1bytku pro byty r\u016fzn\u00fdch velikost\u00ed. V n\u00e1vrz\u00edch bytov\u00fdch architekt\u016f a design\u00e9r\u016f n\u00e1bytku p\u0159evl\u00e1dl funkcionalismus, kter\u00fd up\u0159ednostnil funkci p\u0159ed estetikou. Prob\u011bhly prvn\u00ed pokusy o modularitu n\u00e1bytku.<\/p>\n\n\n\n<p>Po druh\u00e9 sv\u011btov\u00e9 v\u00e1lce, se objevily podobn\u00e9 probl\u00e9my, jako po skon\u010den\u00ed prvn\u00ed sv\u011btov\u00e9 v\u00e1lky. Op\u011bt \u0159e\u0161ila bytov\u00e1 krize a nedostatek n\u00e1bytku. Na z\u00e1klad\u011b p\u0159edchoz\u00edho p\u0159edv\u00e1le\u010dn\u00e9ho v\u00fdvoje a v n\u00e1vaznosti na n\u011bj se modul\u00e1rn\u00ed konstrukce stala \u0159e\u0161en\u00edm pro mal\u00e9, st\u0159edn\u00ed i velk\u00e9 byty.<\/p>\n\n\n\n<p>Modul\u00e1rn\u00ed n\u00e1bytek vyr\u00e1b\u011bn\u00fd spole\u010dnost\u00ed Univerzal byl sou\u010d\u00e1st\u00ed pov\u00e1le\u010dn\u00e9 snahy o \u0159e\u0161en\u00ed bytov\u00e9 krize a nedostatku n\u00e1bytku. Jejich sek\u010dn\u00ed n\u00e1bytek byl navr\u017een tak, aby byl praktick\u00fd a modul\u00e1rn\u00ed, co\u017e umo\u017e\u0148uje jeho snadn\u00e9 p\u0159izp\u016fsoben\u00ed r\u016fzn\u00fdm prostor\u016fm a pot\u0159eb\u00e1m.<\/p>\n\n\n\n<p>N\u00e1bytek vyr\u00e1b\u011bn\u00fd touto spole\u010dnost\u00ed byl zn\u00e1m\u00fd sv\u00fdm jednoduch\u00fdm a funk\u010dn\u00edm designem a kvalitn\u00edm masivn\u00edm d\u0159evem, \u010dasto dubov\u00fdm nebo bukov\u00fdm. Tyto materi\u00e1ly byly obl\u00edben\u00e9 pro svou pevnost a odolnost, kter\u00e1 zaji\u0161\u0165ovala dlouhou \u017eivotnost n\u00e1bytku.<\/p>\n\n\n\n<p>Design byl zalo\u017een na \u010dist\u00fdch lini\u00edch a minimalistick\u00e9m vzhledu, kter\u00fd odpov\u00eddal tehdej\u0161\u00edm modernistick\u00fdm trend\u016fm.<\/p>\n<\/div>\n","protected":false},"excerpt":{"rendered":"<p>P\u0159ed prvn\u00ed sv\u011btovou v\u00e1lkou byly byty za\u0159\u00edzeny n\u00e1bytkem, kter\u00fd tvo\u0159il ucelen\u00e9 n\u00e1bytkov\u00e9 sestavy. Byly natolik specifick\u00e9, \u017ee jednotliv\u00e9 kusy nebylo mo\u017en\u00e9 kombinovat s n\u00e1bytkem z jin\u00fdch kolekc\u00ed. Vzhledem k tomu, \u017ee mnoh\u00e9 kusy byly velk\u00e9, nebyl tento druh n\u00e1bytku p\u0159\u00edli\u0161 praktick\u00fd. Po v\u00e1lce ur\u010dily modern\u00ed architektonick\u00e9 trendy bytov\u00e1 krize a nedostatek n\u00e1bytku pro byty r\u016fzn\u00fdch [&hellip;]<\/p>\n","protected":false},"author":1,"featured_media":0,"parent":0,"menu_order":0,"comment_status":"closed","ping_status":"closed","template":"","meta":{"footnotes":""},"class_list":["post-1776","page","type-page","status-publish","hentry"],"_links":{"self":[{"href":"https:\/\/mid-century-design.com\/cs\/wp-json\/wp\/v2\/pages\/1776","targetHints":{"allow":["GET"]}}],"collection":[{"href":"https:\/\/mid-century-design.com\/cs\/wp-json\/wp\/v2\/pages"}],"about":[{"href":"https:\/\/mid-century-design.com\/cs\/wp-json\/wp\/v2\/types\/page"}],"author":[{"embeddable":true,"href":"https:\/\/mid-century-design.com\/cs\/wp-json\/wp\/v2\/users\/1"}],"replies":[{"embeddable":true,"href":"https:\/\/mid-century-design.com\/cs\/wp-json\/wp\/v2\/comments?post=1776"}],"version-history":[{"count":6,"href":"https:\/\/mid-century-design.com\/cs\/wp-json\/wp\/v2\/pages\/1776\/revisions"}],"predecessor-version":[{"id":1916,"href":"https:\/\/mid-century-design.com\/cs\/wp-json\/wp\/v2\/pages\/1776\/revisions\/1916"}],"wp:attachment":[{"href":"https:\/\/mid-century-design.com\/cs\/wp-json\/wp\/v2\/media?parent=1776"}],"curies":[{"name":"wp","href":"https:\/\/api.w.org\/{rel}","templated":true}]}}