{"id":1693,"date":"2024-06-08T14:43:36","date_gmt":"2024-06-08T12:43:36","guid":{"rendered":"https:\/\/mid-century-design.com\/beispiel-seite\/"},"modified":"2025-02-28T17:09:50","modified_gmt":"2025-02-28T16:09:50","slug":"beispiel-seite","status":"publish","type":"page","link":"https:\/\/mid-century-design.com\/cs\/","title":{"rendered":"Mid-century designov\u00fd n\u00e1bytek ze st\u0159edn\u00ed Evropy"},"content":{"rendered":"\n<h2 class=\"wp-block-heading\"><strong>Pro\u010d mid-century?<\/strong><\/h2>\n\n<p>Mid-century n\u00e1bytek tzv. &#8222;zlat\u00e9 \u00e9ry&#8220; bytov\u00e9ho designu je designov\u011b jednoduch\u00fd, p\u016fsobiv\u00fd, a pr\u00e1v\u011b proto je op\u011bt tak obl\u00edben\u00fd.<br\/>Nad\u010dasov\u00fd p\u016fvab mid-century n\u00e1bytku z n\u011bj u\u010dinil vysoce sb\u011bratelsk\u00fd. Jeho nen\u00e1padn\u00e1 kr\u00e1sa, jednoduch\u00e9 linie a uhlazen\u00e9 tvary umo\u017e\u0148uj\u00ed \u00fasp\u011b\u0161n\u011b jej kombinovat s kusy z jin\u00fdch obdob\u00ed.<\/p>\n\n<h2 class=\"wp-block-heading\"><strong>Z\u00e1klady<\/strong><\/h2>\n\n<p>Historick\u00e9 n\u00e1vrhy z 20.-30. let 20. stolet\u00ed, minimalistick\u00fd vzhled trubkov\u00e9ho n\u00e1bytku z oceli a k\u016f\u017ee Miese van der Rohe, ikonick\u00e1 Corbusierova k\u0159esla s kovov\u00fdmi r\u00e1my, grafika Art Deco v\u00edde\u0148sk\u00e9 secese Josefa Hoffmanna, funk\u010dnost Bauhausu se znovu objevily jako n\u00e1padn\u011b sou\u010dasn\u00e9.<br\/>V\u0161echny tyto vlivy aktivn\u011b utv\u00e1\u0159ely osobit\u00fd styl 50. let 20. stolet\u00ed poh\u00e1n\u011bn\u00fd popt\u00e1vkou po p\u0159edm\u011btech, jejich\u017e estetick\u00e9 kvality byly soub\u011b\u017en\u00e9 s jejich funk\u010dn\u00edmi vlastnostmi.<br\/>Renesanci za\u017e\u00edvala i &#8222;understatement&#8220; estetika skandin\u00e1vsk\u00e9ho designu s jeho p\u0159irozen\u00fdmi a \u010dist\u00fdmi liniemi, funkcionalismem a zjednodu\u0161en\u00fdmi formami.<\/p>\n\n<h2 class=\"wp-block-heading\"><strong>V\u00fdvoj<\/strong><\/h2>\n\n<p>Mid-century styl vznikl spojen\u00edm formy a funkce uspokojen\u00edm dobov\u00e9ho vkusu a ekonomick\u00e9 dostupnosti.<br\/>A\u010dkoli ve Francii honosn\u00e9 dekory, kter\u00e9 se objevily ve 20. a 30. letech a byly sponzorov\u00e1ny cenou Beaut\u00e9 de France, na\u0161ly sv\u00e9 pokra\u010dov\u00e1n\u00ed v 50. letech (s v\u00fdjimkou Perrianda, Prouv\u00e9 a Herbsta), p\u0159evl\u00e1dly modernistick\u00e9 n\u00e1vrhy a ikony t\u00e9to doby z\u00e1sluhou tohoto hlavn\u00edho modernistick\u00e9ho proudu.<\/p>\n\n<p>Dnes je mid-century klasika poloviny stolet\u00ed, kter\u00e1 symbolizuje kulturu modernismu, t\u011b\u0161\u00ed o\u017eiven\u00ed a mnoh\u00e9 z nich byly pov\u00fd\u0161eny na kulturn\u00ed artefakty v dne\u0161n\u00edch interi\u00e9rech.<\/p>\n\n<h2 class=\"wp-block-heading\"><strong>A co styly?<\/strong><\/h2>\n\n<p>Pokud jde o styly &#8211; a to plat\u00ed zejm\u00e9na pro mid-century, \u010dasto je ur\u010duje doba. Design p\u0159edm\u011bt\u016f v\u0161ak podl\u00e9h\u00e1 prom\u011bn\u00e1m a zm\u011bn\u00e1m p\u0159edchoz\u00edho trendu, tak\u017ee je obt\u00ed\u017en\u00e9 vysledovat v\u00fdvojov\u00e9 etapy. Jedno k\u0159eslo m\u016f\u017ee b\u00fdt ve stylu art deco, jin\u00e9 o deset let pozd\u011bji ji\u017e ve stylu mid-century a dal\u0161\u00ed kombinuje prvky obou.<\/p>\n\n<p>Proto p\u0159edstavujeme p\u0159edm\u011bty mid-century designu a tak\u00e9 n\u011bkter\u00e9 z doby, kter\u00e1 jej &#8222;ohrani\u010duje&#8220; p\u0159ed a po n\u011bm, tedy 30. a 70. l\u00e9ta 20. stolet\u00ed, a tedy souvislou \u0161k\u00e1lu modernistick\u00e9ho designu.<\/p>\n\n<h2 class=\"wp-block-heading\"><strong>Pro\u010d pr\u00e1v\u011b st\u0159edn\u00ed Evropa?<\/strong><\/h2>\n\n<p>Po boku klasik\u016f modernismu, jako byli Breuer, Corbusier, Stam, Bauhaus, Thonet atd., se ve st\u0159edn\u00ed Evrop\u011b objevily dal\u0161\u00ed v\u00fdznamn\u00e9 design\u00e9rsk\u00e9 a v\u00fdrobn\u00ed kapacity, kter\u00e9 nejen nav\u00e1zaly na st\u00e1vaj\u00edc\u00ed prost\u0159ed\u00ed, ale obohatily je o nov\u00e9 my\u0161lenky a interpretace trend\u016f klasik\u016f.<br\/>Za v\u0161echny jmenujme alespo\u0148 design\u00e9ry Jind\u0159icha Halabalu, J\u00f3zsefa Peresztegiho, Jaroslava \u0160m\u00eddka, Jana Va\u0148ka a v\u00fdrobce TON a UP Z\u00e1vody.<\/p>\n\n<p>P\u0159i v\u00fdb\u011bru designov\u00fdch p\u0159edm\u011bt\u016f jsme se vzhledem k na\u0161im zku\u0161enostem a p\u016fvodu zam\u011b\u0159ili na st\u0159edn\u00ed Evropu (Rakousko, \u010ceskoslovensko, Ma\u010farsko) a zohlednili jsme p\u0159edev\u0161\u00edm jejich um\u011bleckou kvalitu a v neposledn\u00ed \u0159ad\u011b jejich atraktivitu jako sou\u010d\u00e1st modern\u00edho interi\u00e9ru.<\/p>\n\n<h2 class=\"wp-block-heading\"><strong>D\u011bkujeme a p\u0159ejeme p\u0159\u00edjemnou z\u00e1bavu!<\/strong><\/h2>\n","protected":false},"excerpt":{"rendered":"<p>Pro\u010d mid-century? Mid-century n\u00e1bytek tzv. &#8222;zlat\u00e9 \u00e9ry&#8220; bytov\u00e9ho designu je designov\u011b jednoduch\u00fd, p\u016fsobiv\u00fd, a pr\u00e1v\u011b proto je op\u011bt tak obl\u00edben\u00fd.Nad\u010dasov\u00fd p\u016fvab mid-century n\u00e1bytku z n\u011bj u\u010dinil vysoce sb\u011bratelsk\u00fd. Jeho nen\u00e1padn\u00e1 kr\u00e1sa, jednoduch\u00e9 linie a uhlazen\u00e9 tvary umo\u017e\u0148uj\u00ed \u00fasp\u011b\u0161n\u011b jej kombinovat s kusy z jin\u00fdch obdob\u00ed. Z\u00e1klady Historick\u00e9 n\u00e1vrhy z 20.-30. let 20. stolet\u00ed, minimalistick\u00fd vzhled [&hellip;]<\/p>\n","protected":false},"author":1,"featured_media":0,"parent":0,"menu_order":0,"comment_status":"closed","ping_status":"open","template":"","meta":{"footnotes":""},"class_list":["post-1693","page","type-page","status-publish","hentry"],"_links":{"self":[{"href":"https:\/\/mid-century-design.com\/cs\/wp-json\/wp\/v2\/pages\/1693","targetHints":{"allow":["GET"]}}],"collection":[{"href":"https:\/\/mid-century-design.com\/cs\/wp-json\/wp\/v2\/pages"}],"about":[{"href":"https:\/\/mid-century-design.com\/cs\/wp-json\/wp\/v2\/types\/page"}],"author":[{"embeddable":true,"href":"https:\/\/mid-century-design.com\/cs\/wp-json\/wp\/v2\/users\/1"}],"replies":[{"embeddable":true,"href":"https:\/\/mid-century-design.com\/cs\/wp-json\/wp\/v2\/comments?post=1693"}],"version-history":[{"count":12,"href":"https:\/\/mid-century-design.com\/cs\/wp-json\/wp\/v2\/pages\/1693\/revisions"}],"predecessor-version":[{"id":2286,"href":"https:\/\/mid-century-design.com\/cs\/wp-json\/wp\/v2\/pages\/1693\/revisions\/2286"}],"wp:attachment":[{"href":"https:\/\/mid-century-design.com\/cs\/wp-json\/wp\/v2\/media?parent=1693"}],"curies":[{"name":"wp","href":"https:\/\/api.w.org\/{rel}","templated":true}]}}